{"id":320,"date":"2020-05-20T12:45:23","date_gmt":"2020-05-20T12:45:23","guid":{"rendered":"http:\/\/des-art-indigo-verona.ms.decms.eu\/?page_id=320"},"modified":"2026-02-20T13:38:36","modified_gmt":"2026-02-20T13:38:36","slug":"indigo-verona-grand-hotel-des-arts","status":"publish","type":"page","link":"https:\/\/www.indigoverona.com\/fr\/","title":{"rendered":"Indigo Verona &#8211; Grand Hotel Des Arts"},"content":{"rendered":"<p><strong>H\u00f4tel boutique<\/strong> de caract\u00e8re et d\u00e9cid\u00e9ment charmant, \u00e0 quelques pas de la <strong>Porta Nuova<\/strong>, de la <strong>Piazza Bra<\/strong> et de <strong>L\u2019Ar\u00e8ne<\/strong>, <strong>l&rsquo;H\u00f4tel Indigo Verona<\/strong> est la solution parfaite pour le voyageur \u00e0 la recherche d&rsquo;un <strong>emplacement dans une position privil\u00e9gi\u00e9e<\/strong> qui ne l&rsquo;oblige pas \u00e0 transiger sur la qualit\u00e9 de services, de style et de confort.<\/p>\n<p>Il dispose de <strong>62 chambres<\/strong> dans les types <a title=\"Chambres et Suite - Hotel Indigo Verona\" href=\"https:\/\/www.indigoverona.com\/fr\/chambres-et-suite\/\"><strong><u>Standard, Premium et Suite<\/u><\/strong><\/a>, des environnements d&rsquo;inspiration \u00ab\u00a0lyrique\u00a0\u00bb, avec un design raffin\u00e9 et incomparable, 3 <strong><a title=\"Salle de Reunion - Hotel Indigo Verona\" href=\"https:\/\/www.indigoverona.com\/fr\/meeting-events\/salle-de-reunion\/\"><u>salles de r\u00e9union<\/u><\/a> modulables<\/strong> pour les grands et petits \u00e9v\u00e9nements, <strong><u>l&rsquo;<a title=\"Arya Bar &amp; Mixology - Hotel Indigo Verona\" href=\"https:\/\/www.indigoverona.com\/fr\/arya-bar-mixology\/\">Arya Bar &amp; Mixology<\/a><\/u><\/strong> avec ses propositions intrigantes, la pr\u00e9cision du service garanti par les normes de l&rsquo;un des plus grands groupes h\u00f4teliers du monde: ce sont les ingr\u00e9dients qui font de <strong>l&rsquo;H\u00f4tel Indigo Verona<\/strong> une exp\u00e9rience unique et inimitable.<\/p>\n","protected":false},"excerpt":{"rendered":"<p>H\u00f4tel boutique de caract\u00e8re et d\u00e9cid\u00e9ment charmant, \u00e0 quelques pas de la Porta Nuova, de la Piazza Bra et de L\u2019Ar\u00e8ne, l&rsquo;H\u00f4tel Indigo Verona est la solution parfaite pour le voyageur \u00e0 la recherche d&rsquo;un emplacement dans une position privil\u00e9gi\u00e9e qui ne l&rsquo;oblige pas \u00e0 transiger sur la qualit\u00e9 de services, de style et de [&hellip;]<\/p>\n","protected":false},"author":7,"featured_media":0,"parent":0,"menu_order":0,"comment_status":"closed","ping_status":"closed","template":"","meta":{"footnotes":""},"class_list":["post-320","page","type-page","status-publish","hentry"],"yoast_head":"<!-- This site is optimized with the Yoast SEO plugin v26.9 - https:\/\/yoast.com\/product\/yoast-seo-wordpress\/ -->\n<title>Hotel Indigo Verona | Grand Hotel Des Arts 4 \u00c9toiles<\/title>\n<meta name=\"description\" content=\"Le boutique Hotel Indigo Verona 4 \u00e9toiles est situ\u00e9 au centre de V\u00e9rone, pr\u00e8s de l&#039;Ar\u00e8ne et \u00e0 quelques minutes des principaux monuments.\" \/>\n<meta name=\"robots\" content=\"index, follow, max-snippet:-1, max-image-preview:large, max-video-preview:-1\" \/>\n<link rel=\"canonical\" href=\"https:\/\/www.indigoverona.com\/fr\/\" \/>\n<meta property=\"og:locale\" content=\"fr_FR\" \/>\n<meta property=\"og:type\" content=\"article\" \/>\n<meta property=\"og:title\" content=\"Hotel Indigo Verona | Grand Hotel Des Arts 4 \u00c9toiles\" \/>\n<meta property=\"og:description\" content=\"Le boutique Hotel Indigo Verona 4 \u00e9toiles est situ\u00e9 au centre de V\u00e9rone, pr\u00e8s de l&#039;Ar\u00e8ne et \u00e0 quelques minutes des principaux monuments.\" \/>\n<meta property=\"og:url\" content=\"https:\/\/www.indigoverona.com\/fr\/\" \/>\n<meta property=\"og:site_name\" content=\"Hotel Indigo Verona - Grand Hotel Des Arts\" \/>\n<meta property=\"article:modified_time\" content=\"2026-02-20T13:38:36+00:00\" \/>\n<meta name=\"twitter:card\" content=\"summary_large_image\" \/>\n<meta name=\"twitter:label1\" content=\"Dur\u00e9e de lecture estim\u00e9e\" \/>\n\t<meta name=\"twitter:data1\" content=\"1 minute\" \/>\n<script type=\"application\/ld+json\" class=\"yoast-schema-graph\">{\"@context\":\"https:\/\/schema.org\",\"@graph\":[{\"@type\":\"WebPage\",\"@id\":\"https:\/\/www.indigoverona.com\/fr\/\",\"url\":\"https:\/\/www.indigoverona.com\/fr\/\",\"name\":\"Hotel Indigo Verona | Grand Hotel Des Arts 4 \u00c9toiles\",\"isPartOf\":{\"@id\":\"https:\/\/www.indigoverona.com\/fr\/#website\"},\"datePublished\":\"2020-05-20T12:45:23+00:00\",\"dateModified\":\"2026-02-20T13:38:36+00:00\",\"description\":\"Le boutique Hotel Indigo Verona 4 \u00e9toiles est situ\u00e9 au centre de V\u00e9rone, pr\u00e8s de l'Ar\u00e8ne et \u00e0 quelques minutes des principaux monuments.\",\"breadcrumb\":{\"@id\":\"https:\/\/www.indigoverona.com\/fr\/#breadcrumb\"},\"inLanguage\":\"fr-FR\",\"potentialAction\":[{\"@type\":\"ReadAction\",\"target\":[\"https:\/\/www.indigoverona.com\/fr\/\"]}]},{\"@type\":\"BreadcrumbList\",\"@id\":\"https:\/\/www.indigoverona.com\/fr\/#breadcrumb\",\"itemListElement\":[{\"@type\":\"ListItem\",\"position\":1,\"name\":\"Home\",\"item\":\"https:\/\/www.indigoverona.com\/fr\/\"},{\"@type\":\"ListItem\",\"position\":2,\"name\":\"Indigo Verona &#8211; Grand Hotel Des Arts\"}]},{\"@type\":\"WebSite\",\"@id\":\"https:\/\/www.indigoverona.com\/fr\/#website\",\"url\":\"https:\/\/www.indigoverona.com\/fr\/\",\"name\":\"Hotel Indigo Verona - Grand Hotel Des Arts\",\"description\":\"Just another ms.decms.eu site\",\"potentialAction\":[{\"@type\":\"SearchAction\",\"target\":{\"@type\":\"EntryPoint\",\"urlTemplate\":\"https:\/\/www.indigoverona.com\/fr\/?s={search_term_string}\"},\"query-input\":{\"@type\":\"PropertyValueSpecification\",\"valueRequired\":true,\"valueName\":\"search_term_string\"}}],\"inLanguage\":\"fr-FR\"}]}<\/script>\n<!-- \/ Yoast SEO plugin. -->","yoast_head_json":{"title":"Hotel Indigo Verona | Grand Hotel Des Arts 4 \u00c9toiles","description":"Le boutique Hotel Indigo Verona 4 \u00e9toiles est situ\u00e9 au centre de V\u00e9rone, pr\u00e8s de l'Ar\u00e8ne et \u00e0 quelques minutes des principaux monuments.","robots":{"index":"index","follow":"follow","max-snippet":"max-snippet:-1","max-image-preview":"max-image-preview:large","max-video-preview":"max-video-preview:-1"},"canonical":"https:\/\/www.indigoverona.com\/fr\/","og_locale":"fr_FR","og_type":"article","og_title":"Hotel Indigo Verona | Grand Hotel Des Arts 4 \u00c9toiles","og_description":"Le boutique Hotel Indigo Verona 4 \u00e9toiles est situ\u00e9 au centre de V\u00e9rone, pr\u00e8s de l'Ar\u00e8ne et \u00e0 quelques minutes des principaux monuments.","og_url":"https:\/\/www.indigoverona.com\/fr\/","og_site_name":"Hotel Indigo Verona - Grand Hotel Des Arts","article_modified_time":"2026-02-20T13:38:36+00:00","twitter_card":"summary_large_image","twitter_misc":{"Dur\u00e9e de lecture estim\u00e9e":"1 minute"},"schema":{"@context":"https:\/\/schema.org","@graph":[{"@type":"WebPage","@id":"https:\/\/www.indigoverona.com\/fr\/","url":"https:\/\/www.indigoverona.com\/fr\/","name":"Hotel Indigo Verona | Grand Hotel Des Arts 4 \u00c9toiles","isPartOf":{"@id":"https:\/\/www.indigoverona.com\/fr\/#website"},"datePublished":"2020-05-20T12:45:23+00:00","dateModified":"2026-02-20T13:38:36+00:00","description":"Le boutique Hotel Indigo Verona 4 \u00e9toiles est situ\u00e9 au centre de V\u00e9rone, pr\u00e8s de l'Ar\u00e8ne et \u00e0 quelques minutes des principaux monuments.","breadcrumb":{"@id":"https:\/\/www.indigoverona.com\/fr\/#breadcrumb"},"inLanguage":"fr-FR","potentialAction":[{"@type":"ReadAction","target":["https:\/\/www.indigoverona.com\/fr\/"]}]},{"@type":"BreadcrumbList","@id":"https:\/\/www.indigoverona.com\/fr\/#breadcrumb","itemListElement":[{"@type":"ListItem","position":1,"name":"Home","item":"https:\/\/www.indigoverona.com\/fr\/"},{"@type":"ListItem","position":2,"name":"Indigo Verona &#8211; Grand Hotel Des Arts"}]},{"@type":"WebSite","@id":"https:\/\/www.indigoverona.com\/fr\/#website","url":"https:\/\/www.indigoverona.com\/fr\/","name":"Hotel Indigo Verona - Grand Hotel Des Arts","description":"Just another ms.decms.eu site","potentialAction":[{"@type":"SearchAction","target":{"@type":"EntryPoint","urlTemplate":"https:\/\/www.indigoverona.com\/fr\/?s={search_term_string}"},"query-input":{"@type":"PropertyValueSpecification","valueRequired":true,"valueName":"search_term_string"}}],"inLanguage":"fr-FR"}]}},"acf":[],"_links":{"self":[{"href":"https:\/\/www.indigoverona.com\/fr\/wp-json\/wp\/v2\/pages\/320","targetHints":{"allow":["GET"]}}],"collection":[{"href":"https:\/\/www.indigoverona.com\/fr\/wp-json\/wp\/v2\/pages"}],"about":[{"href":"https:\/\/www.indigoverona.com\/fr\/wp-json\/wp\/v2\/types\/page"}],"author":[{"embeddable":true,"href":"https:\/\/www.indigoverona.com\/fr\/wp-json\/wp\/v2\/users\/7"}],"replies":[{"embeddable":true,"href":"https:\/\/www.indigoverona.com\/fr\/wp-json\/wp\/v2\/comments?post=320"}],"version-history":[{"count":0,"href":"https:\/\/www.indigoverona.com\/fr\/wp-json\/wp\/v2\/pages\/320\/revisions"}],"wp:attachment":[{"href":"https:\/\/www.indigoverona.com\/fr\/wp-json\/wp\/v2\/media?parent=320"}],"curies":[{"name":"wp","href":"https:\/\/api.w.org\/{rel}","templated":true}]}}