{"id":596,"date":"2020-05-11T13:10:04","date_gmt":"2020-05-11T13:10:04","guid":{"rendered":"https:\/\/www.indigoverona.com\/the-hotel\/"},"modified":"2025-07-11T10:21:12","modified_gmt":"2025-07-11T10:21:12","slug":"hotel","status":"publish","type":"page","link":"https:\/\/www.indigoverona.com\/fr\/hotel\/","title":{"rendered":"H\u00f4tel"},"content":{"rendered":"<p>Situ\u00e9 sur <strong>Corso Porta Nuova<\/strong>, loin du chaos de la ville mais suffisamment proche pour repr\u00e9senter un point de d\u00e9part privil\u00e9gi\u00e9 pour vos d\u00e9placements vers le centre-ville ainsi que dans les environs, l&rsquo;h\u00f4tel dispose de <strong>62 chambres<\/strong>, enti\u00e8rement r\u00e9nov\u00e9es en mobilier et design, qui repr\u00e9sentent le choix id\u00e9al pour le voyageur \u00e0 la recherche du meilleur compromis entre praticit\u00e9, hospitalit\u00e9 et raffinement.<\/p>\n<p>Disponibles en versions <a title=\"Chambres Standard - Hotel Indigo Verona\" href=\"https:\/\/www.indigoverona.com\/fr\/chambres-et-suite\/chambre-standard\/\"><strong><u>Standard<\/u><\/strong><\/a>, <a title=\"Chambres Premium - Hotel Indigo Verona\" href=\"https:\/\/www.indigoverona.com\/fr\/chambres-et-suite\/chambres-premium\/\"><strong><u>Premium<\/u><\/strong><\/a> ou <a title=\"Suite - Hotel Indigo Verona\" href=\"https:\/\/www.indigoverona.com\/fr\/chambres-et-suite\/suite\/\"><strong><u>Suite<\/u><\/strong><\/a>, les chambres sont toutes non-fumeurs, \u00e9quip\u00e9es d&rsquo;une salle de bain priv\u00e9e de style SPA, de lits confortables et d&rsquo;une vue privil\u00e9gi\u00e9e sur la ville ou le jardin int\u00e9rieur.<\/p>\n<p>Prenez un peu de temps dans l&rsquo;atmosph\u00e8re paisible et relaxante de <strong>l&rsquo;H\u00f4tel Indigo Verona &#8211; Grand H\u00f4tel des Arts<\/strong>: ce sera une exp\u00e9rience inoubliable!<\/p>\n","protected":false},"excerpt":{"rendered":"<p>Situ\u00e9 sur Corso Porta Nuova, loin du chaos de la ville mais suffisamment proche pour repr\u00e9senter un point de d\u00e9part privil\u00e9gi\u00e9 pour vos d\u00e9placements vers le centre-ville ainsi que dans les environs, l&rsquo;h\u00f4tel dispose de 62 chambres, enti\u00e8rement r\u00e9nov\u00e9es en mobilier et design, qui repr\u00e9sentent le choix id\u00e9al pour le voyageur \u00e0 la recherche du [&hellip;]<\/p>\n","protected":false},"author":7,"featured_media":0,"parent":0,"menu_order":1,"comment_status":"closed","ping_status":"closed","template":"","meta":{"footnotes":""},"class_list":["post-596","page","type-page","status-publish","hentry"],"yoast_head":"<!-- This site is optimized with the Yoast SEO plugin v26.9 - https:\/\/yoast.com\/product\/yoast-seo-wordpress\/ -->\n<title>Chambres, services, offres | Hotel Boutique Indigo Verona<\/title>\n<meta name=\"description\" content=\"L&#039;hotel Indigo Verona, au c\u0153ur de la ville, propose des chambres, des services et des offres personnalis\u00e9es pour tous. D\u00e9couvrez nos chambres !\" \/>\n<meta name=\"robots\" content=\"index, follow, max-snippet:-1, max-image-preview:large, max-video-preview:-1\" \/>\n<link rel=\"canonical\" href=\"https:\/\/www.indigoverona.com\/fr\/hotel\/\" \/>\n<meta property=\"og:locale\" content=\"fr_FR\" \/>\n<meta property=\"og:type\" content=\"article\" \/>\n<meta property=\"og:title\" content=\"Chambres, services, offres | Hotel Boutique Indigo Verona\" \/>\n<meta property=\"og:description\" content=\"L&#039;hotel Indigo Verona, au c\u0153ur de la ville, propose des chambres, des services et des offres personnalis\u00e9es pour tous. D\u00e9couvrez nos chambres !\" \/>\n<meta property=\"og:url\" content=\"https:\/\/www.indigoverona.com\/fr\/hotel\/\" \/>\n<meta property=\"og:site_name\" content=\"Hotel Indigo Verona - Grand Hotel Des Arts\" \/>\n<meta property=\"article:modified_time\" content=\"2025-07-11T10:21:12+00:00\" \/>\n<meta name=\"twitter:card\" content=\"summary_large_image\" \/>\n<meta name=\"twitter:label1\" content=\"Dur\u00e9e de lecture estim\u00e9e\" \/>\n\t<meta name=\"twitter:data1\" content=\"1 minute\" \/>\n<script type=\"application\/ld+json\" class=\"yoast-schema-graph\">{\"@context\":\"https:\/\/schema.org\",\"@graph\":[{\"@type\":\"WebPage\",\"@id\":\"https:\/\/www.indigoverona.com\/fr\/hotel\/\",\"url\":\"https:\/\/www.indigoverona.com\/fr\/hotel\/\",\"name\":\"Chambres, services, offres | Hotel Boutique Indigo Verona\",\"isPartOf\":{\"@id\":\"https:\/\/www.indigoverona.com\/fr\/#website\"},\"datePublished\":\"2020-05-11T13:10:04+00:00\",\"dateModified\":\"2025-07-11T10:21:12+00:00\",\"description\":\"L'hotel Indigo Verona, au c\u0153ur de la ville, propose des chambres, des services et des offres personnalis\u00e9es pour tous. D\u00e9couvrez nos chambres !\",\"breadcrumb\":{\"@id\":\"https:\/\/www.indigoverona.com\/fr\/hotel\/#breadcrumb\"},\"inLanguage\":\"fr-FR\",\"potentialAction\":[{\"@type\":\"ReadAction\",\"target\":[\"https:\/\/www.indigoverona.com\/fr\/hotel\/\"]}]},{\"@type\":\"BreadcrumbList\",\"@id\":\"https:\/\/www.indigoverona.com\/fr\/hotel\/#breadcrumb\",\"itemListElement\":[{\"@type\":\"ListItem\",\"position\":1,\"name\":\"Home\",\"item\":\"https:\/\/www.indigoverona.com\/fr\/\"},{\"@type\":\"ListItem\",\"position\":2,\"name\":\"H\u00f4tel\"}]},{\"@type\":\"WebSite\",\"@id\":\"https:\/\/www.indigoverona.com\/fr\/#website\",\"url\":\"https:\/\/www.indigoverona.com\/fr\/\",\"name\":\"Hotel Indigo Verona - Grand Hotel Des Arts\",\"description\":\"Just another ms.decms.eu site\",\"potentialAction\":[{\"@type\":\"SearchAction\",\"target\":{\"@type\":\"EntryPoint\",\"urlTemplate\":\"https:\/\/www.indigoverona.com\/fr\/?s={search_term_string}\"},\"query-input\":{\"@type\":\"PropertyValueSpecification\",\"valueRequired\":true,\"valueName\":\"search_term_string\"}}],\"inLanguage\":\"fr-FR\"}]}<\/script>\n<!-- \/ Yoast SEO plugin. -->","yoast_head_json":{"title":"Chambres, services, offres | Hotel Boutique Indigo Verona","description":"L'hotel Indigo Verona, au c\u0153ur de la ville, propose des chambres, des services et des offres personnalis\u00e9es pour tous. D\u00e9couvrez nos chambres !","robots":{"index":"index","follow":"follow","max-snippet":"max-snippet:-1","max-image-preview":"max-image-preview:large","max-video-preview":"max-video-preview:-1"},"canonical":"https:\/\/www.indigoverona.com\/fr\/hotel\/","og_locale":"fr_FR","og_type":"article","og_title":"Chambres, services, offres | Hotel Boutique Indigo Verona","og_description":"L'hotel Indigo Verona, au c\u0153ur de la ville, propose des chambres, des services et des offres personnalis\u00e9es pour tous. D\u00e9couvrez nos chambres !","og_url":"https:\/\/www.indigoverona.com\/fr\/hotel\/","og_site_name":"Hotel Indigo Verona - Grand Hotel Des Arts","article_modified_time":"2025-07-11T10:21:12+00:00","twitter_card":"summary_large_image","twitter_misc":{"Dur\u00e9e de lecture estim\u00e9e":"1 minute"},"schema":{"@context":"https:\/\/schema.org","@graph":[{"@type":"WebPage","@id":"https:\/\/www.indigoverona.com\/fr\/hotel\/","url":"https:\/\/www.indigoverona.com\/fr\/hotel\/","name":"Chambres, services, offres | Hotel Boutique Indigo Verona","isPartOf":{"@id":"https:\/\/www.indigoverona.com\/fr\/#website"},"datePublished":"2020-05-11T13:10:04+00:00","dateModified":"2025-07-11T10:21:12+00:00","description":"L'hotel Indigo Verona, au c\u0153ur de la ville, propose des chambres, des services et des offres personnalis\u00e9es pour tous. D\u00e9couvrez nos chambres !","breadcrumb":{"@id":"https:\/\/www.indigoverona.com\/fr\/hotel\/#breadcrumb"},"inLanguage":"fr-FR","potentialAction":[{"@type":"ReadAction","target":["https:\/\/www.indigoverona.com\/fr\/hotel\/"]}]},{"@type":"BreadcrumbList","@id":"https:\/\/www.indigoverona.com\/fr\/hotel\/#breadcrumb","itemListElement":[{"@type":"ListItem","position":1,"name":"Home","item":"https:\/\/www.indigoverona.com\/fr\/"},{"@type":"ListItem","position":2,"name":"H\u00f4tel"}]},{"@type":"WebSite","@id":"https:\/\/www.indigoverona.com\/fr\/#website","url":"https:\/\/www.indigoverona.com\/fr\/","name":"Hotel Indigo Verona - Grand Hotel Des Arts","description":"Just another ms.decms.eu site","potentialAction":[{"@type":"SearchAction","target":{"@type":"EntryPoint","urlTemplate":"https:\/\/www.indigoverona.com\/fr\/?s={search_term_string}"},"query-input":{"@type":"PropertyValueSpecification","valueRequired":true,"valueName":"search_term_string"}}],"inLanguage":"fr-FR"}]}},"acf":[],"_links":{"self":[{"href":"https:\/\/www.indigoverona.com\/fr\/wp-json\/wp\/v2\/pages\/596","targetHints":{"allow":["GET"]}}],"collection":[{"href":"https:\/\/www.indigoverona.com\/fr\/wp-json\/wp\/v2\/pages"}],"about":[{"href":"https:\/\/www.indigoverona.com\/fr\/wp-json\/wp\/v2\/types\/page"}],"author":[{"embeddable":true,"href":"https:\/\/www.indigoverona.com\/fr\/wp-json\/wp\/v2\/users\/7"}],"replies":[{"embeddable":true,"href":"https:\/\/www.indigoverona.com\/fr\/wp-json\/wp\/v2\/comments?post=596"}],"version-history":[{"count":0,"href":"https:\/\/www.indigoverona.com\/fr\/wp-json\/wp\/v2\/pages\/596\/revisions"}],"wp:attachment":[{"href":"https:\/\/www.indigoverona.com\/fr\/wp-json\/wp\/v2\/media?parent=596"}],"curies":[{"name":"wp","href":"https:\/\/api.w.org\/{rel}","templated":true}]}}