{"id":606,"date":"2020-07-22T08:36:40","date_gmt":"2020-07-22T08:36:40","guid":{"rendered":"https:\/\/www.indigoverona.com\/?page_id=606"},"modified":"2025-05-26T10:16:52","modified_gmt":"2025-05-26T10:16:52","slug":"les-environnements","status":"publish","type":"page","link":"https:\/\/www.indigoverona.com\/fr\/hotel\/les-environnements\/","title":{"rendered":"Les Environnements"},"content":{"rendered":"<p>R\u00e9cemment, il a \u00e9t\u00e9 le protagoniste d&rsquo;une remise en forme qui a renouvel\u00e9 ses environnements en laissant intacte l&rsquo;atmosph\u00e8re raffin\u00e9e qui le p\u00e9n\u00e8tre, l&rsquo;h\u00f4tel dispose de <strong><a title=\"Chambres et Suite - Hotel Indigo Verona\" href=\"https:\/\/www.indigoverona.com\/fr\/chambres-et-suite\/\"><u>62 chambres<\/u><\/a> de diff\u00e9rents types, <a title=\"Salle de Reunion - Hotel Indigo Verona\" href=\"https:\/\/www.indigoverona.com\/fr\/meeting-events\/salle-de-reunion\/\"><u>3 salles de r\u00e9union<\/u><\/a> modulables, <a title=\"Arya Bar &amp; Mixology - Hotel Indigo Verona\" href=\"https:\/\/www.indigoverona.com\/fr\/arya-bar-mixology\/\"><u>l&rsquo;Arya Bar &amp; Mixology<\/u><\/a>, un <a title=\"Jardin Int\u00e9rieur- Hotel Indigo Verona\" href=\"https:\/\/www.indigoverona.com\/fr\/hotel\/le-jardin-interieur\/\"><u>jardin priv\u00e9<\/u><\/a> avec solarium<\/strong>, terrasse et espaces \u00e9quip\u00e9s des services les plus adapt\u00e9s pour satisfaire les besoins des clients les plus exigeants.<\/p>\n<p>Les tons de sauge et de vert, les gris lumineux, les finitions raffin\u00e9es des pi\u00e8ces, stimulent la concentration et donnent la s\u00e9r\u00e9nit\u00e9: juste l&rsquo;ambiance dont vous avez besoin pour faire face aux engagements de chaque jour, que ce soit pour le travail ou les loisirs.<\/p>\n<p>Pour vous tenir compagnie pendant votre s\u00e9jour, avec leur pr\u00e9sence discr\u00e8te et \u00e9vocatrice, <strong>les oeuvres d&rsquo;art<\/strong> qui \u00ab\u00a0s&rsquo;arr\u00eatent\u00a0\u00bb, pensant en toute intimit\u00e9, dans les parties communes de l&rsquo;h\u00f4tel. Dans le hall, \u00e0 c\u00f4t\u00e9 de la r\u00e9ception, au bar &#8230; vous ne serez jamais seul ni ennuy\u00e9. Il y aura toujours une inspiration cr\u00e9ative pour vous inspirer!<\/p>\n","protected":false},"excerpt":{"rendered":"<p>R\u00e9cemment, il a \u00e9t\u00e9 le protagoniste d&rsquo;une remise en forme qui a renouvel\u00e9 ses environnements en laissant intacte l&rsquo;atmosph\u00e8re raffin\u00e9e qui le p\u00e9n\u00e8tre, l&rsquo;h\u00f4tel dispose de 62 chambres de diff\u00e9rents types, 3 salles de r\u00e9union modulables, l&rsquo;Arya Bar &amp; Mixology, un jardin priv\u00e9 avec solarium, terrasse et espaces \u00e9quip\u00e9s des services les plus adapt\u00e9s pour [&hellip;]<\/p>\n","protected":false},"author":7,"featured_media":0,"parent":596,"menu_order":2,"comment_status":"closed","ping_status":"closed","template":"","meta":{"footnotes":""},"class_list":["post-606","page","type-page","status-publish","hentry"],"yoast_head":"<!-- This site is optimized with the Yoast SEO plugin v26.9 - https:\/\/yoast.com\/product\/yoast-seo-wordpress\/ -->\n<title>Espaces du boutique Hotel 4 \u00c9toiles Verona | H\u00f4tel Indigo<\/title>\n<meta name=\"description\" content=\"L&#039;\u00e9l\u00e9gant Hotel des Arts compte ddes salles avec peintures et sculptures. D\u00e9couvrez les chambres, suites, salle de r\u00e9union et bar.\" \/>\n<meta name=\"robots\" content=\"index, follow, max-snippet:-1, max-image-preview:large, max-video-preview:-1\" \/>\n<link rel=\"canonical\" href=\"https:\/\/www.indigoverona.com\/fr\/hotel\/les-environnements\/\" \/>\n<meta property=\"og:locale\" content=\"fr_FR\" \/>\n<meta property=\"og:type\" content=\"article\" \/>\n<meta property=\"og:title\" content=\"Espaces du boutique Hotel 4 \u00c9toiles Verona | H\u00f4tel Indigo\" \/>\n<meta property=\"og:description\" content=\"L&#039;\u00e9l\u00e9gant Hotel des Arts compte ddes salles avec peintures et sculptures. D\u00e9couvrez les chambres, suites, salle de r\u00e9union et bar.\" \/>\n<meta property=\"og:url\" content=\"https:\/\/www.indigoverona.com\/fr\/hotel\/les-environnements\/\" \/>\n<meta property=\"og:site_name\" content=\"Hotel Indigo Verona - Grand Hotel Des Arts\" \/>\n<meta property=\"article:modified_time\" content=\"2025-05-26T10:16:52+00:00\" \/>\n<meta name=\"twitter:card\" content=\"summary_large_image\" \/>\n<meta name=\"twitter:label1\" content=\"Dur\u00e9e de lecture estim\u00e9e\" \/>\n\t<meta name=\"twitter:data1\" content=\"1 minute\" \/>\n<script type=\"application\/ld+json\" class=\"yoast-schema-graph\">{\"@context\":\"https:\/\/schema.org\",\"@graph\":[{\"@type\":\"WebPage\",\"@id\":\"https:\/\/www.indigoverona.com\/fr\/hotel\/les-environnements\/\",\"url\":\"https:\/\/www.indigoverona.com\/fr\/hotel\/les-environnements\/\",\"name\":\"Espaces du boutique Hotel 4 \u00c9toiles Verona | H\u00f4tel Indigo\",\"isPartOf\":{\"@id\":\"https:\/\/www.indigoverona.com\/fr\/#website\"},\"datePublished\":\"2020-07-22T08:36:40+00:00\",\"dateModified\":\"2025-05-26T10:16:52+00:00\",\"description\":\"L'\u00e9l\u00e9gant Hotel des Arts compte ddes salles avec peintures et sculptures. D\u00e9couvrez les chambres, suites, salle de r\u00e9union et bar.\",\"breadcrumb\":{\"@id\":\"https:\/\/www.indigoverona.com\/fr\/hotel\/les-environnements\/#breadcrumb\"},\"inLanguage\":\"fr-FR\",\"potentialAction\":[{\"@type\":\"ReadAction\",\"target\":[\"https:\/\/www.indigoverona.com\/fr\/hotel\/les-environnements\/\"]}]},{\"@type\":\"BreadcrumbList\",\"@id\":\"https:\/\/www.indigoverona.com\/fr\/hotel\/les-environnements\/#breadcrumb\",\"itemListElement\":[{\"@type\":\"ListItem\",\"position\":1,\"name\":\"Home\",\"item\":\"https:\/\/www.indigoverona.com\/fr\/\"},{\"@type\":\"ListItem\",\"position\":2,\"name\":\"H\u00f4tel\",\"item\":\"https:\/\/www.indigoverona.com\/fr\/hotel\/\"},{\"@type\":\"ListItem\",\"position\":3,\"name\":\"Les Environnements\"}]},{\"@type\":\"WebSite\",\"@id\":\"https:\/\/www.indigoverona.com\/fr\/#website\",\"url\":\"https:\/\/www.indigoverona.com\/fr\/\",\"name\":\"Hotel Indigo Verona - Grand Hotel Des Arts\",\"description\":\"Just another ms.decms.eu site\",\"potentialAction\":[{\"@type\":\"SearchAction\",\"target\":{\"@type\":\"EntryPoint\",\"urlTemplate\":\"https:\/\/www.indigoverona.com\/fr\/?s={search_term_string}\"},\"query-input\":{\"@type\":\"PropertyValueSpecification\",\"valueRequired\":true,\"valueName\":\"search_term_string\"}}],\"inLanguage\":\"fr-FR\"}]}<\/script>\n<!-- \/ Yoast SEO plugin. -->","yoast_head_json":{"title":"Espaces du boutique Hotel 4 \u00c9toiles Verona | H\u00f4tel Indigo","description":"L'\u00e9l\u00e9gant Hotel des Arts compte ddes salles avec peintures et sculptures. D\u00e9couvrez les chambres, suites, salle de r\u00e9union et bar.","robots":{"index":"index","follow":"follow","max-snippet":"max-snippet:-1","max-image-preview":"max-image-preview:large","max-video-preview":"max-video-preview:-1"},"canonical":"https:\/\/www.indigoverona.com\/fr\/hotel\/les-environnements\/","og_locale":"fr_FR","og_type":"article","og_title":"Espaces du boutique Hotel 4 \u00c9toiles Verona | H\u00f4tel Indigo","og_description":"L'\u00e9l\u00e9gant Hotel des Arts compte ddes salles avec peintures et sculptures. D\u00e9couvrez les chambres, suites, salle de r\u00e9union et bar.","og_url":"https:\/\/www.indigoverona.com\/fr\/hotel\/les-environnements\/","og_site_name":"Hotel Indigo Verona - Grand Hotel Des Arts","article_modified_time":"2025-05-26T10:16:52+00:00","twitter_card":"summary_large_image","twitter_misc":{"Dur\u00e9e de lecture estim\u00e9e":"1 minute"},"schema":{"@context":"https:\/\/schema.org","@graph":[{"@type":"WebPage","@id":"https:\/\/www.indigoverona.com\/fr\/hotel\/les-environnements\/","url":"https:\/\/www.indigoverona.com\/fr\/hotel\/les-environnements\/","name":"Espaces du boutique Hotel 4 \u00c9toiles Verona | H\u00f4tel Indigo","isPartOf":{"@id":"https:\/\/www.indigoverona.com\/fr\/#website"},"datePublished":"2020-07-22T08:36:40+00:00","dateModified":"2025-05-26T10:16:52+00:00","description":"L'\u00e9l\u00e9gant Hotel des Arts compte ddes salles avec peintures et sculptures. D\u00e9couvrez les chambres, suites, salle de r\u00e9union et bar.","breadcrumb":{"@id":"https:\/\/www.indigoverona.com\/fr\/hotel\/les-environnements\/#breadcrumb"},"inLanguage":"fr-FR","potentialAction":[{"@type":"ReadAction","target":["https:\/\/www.indigoverona.com\/fr\/hotel\/les-environnements\/"]}]},{"@type":"BreadcrumbList","@id":"https:\/\/www.indigoverona.com\/fr\/hotel\/les-environnements\/#breadcrumb","itemListElement":[{"@type":"ListItem","position":1,"name":"Home","item":"https:\/\/www.indigoverona.com\/fr\/"},{"@type":"ListItem","position":2,"name":"H\u00f4tel","item":"https:\/\/www.indigoverona.com\/fr\/hotel\/"},{"@type":"ListItem","position":3,"name":"Les Environnements"}]},{"@type":"WebSite","@id":"https:\/\/www.indigoverona.com\/fr\/#website","url":"https:\/\/www.indigoverona.com\/fr\/","name":"Hotel Indigo Verona - Grand Hotel Des Arts","description":"Just another ms.decms.eu site","potentialAction":[{"@type":"SearchAction","target":{"@type":"EntryPoint","urlTemplate":"https:\/\/www.indigoverona.com\/fr\/?s={search_term_string}"},"query-input":{"@type":"PropertyValueSpecification","valueRequired":true,"valueName":"search_term_string"}}],"inLanguage":"fr-FR"}]}},"acf":[],"_links":{"self":[{"href":"https:\/\/www.indigoverona.com\/fr\/wp-json\/wp\/v2\/pages\/606","targetHints":{"allow":["GET"]}}],"collection":[{"href":"https:\/\/www.indigoverona.com\/fr\/wp-json\/wp\/v2\/pages"}],"about":[{"href":"https:\/\/www.indigoverona.com\/fr\/wp-json\/wp\/v2\/types\/page"}],"author":[{"embeddable":true,"href":"https:\/\/www.indigoverona.com\/fr\/wp-json\/wp\/v2\/users\/7"}],"replies":[{"embeddable":true,"href":"https:\/\/www.indigoverona.com\/fr\/wp-json\/wp\/v2\/comments?post=606"}],"version-history":[{"count":0,"href":"https:\/\/www.indigoverona.com\/fr\/wp-json\/wp\/v2\/pages\/606\/revisions"}],"up":[{"embeddable":true,"href":"https:\/\/www.indigoverona.com\/fr\/wp-json\/wp\/v2\/pages\/596"}],"wp:attachment":[{"href":"https:\/\/www.indigoverona.com\/fr\/wp-json\/wp\/v2\/media?parent=606"}],"curies":[{"name":"wp","href":"https:\/\/api.w.org\/{rel}","templated":true}]}}