{"id":611,"date":"2020-07-22T09:26:44","date_gmt":"2020-07-22T09:26:44","guid":{"rendered":"https:\/\/www.indigoverona.com\/?page_id=611"},"modified":"2025-08-18T11:04:35","modified_gmt":"2025-08-18T11:04:35","slug":"le-jardin-interieur","status":"publish","type":"page","link":"https:\/\/www.indigoverona.com\/fr\/hotel\/le-jardin-interieur\/","title":{"rendered":"Le Jardin Int\u00e9rieur"},"content":{"rendered":"<p>Une occasion rare de m\u00e9ditation, \u00e0 quelques pas du centre ville.<\/p>\n<p>Si le temps devient beau, accordez-vous le luxe de vous promener dans notre jardin int\u00e9rieur, de vous d\u00e9tendre dans le <strong>solarium<\/strong> ou de vous asseoir quelques minutes, en sirotant peut-\u00eatre l&rsquo;un des d\u00e9licieux cocktails de notre <a title=\"Arya Bar &amp; Mixology - Hotel Indigo Verona\" href=\"https:\/\/www.indigoverona.com\/fr\/arya-bar-mixology\/\"><strong><u>Arya Bar &amp; Mixology<\/u><\/strong><\/a>. Pour vous tenir compagnie dans l&rsquo;atmosph\u00e8re calme et m\u00e9ditative du <strong>patio<\/strong>, il y aura le bruissement musical des feuilles et des \u0153uvres d&rsquo;art qui appr\u00e9cient ici, sans \u00eatre d\u00e9rang\u00e9es, les vacances.<\/p>\n<p>Meubl\u00e9 de jolies tables, transats et parasols, notre jardin int\u00e9rieur offre une occasion unique de <strong>se d\u00e9tendre au soleil<\/strong>: un coin de tranquillit\u00e9, \u00e0 l&rsquo;abri du chaos et de la fr\u00e9n\u00e9sie de la ville, o\u00f9 vous pourrez passer des apr\u00e8s-midi paresseux au soleil et des moments de d\u00e9tente.<\/p>\n","protected":false},"excerpt":{"rendered":"<p>Une occasion rare de m\u00e9ditation, \u00e0 quelques pas du centre ville. Si le temps devient beau, accordez-vous le luxe de vous promener dans notre jardin int\u00e9rieur, de vous d\u00e9tendre dans le solarium ou de vous asseoir quelques minutes, en sirotant peut-\u00eatre l&rsquo;un des d\u00e9licieux cocktails de notre Arya Bar &amp; Mixology. Pour vous tenir compagnie [&hellip;]<\/p>\n","protected":false},"author":7,"featured_media":0,"parent":596,"menu_order":3,"comment_status":"closed","ping_status":"closed","template":"","meta":{"footnotes":""},"class_list":["post-611","page","type-page","status-publish","hentry"],"yoast_head":"<!-- This site is optimized with the Yoast SEO plugin v26.9 - https:\/\/yoast.com\/product\/yoast-seo-wordpress\/ -->\n<title>Jardin Int\u00e9rieur | Hotel Indigo Grand des Arts Verona<\/title>\n<meta name=\"description\" content=\"Le boutique hotel Indigo Verona abrite un jardin int\u00e9rieur romantique avec canap\u00e9s confortables, chaises longues et tables basses.\" \/>\n<meta name=\"robots\" content=\"index, follow, max-snippet:-1, max-image-preview:large, max-video-preview:-1\" \/>\n<link rel=\"canonical\" href=\"https:\/\/www.indigoverona.com\/fr\/hotel\/le-jardin-interieur\/\" \/>\n<meta property=\"og:locale\" content=\"fr_FR\" \/>\n<meta property=\"og:type\" content=\"article\" \/>\n<meta property=\"og:title\" content=\"Jardin Int\u00e9rieur | Hotel Indigo Grand des Arts Verona\" \/>\n<meta property=\"og:description\" content=\"Le boutique hotel Indigo Verona abrite un jardin int\u00e9rieur romantique avec canap\u00e9s confortables, chaises longues et tables basses.\" \/>\n<meta property=\"og:url\" content=\"https:\/\/www.indigoverona.com\/fr\/hotel\/le-jardin-interieur\/\" \/>\n<meta property=\"og:site_name\" content=\"Hotel Indigo Verona - Grand Hotel Des Arts\" \/>\n<meta property=\"article:modified_time\" content=\"2025-08-18T11:04:35+00:00\" \/>\n<meta name=\"twitter:card\" content=\"summary_large_image\" \/>\n<meta name=\"twitter:label1\" content=\"Dur\u00e9e de lecture estim\u00e9e\" \/>\n\t<meta name=\"twitter:data1\" content=\"1 minute\" \/>\n<script type=\"application\/ld+json\" class=\"yoast-schema-graph\">{\"@context\":\"https:\/\/schema.org\",\"@graph\":[{\"@type\":\"WebPage\",\"@id\":\"https:\/\/www.indigoverona.com\/fr\/hotel\/le-jardin-interieur\/\",\"url\":\"https:\/\/www.indigoverona.com\/fr\/hotel\/le-jardin-interieur\/\",\"name\":\"Jardin Int\u00e9rieur | Hotel Indigo Grand des Arts Verona\",\"isPartOf\":{\"@id\":\"https:\/\/www.indigoverona.com\/fr\/#website\"},\"datePublished\":\"2020-07-22T09:26:44+00:00\",\"dateModified\":\"2025-08-18T11:04:35+00:00\",\"description\":\"Le boutique hotel Indigo Verona abrite un jardin int\u00e9rieur romantique avec canap\u00e9s confortables, chaises longues et tables basses.\",\"breadcrumb\":{\"@id\":\"https:\/\/www.indigoverona.com\/fr\/hotel\/le-jardin-interieur\/#breadcrumb\"},\"inLanguage\":\"fr-FR\",\"potentialAction\":[{\"@type\":\"ReadAction\",\"target\":[\"https:\/\/www.indigoverona.com\/fr\/hotel\/le-jardin-interieur\/\"]}]},{\"@type\":\"BreadcrumbList\",\"@id\":\"https:\/\/www.indigoverona.com\/fr\/hotel\/le-jardin-interieur\/#breadcrumb\",\"itemListElement\":[{\"@type\":\"ListItem\",\"position\":1,\"name\":\"Home\",\"item\":\"https:\/\/www.indigoverona.com\/fr\/\"},{\"@type\":\"ListItem\",\"position\":2,\"name\":\"H\u00f4tel\",\"item\":\"https:\/\/www.indigoverona.com\/fr\/hotel\/\"},{\"@type\":\"ListItem\",\"position\":3,\"name\":\"Le Jardin Int\u00e9rieur\"}]},{\"@type\":\"WebSite\",\"@id\":\"https:\/\/www.indigoverona.com\/fr\/#website\",\"url\":\"https:\/\/www.indigoverona.com\/fr\/\",\"name\":\"Hotel Indigo Verona - Grand Hotel Des Arts\",\"description\":\"Just another ms.decms.eu site\",\"potentialAction\":[{\"@type\":\"SearchAction\",\"target\":{\"@type\":\"EntryPoint\",\"urlTemplate\":\"https:\/\/www.indigoverona.com\/fr\/?s={search_term_string}\"},\"query-input\":{\"@type\":\"PropertyValueSpecification\",\"valueRequired\":true,\"valueName\":\"search_term_string\"}}],\"inLanguage\":\"fr-FR\"}]}<\/script>\n<!-- \/ Yoast SEO plugin. -->","yoast_head_json":{"title":"Jardin Int\u00e9rieur | Hotel Indigo Grand des Arts Verona","description":"Le boutique hotel Indigo Verona abrite un jardin int\u00e9rieur romantique avec canap\u00e9s confortables, chaises longues et tables basses.","robots":{"index":"index","follow":"follow","max-snippet":"max-snippet:-1","max-image-preview":"max-image-preview:large","max-video-preview":"max-video-preview:-1"},"canonical":"https:\/\/www.indigoverona.com\/fr\/hotel\/le-jardin-interieur\/","og_locale":"fr_FR","og_type":"article","og_title":"Jardin Int\u00e9rieur | Hotel Indigo Grand des Arts Verona","og_description":"Le boutique hotel Indigo Verona abrite un jardin int\u00e9rieur romantique avec canap\u00e9s confortables, chaises longues et tables basses.","og_url":"https:\/\/www.indigoverona.com\/fr\/hotel\/le-jardin-interieur\/","og_site_name":"Hotel Indigo Verona - Grand Hotel Des Arts","article_modified_time":"2025-08-18T11:04:35+00:00","twitter_card":"summary_large_image","twitter_misc":{"Dur\u00e9e de lecture estim\u00e9e":"1 minute"},"schema":{"@context":"https:\/\/schema.org","@graph":[{"@type":"WebPage","@id":"https:\/\/www.indigoverona.com\/fr\/hotel\/le-jardin-interieur\/","url":"https:\/\/www.indigoverona.com\/fr\/hotel\/le-jardin-interieur\/","name":"Jardin Int\u00e9rieur | Hotel Indigo Grand des Arts Verona","isPartOf":{"@id":"https:\/\/www.indigoverona.com\/fr\/#website"},"datePublished":"2020-07-22T09:26:44+00:00","dateModified":"2025-08-18T11:04:35+00:00","description":"Le boutique hotel Indigo Verona abrite un jardin int\u00e9rieur romantique avec canap\u00e9s confortables, chaises longues et tables basses.","breadcrumb":{"@id":"https:\/\/www.indigoverona.com\/fr\/hotel\/le-jardin-interieur\/#breadcrumb"},"inLanguage":"fr-FR","potentialAction":[{"@type":"ReadAction","target":["https:\/\/www.indigoverona.com\/fr\/hotel\/le-jardin-interieur\/"]}]},{"@type":"BreadcrumbList","@id":"https:\/\/www.indigoverona.com\/fr\/hotel\/le-jardin-interieur\/#breadcrumb","itemListElement":[{"@type":"ListItem","position":1,"name":"Home","item":"https:\/\/www.indigoverona.com\/fr\/"},{"@type":"ListItem","position":2,"name":"H\u00f4tel","item":"https:\/\/www.indigoverona.com\/fr\/hotel\/"},{"@type":"ListItem","position":3,"name":"Le Jardin Int\u00e9rieur"}]},{"@type":"WebSite","@id":"https:\/\/www.indigoverona.com\/fr\/#website","url":"https:\/\/www.indigoverona.com\/fr\/","name":"Hotel Indigo Verona - Grand Hotel Des Arts","description":"Just another ms.decms.eu site","potentialAction":[{"@type":"SearchAction","target":{"@type":"EntryPoint","urlTemplate":"https:\/\/www.indigoverona.com\/fr\/?s={search_term_string}"},"query-input":{"@type":"PropertyValueSpecification","valueRequired":true,"valueName":"search_term_string"}}],"inLanguage":"fr-FR"}]}},"acf":[],"_links":{"self":[{"href":"https:\/\/www.indigoverona.com\/fr\/wp-json\/wp\/v2\/pages\/611","targetHints":{"allow":["GET"]}}],"collection":[{"href":"https:\/\/www.indigoverona.com\/fr\/wp-json\/wp\/v2\/pages"}],"about":[{"href":"https:\/\/www.indigoverona.com\/fr\/wp-json\/wp\/v2\/types\/page"}],"author":[{"embeddable":true,"href":"https:\/\/www.indigoverona.com\/fr\/wp-json\/wp\/v2\/users\/7"}],"replies":[{"embeddable":true,"href":"https:\/\/www.indigoverona.com\/fr\/wp-json\/wp\/v2\/comments?post=611"}],"version-history":[{"count":0,"href":"https:\/\/www.indigoverona.com\/fr\/wp-json\/wp\/v2\/pages\/611\/revisions"}],"up":[{"embeddable":true,"href":"https:\/\/www.indigoverona.com\/fr\/wp-json\/wp\/v2\/pages\/596"}],"wp:attachment":[{"href":"https:\/\/www.indigoverona.com\/fr\/wp-json\/wp\/v2\/media?parent=611"}],"curies":[{"name":"wp","href":"https:\/\/api.w.org\/{rel}","templated":true}]}}