{"id":616,"date":"2020-05-11T15:53:02","date_gmt":"2020-05-11T15:53:02","guid":{"rendered":"https:\/\/www.indigoverona.com\/hotel\/services\/"},"modified":"2024-06-05T11:24:48","modified_gmt":"2024-06-05T11:24:48","slug":"les-services","status":"publish","type":"page","link":"https:\/\/www.indigoverona.com\/fr\/hotel\/les-services\/","title":{"rendered":"Les Services"},"content":{"rendered":"<p>Les chambres de l&rsquo;<strong>H\u00f4tel Indigo Verona<\/strong>, ainsi que ses parties communes, ont \u00e9t\u00e9 con\u00e7ues pour offrir \u00e0 nos clients des <strong>moments de d\u00e9tente et des sensations de bien-\u00eatre<\/strong> uniques: un repos paisible et confortable, un lieu accueillant pour se r\u00e9fugier apr\u00e8s une longue journ\u00e9e.<\/p>\n<p>Quelques minutes dans le calme de notre <a title=\"Jardin Int\u00e9rieur- Hotel Indigo Verona\" href=\"https:\/\/www.indigoverona.com\/fr\/hotel\/le-jardin-interieur\/\"><strong><u>jardin int\u00e9rieur<\/u><\/strong><\/a>, ou le temps d&rsquo;un savoureux <strong>ap\u00e9ritif dans notre <\/strong><strong><a title=\"Arya Bar &amp; Mixology - Hotel Indigo Verona\" href=\"https:\/\/www.indigoverona.com\/fr\/arya-bar-mixology\/\"><u>Arya Bar &amp; Mixology<\/u><\/a> ou sur la terrasse<\/strong>, par beau temps, feront des merveilles m\u00eame pour l&rsquo;humeur la plus noire, et vous aideront \u00e0 vous laisser glisser hors du stress et de la fatigue.<\/p>\n<p>Et pour les plus exigeants: que diriez-vous de vous faire dorloter avec un bon petit d\u00e9jeuner \u00e0 d\u00e9guster entre les draps, sans m\u00eame mettre un pied hors du lit avant que ce soit le bon moment pour vous?<\/p>\n","protected":false},"excerpt":{"rendered":"<p>Les chambres de l&rsquo;H\u00f4tel Indigo Verona, ainsi que ses parties communes, ont \u00e9t\u00e9 con\u00e7ues pour offrir \u00e0 nos clients des moments de d\u00e9tente et des sensations de bien-\u00eatre uniques: un repos paisible et confortable, un lieu accueillant pour se r\u00e9fugier apr\u00e8s une longue journ\u00e9e. Quelques minutes dans le calme de notre jardin int\u00e9rieur, ou le [&hellip;]<\/p>\n","protected":false},"author":7,"featured_media":0,"parent":596,"menu_order":1,"comment_status":"closed","ping_status":"closed","template":"","meta":{"footnotes":""},"class_list":["post-616","page","type-page","status-publish","hentry"],"yoast_head":"<!-- This site is optimized with the Yoast SEO plugin v26.9 - https:\/\/yoast.com\/product\/yoast-seo-wordpress\/ -->\n<title>Services personnalis\u00e9s Hotel Indigo | Grand Hotel Des Arts<\/title>\n<meta name=\"description\" content=\"Laissez-vous choyer par les Services personnalis\u00e9s du Grand Hotel des Arts. Accueil, pet friendly, connexion, bike service et bien plus encore.\" \/>\n<meta name=\"robots\" content=\"index, follow, max-snippet:-1, max-image-preview:large, max-video-preview:-1\" \/>\n<link rel=\"canonical\" href=\"https:\/\/www.indigoverona.com\/fr\/hotel\/les-services\/\" \/>\n<meta property=\"og:locale\" content=\"fr_FR\" \/>\n<meta property=\"og:type\" content=\"article\" \/>\n<meta property=\"og:title\" content=\"Services personnalis\u00e9s Hotel Indigo | Grand Hotel Des Arts\" \/>\n<meta property=\"og:description\" content=\"Laissez-vous choyer par les Services personnalis\u00e9s du Grand Hotel des Arts. Accueil, pet friendly, connexion, bike service et bien plus encore.\" \/>\n<meta property=\"og:url\" content=\"https:\/\/www.indigoverona.com\/fr\/hotel\/les-services\/\" \/>\n<meta property=\"og:site_name\" content=\"Hotel Indigo Verona - Grand Hotel Des Arts\" \/>\n<meta property=\"article:modified_time\" content=\"2024-06-05T11:24:48+00:00\" \/>\n<meta name=\"twitter:card\" content=\"summary_large_image\" \/>\n<meta name=\"twitter:label1\" content=\"Dur\u00e9e de lecture estim\u00e9e\" \/>\n\t<meta name=\"twitter:data1\" content=\"1 minute\" \/>\n<script type=\"application\/ld+json\" class=\"yoast-schema-graph\">{\"@context\":\"https:\/\/schema.org\",\"@graph\":[{\"@type\":\"WebPage\",\"@id\":\"https:\/\/www.indigoverona.com\/fr\/hotel\/les-services\/\",\"url\":\"https:\/\/www.indigoverona.com\/fr\/hotel\/les-services\/\",\"name\":\"Services personnalis\u00e9s Hotel Indigo | Grand Hotel Des Arts\",\"isPartOf\":{\"@id\":\"https:\/\/www.indigoverona.com\/fr\/#website\"},\"datePublished\":\"2020-05-11T15:53:02+00:00\",\"dateModified\":\"2024-06-05T11:24:48+00:00\",\"description\":\"Laissez-vous choyer par les Services personnalis\u00e9s du Grand Hotel des Arts. Accueil, pet friendly, connexion, bike service et bien plus encore.\",\"breadcrumb\":{\"@id\":\"https:\/\/www.indigoverona.com\/fr\/hotel\/les-services\/#breadcrumb\"},\"inLanguage\":\"fr-FR\",\"potentialAction\":[{\"@type\":\"ReadAction\",\"target\":[\"https:\/\/www.indigoverona.com\/fr\/hotel\/les-services\/\"]}]},{\"@type\":\"BreadcrumbList\",\"@id\":\"https:\/\/www.indigoverona.com\/fr\/hotel\/les-services\/#breadcrumb\",\"itemListElement\":[{\"@type\":\"ListItem\",\"position\":1,\"name\":\"Home\",\"item\":\"https:\/\/www.indigoverona.com\/fr\/\"},{\"@type\":\"ListItem\",\"position\":2,\"name\":\"H\u00f4tel\",\"item\":\"https:\/\/www.indigoverona.com\/fr\/hotel\/\"},{\"@type\":\"ListItem\",\"position\":3,\"name\":\"Les Services\"}]},{\"@type\":\"WebSite\",\"@id\":\"https:\/\/www.indigoverona.com\/fr\/#website\",\"url\":\"https:\/\/www.indigoverona.com\/fr\/\",\"name\":\"Hotel Indigo Verona - Grand Hotel Des Arts\",\"description\":\"Just another ms.decms.eu site\",\"potentialAction\":[{\"@type\":\"SearchAction\",\"target\":{\"@type\":\"EntryPoint\",\"urlTemplate\":\"https:\/\/www.indigoverona.com\/fr\/?s={search_term_string}\"},\"query-input\":{\"@type\":\"PropertyValueSpecification\",\"valueRequired\":true,\"valueName\":\"search_term_string\"}}],\"inLanguage\":\"fr-FR\"}]}<\/script>\n<!-- \/ Yoast SEO plugin. -->","yoast_head_json":{"title":"Services personnalis\u00e9s Hotel Indigo | Grand Hotel Des Arts","description":"Laissez-vous choyer par les Services personnalis\u00e9s du Grand Hotel des Arts. Accueil, pet friendly, connexion, bike service et bien plus encore.","robots":{"index":"index","follow":"follow","max-snippet":"max-snippet:-1","max-image-preview":"max-image-preview:large","max-video-preview":"max-video-preview:-1"},"canonical":"https:\/\/www.indigoverona.com\/fr\/hotel\/les-services\/","og_locale":"fr_FR","og_type":"article","og_title":"Services personnalis\u00e9s Hotel Indigo | Grand Hotel Des Arts","og_description":"Laissez-vous choyer par les Services personnalis\u00e9s du Grand Hotel des Arts. Accueil, pet friendly, connexion, bike service et bien plus encore.","og_url":"https:\/\/www.indigoverona.com\/fr\/hotel\/les-services\/","og_site_name":"Hotel Indigo Verona - Grand Hotel Des Arts","article_modified_time":"2024-06-05T11:24:48+00:00","twitter_card":"summary_large_image","twitter_misc":{"Dur\u00e9e de lecture estim\u00e9e":"1 minute"},"schema":{"@context":"https:\/\/schema.org","@graph":[{"@type":"WebPage","@id":"https:\/\/www.indigoverona.com\/fr\/hotel\/les-services\/","url":"https:\/\/www.indigoverona.com\/fr\/hotel\/les-services\/","name":"Services personnalis\u00e9s Hotel Indigo | Grand Hotel Des Arts","isPartOf":{"@id":"https:\/\/www.indigoverona.com\/fr\/#website"},"datePublished":"2020-05-11T15:53:02+00:00","dateModified":"2024-06-05T11:24:48+00:00","description":"Laissez-vous choyer par les Services personnalis\u00e9s du Grand Hotel des Arts. Accueil, pet friendly, connexion, bike service et bien plus encore.","breadcrumb":{"@id":"https:\/\/www.indigoverona.com\/fr\/hotel\/les-services\/#breadcrumb"},"inLanguage":"fr-FR","potentialAction":[{"@type":"ReadAction","target":["https:\/\/www.indigoverona.com\/fr\/hotel\/les-services\/"]}]},{"@type":"BreadcrumbList","@id":"https:\/\/www.indigoverona.com\/fr\/hotel\/les-services\/#breadcrumb","itemListElement":[{"@type":"ListItem","position":1,"name":"Home","item":"https:\/\/www.indigoverona.com\/fr\/"},{"@type":"ListItem","position":2,"name":"H\u00f4tel","item":"https:\/\/www.indigoverona.com\/fr\/hotel\/"},{"@type":"ListItem","position":3,"name":"Les Services"}]},{"@type":"WebSite","@id":"https:\/\/www.indigoverona.com\/fr\/#website","url":"https:\/\/www.indigoverona.com\/fr\/","name":"Hotel Indigo Verona - Grand Hotel Des Arts","description":"Just another ms.decms.eu site","potentialAction":[{"@type":"SearchAction","target":{"@type":"EntryPoint","urlTemplate":"https:\/\/www.indigoverona.com\/fr\/?s={search_term_string}"},"query-input":{"@type":"PropertyValueSpecification","valueRequired":true,"valueName":"search_term_string"}}],"inLanguage":"fr-FR"}]}},"acf":[],"_links":{"self":[{"href":"https:\/\/www.indigoverona.com\/fr\/wp-json\/wp\/v2\/pages\/616","targetHints":{"allow":["GET"]}}],"collection":[{"href":"https:\/\/www.indigoverona.com\/fr\/wp-json\/wp\/v2\/pages"}],"about":[{"href":"https:\/\/www.indigoverona.com\/fr\/wp-json\/wp\/v2\/types\/page"}],"author":[{"embeddable":true,"href":"https:\/\/www.indigoverona.com\/fr\/wp-json\/wp\/v2\/users\/7"}],"replies":[{"embeddable":true,"href":"https:\/\/www.indigoverona.com\/fr\/wp-json\/wp\/v2\/comments?post=616"}],"version-history":[{"count":0,"href":"https:\/\/www.indigoverona.com\/fr\/wp-json\/wp\/v2\/pages\/616\/revisions"}],"up":[{"embeddable":true,"href":"https:\/\/www.indigoverona.com\/fr\/wp-json\/wp\/v2\/pages\/596"}],"wp:attachment":[{"href":"https:\/\/www.indigoverona.com\/fr\/wp-json\/wp\/v2\/media?parent=616"}],"curies":[{"name":"wp","href":"https:\/\/api.w.org\/{rel}","templated":true}]}}