{"id":629,"date":"2020-05-13T10:26:13","date_gmt":"2020-05-13T10:26:13","guid":{"rendered":"https:\/\/www.indigoverona.com\/chambres-et-suite\/standard-rooms\/"},"modified":"2022-06-03T14:10:54","modified_gmt":"2022-06-03T14:10:54","slug":"chambre-standard","status":"publish","type":"page","link":"https:\/\/www.indigoverona.com\/fr\/chambres-et-suite\/chambre-standard\/","title":{"rendered":"Chambre Standard"},"content":{"rendered":"<p>Quelques heures de d\u00e9tente dans nos <strong>chambres Standard<\/strong> sont ce dont vous avez besoin apr\u00e8s une journ\u00e9e bien remplie en ville.<\/p>\n<p>Elles offrent une vue sur la ville, le jardin ou la cour int\u00e9rieure, elles sont tous \u00e9quip\u00e9es d&rsquo;une connexion Wi-Fi gratuite, de la climatisation, d&rsquo;un bureau et d&rsquo;une chaise, d&rsquo;une t\u00e9l\u00e9vision \u00e0 \u00e9cran LCD avec Chromecast et les cha\u00eenes Sky, d&rsquo;un plateau \/ bouilloire et d&rsquo;un minibar avec de l&rsquo;eau gratuite.<\/p>\n<p>Enfin, les salles de bain des <strong>chambres Standard<\/strong> disposent d&rsquo;une baignoire ou d&rsquo;une douche et d&rsquo;un kit de courtoisie.<\/p>\n<p>Am\u00e9nagement avec\u00a0<strong>lit queen-size<\/strong>\u00a0ou un luxueux\u00a0<strong>lit king size<\/strong>.<\/p>\n","protected":false},"excerpt":{"rendered":"<p>Quelques heures de d\u00e9tente dans nos chambres Standard sont ce dont vous avez besoin apr\u00e8s une journ\u00e9e bien remplie en ville. Elles offrent une vue sur la ville, le jardin ou la cour int\u00e9rieure, elles sont tous \u00e9quip\u00e9es d&rsquo;une connexion Wi-Fi gratuite, de la climatisation, d&rsquo;un bureau et d&rsquo;une chaise, d&rsquo;une t\u00e9l\u00e9vision \u00e0 \u00e9cran LCD [&hellip;]<\/p>\n","protected":false},"author":7,"featured_media":0,"parent":623,"menu_order":1,"comment_status":"closed","ping_status":"closed","template":"template-single-room.php","meta":{"footnotes":""},"class_list":["post-629","page","type-page","status-publish","hentry"],"yoast_head":"<!-- This site is optimized with the Yoast SEO plugin v26.9 - https:\/\/yoast.com\/product\/yoast-seo-wordpress\/ -->\n<title>Chambre Standard Hotel Indigo | Hotel Boutique 4 \u00c9toiles Verona<\/title>\n<meta name=\"description\" content=\"Le boutique Hotel des Arts Verona propose des chambres standard meubl\u00e9es dans un style \u00e9l\u00e9gant unique, \u00e9mise sur le confort maximum Venez les d\u00e9couvrir.\" \/>\n<meta name=\"robots\" content=\"index, follow, max-snippet:-1, max-image-preview:large, max-video-preview:-1\" \/>\n<link rel=\"canonical\" href=\"https:\/\/www.indigoverona.com\/fr\/chambres-et-suite\/chambre-standard\/\" \/>\n<meta property=\"og:locale\" content=\"fr_FR\" \/>\n<meta property=\"og:type\" content=\"article\" \/>\n<meta property=\"og:title\" content=\"Chambre Standard Hotel Indigo | Hotel Boutique 4 \u00c9toiles Verona\" \/>\n<meta property=\"og:description\" content=\"Le boutique Hotel des Arts Verona propose des chambres standard meubl\u00e9es dans un style \u00e9l\u00e9gant unique, \u00e9mise sur le confort maximum Venez les d\u00e9couvrir.\" \/>\n<meta property=\"og:url\" content=\"https:\/\/www.indigoverona.com\/fr\/chambres-et-suite\/chambre-standard\/\" \/>\n<meta property=\"og:site_name\" content=\"Hotel Indigo Verona - Grand Hotel Des Arts\" \/>\n<meta property=\"article:modified_time\" content=\"2022-06-03T14:10:54+00:00\" \/>\n<meta name=\"twitter:card\" content=\"summary_large_image\" \/>\n<meta name=\"twitter:label1\" content=\"Dur\u00e9e de lecture estim\u00e9e\" \/>\n\t<meta name=\"twitter:data1\" content=\"1 minute\" \/>\n<script type=\"application\/ld+json\" class=\"yoast-schema-graph\">{\"@context\":\"https:\/\/schema.org\",\"@graph\":[{\"@type\":\"WebPage\",\"@id\":\"https:\/\/www.indigoverona.com\/fr\/chambres-et-suite\/chambre-standard\/\",\"url\":\"https:\/\/www.indigoverona.com\/fr\/chambres-et-suite\/chambre-standard\/\",\"name\":\"Chambre Standard Hotel Indigo | Hotel Boutique 4 \u00c9toiles Verona\",\"isPartOf\":{\"@id\":\"https:\/\/www.indigoverona.com\/fr\/#website\"},\"datePublished\":\"2020-05-13T10:26:13+00:00\",\"dateModified\":\"2022-06-03T14:10:54+00:00\",\"description\":\"Le boutique Hotel des Arts Verona propose des chambres standard meubl\u00e9es dans un style \u00e9l\u00e9gant unique, \u00e9mise sur le confort maximum Venez les d\u00e9couvrir.\",\"breadcrumb\":{\"@id\":\"https:\/\/www.indigoverona.com\/fr\/chambres-et-suite\/chambre-standard\/#breadcrumb\"},\"inLanguage\":\"fr-FR\",\"potentialAction\":[{\"@type\":\"ReadAction\",\"target\":[\"https:\/\/www.indigoverona.com\/fr\/chambres-et-suite\/chambre-standard\/\"]}]},{\"@type\":\"BreadcrumbList\",\"@id\":\"https:\/\/www.indigoverona.com\/fr\/chambres-et-suite\/chambre-standard\/#breadcrumb\",\"itemListElement\":[{\"@type\":\"ListItem\",\"position\":1,\"name\":\"Home\",\"item\":\"https:\/\/www.indigoverona.com\/fr\/\"},{\"@type\":\"ListItem\",\"position\":2,\"name\":\"Chambres et Suite\",\"item\":\"https:\/\/www.indigoverona.com\/fr\/chambres-et-suite\/\"},{\"@type\":\"ListItem\",\"position\":3,\"name\":\"Chambre Standard\"}]},{\"@type\":\"WebSite\",\"@id\":\"https:\/\/www.indigoverona.com\/fr\/#website\",\"url\":\"https:\/\/www.indigoverona.com\/fr\/\",\"name\":\"Hotel Indigo Verona - Grand Hotel Des Arts\",\"description\":\"Just another ms.decms.eu site\",\"potentialAction\":[{\"@type\":\"SearchAction\",\"target\":{\"@type\":\"EntryPoint\",\"urlTemplate\":\"https:\/\/www.indigoverona.com\/fr\/?s={search_term_string}\"},\"query-input\":{\"@type\":\"PropertyValueSpecification\",\"valueRequired\":true,\"valueName\":\"search_term_string\"}}],\"inLanguage\":\"fr-FR\"}]}<\/script>\n<!-- \/ Yoast SEO plugin. -->","yoast_head_json":{"title":"Chambre Standard Hotel Indigo | Hotel Boutique 4 \u00c9toiles Verona","description":"Le boutique Hotel des Arts Verona propose des chambres standard meubl\u00e9es dans un style \u00e9l\u00e9gant unique, \u00e9mise sur le confort maximum Venez les d\u00e9couvrir.","robots":{"index":"index","follow":"follow","max-snippet":"max-snippet:-1","max-image-preview":"max-image-preview:large","max-video-preview":"max-video-preview:-1"},"canonical":"https:\/\/www.indigoverona.com\/fr\/chambres-et-suite\/chambre-standard\/","og_locale":"fr_FR","og_type":"article","og_title":"Chambre Standard Hotel Indigo | Hotel Boutique 4 \u00c9toiles Verona","og_description":"Le boutique Hotel des Arts Verona propose des chambres standard meubl\u00e9es dans un style \u00e9l\u00e9gant unique, \u00e9mise sur le confort maximum Venez les d\u00e9couvrir.","og_url":"https:\/\/www.indigoverona.com\/fr\/chambres-et-suite\/chambre-standard\/","og_site_name":"Hotel Indigo Verona - Grand Hotel Des Arts","article_modified_time":"2022-06-03T14:10:54+00:00","twitter_card":"summary_large_image","twitter_misc":{"Dur\u00e9e de lecture estim\u00e9e":"1 minute"},"schema":{"@context":"https:\/\/schema.org","@graph":[{"@type":"WebPage","@id":"https:\/\/www.indigoverona.com\/fr\/chambres-et-suite\/chambre-standard\/","url":"https:\/\/www.indigoverona.com\/fr\/chambres-et-suite\/chambre-standard\/","name":"Chambre Standard Hotel Indigo | Hotel Boutique 4 \u00c9toiles Verona","isPartOf":{"@id":"https:\/\/www.indigoverona.com\/fr\/#website"},"datePublished":"2020-05-13T10:26:13+00:00","dateModified":"2022-06-03T14:10:54+00:00","description":"Le boutique Hotel des Arts Verona propose des chambres standard meubl\u00e9es dans un style \u00e9l\u00e9gant unique, \u00e9mise sur le confort maximum Venez les d\u00e9couvrir.","breadcrumb":{"@id":"https:\/\/www.indigoverona.com\/fr\/chambres-et-suite\/chambre-standard\/#breadcrumb"},"inLanguage":"fr-FR","potentialAction":[{"@type":"ReadAction","target":["https:\/\/www.indigoverona.com\/fr\/chambres-et-suite\/chambre-standard\/"]}]},{"@type":"BreadcrumbList","@id":"https:\/\/www.indigoverona.com\/fr\/chambres-et-suite\/chambre-standard\/#breadcrumb","itemListElement":[{"@type":"ListItem","position":1,"name":"Home","item":"https:\/\/www.indigoverona.com\/fr\/"},{"@type":"ListItem","position":2,"name":"Chambres et Suite","item":"https:\/\/www.indigoverona.com\/fr\/chambres-et-suite\/"},{"@type":"ListItem","position":3,"name":"Chambre Standard"}]},{"@type":"WebSite","@id":"https:\/\/www.indigoverona.com\/fr\/#website","url":"https:\/\/www.indigoverona.com\/fr\/","name":"Hotel Indigo Verona - Grand Hotel Des Arts","description":"Just another ms.decms.eu site","potentialAction":[{"@type":"SearchAction","target":{"@type":"EntryPoint","urlTemplate":"https:\/\/www.indigoverona.com\/fr\/?s={search_term_string}"},"query-input":{"@type":"PropertyValueSpecification","valueRequired":true,"valueName":"search_term_string"}}],"inLanguage":"fr-FR"}]}},"acf":[],"_links":{"self":[{"href":"https:\/\/www.indigoverona.com\/fr\/wp-json\/wp\/v2\/pages\/629","targetHints":{"allow":["GET"]}}],"collection":[{"href":"https:\/\/www.indigoverona.com\/fr\/wp-json\/wp\/v2\/pages"}],"about":[{"href":"https:\/\/www.indigoverona.com\/fr\/wp-json\/wp\/v2\/types\/page"}],"author":[{"embeddable":true,"href":"https:\/\/www.indigoverona.com\/fr\/wp-json\/wp\/v2\/users\/7"}],"replies":[{"embeddable":true,"href":"https:\/\/www.indigoverona.com\/fr\/wp-json\/wp\/v2\/comments?post=629"}],"version-history":[{"count":0,"href":"https:\/\/www.indigoverona.com\/fr\/wp-json\/wp\/v2\/pages\/629\/revisions"}],"up":[{"embeddable":true,"href":"https:\/\/www.indigoverona.com\/fr\/wp-json\/wp\/v2\/pages\/623"}],"wp:attachment":[{"href":"https:\/\/www.indigoverona.com\/fr\/wp-json\/wp\/v2\/media?parent=629"}],"curies":[{"name":"wp","href":"https:\/\/api.w.org\/{rel}","templated":true}]}}