{"id":635,"date":"2020-05-13T13:29:02","date_gmt":"2020-05-13T13:29:02","guid":{"rendered":"https:\/\/www.indigoverona.com\/chambres-et-suite\/premium-rooms\/"},"modified":"2022-06-03T14:14:45","modified_gmt":"2022-06-03T14:14:45","slug":"chambres-premium","status":"publish","type":"page","link":"https:\/\/www.indigoverona.com\/fr\/chambres-et-suite\/chambres-premium\/","title":{"rendered":"Chambres Premium"},"content":{"rendered":"<p>Meubl\u00e9es avec raffinement, dans des tons de rouge fonc\u00e9 et de gris et avec d&rsquo;\u00e9l\u00e9gantes r\u00e9f\u00e9rences aux c\u00e9l\u00e8bres fresques de V\u00e9rone qui d\u00e9peignent la campagne environnante de la ville, les <strong>chambres Premium<\/strong> sont le choix id\u00e9al pour les clients qui souhaitent profiter d&rsquo;une <strong>attention suppl\u00e9mentaire<\/strong>: une chambre plus grande, un lit plus spacieux, un petit balcon donnant sur la ville.<\/p>\n<p>Disponibles dans les variantes avec lit King size ou lits jumeaux, <strong>les chambres Premium<\/strong> sont toutes \u00e9quip\u00e9es de la climatisation, d&rsquo;une connexion Wi-Fi gratuite, d&rsquo;un bureau et d&rsquo;une chaise, d&rsquo;une t\u00e9l\u00e9vision \u00e0 \u00e9cran LCD avec Chromecast et les cha\u00eenes Sky, d&rsquo;un plateau \/ bouilloire et d&rsquo;un minibar avec de l&rsquo;eau gratuite.<\/p>\n<p>Les salles de bain sont \u00e9quip\u00e9es de baignoire ou douche, peignoir, chaussons et ligne de courtoisie.<\/p>\n<p>Am\u00e9nagement avec <strong>deux lits jumeaux<\/strong>\u00a0ou un luxueux\u00a0<strong>lit king size<\/strong>.<\/p>\n","protected":false},"excerpt":{"rendered":"<p>Meubl\u00e9es avec raffinement, dans des tons de rouge fonc\u00e9 et de gris et avec d&rsquo;\u00e9l\u00e9gantes r\u00e9f\u00e9rences aux c\u00e9l\u00e8bres fresques de V\u00e9rone qui d\u00e9peignent la campagne environnante de la ville, les chambres Premium sont le choix id\u00e9al pour les clients qui souhaitent profiter d&rsquo;une attention suppl\u00e9mentaire: une chambre plus grande, un lit plus spacieux, un petit [&hellip;]<\/p>\n","protected":false},"author":7,"featured_media":0,"parent":623,"menu_order":2,"comment_status":"closed","ping_status":"closed","template":"template-single-room.php","meta":{"footnotes":""},"class_list":["post-635","page","type-page","status-publish","hentry"],"yoast_head":"<!-- This site is optimized with the Yoast SEO plugin v26.9 - https:\/\/yoast.com\/product\/yoast-seo-wordpress\/ -->\n<title>Chambre Premium Hotel Indigo | Hotel Boutique 4 \u00c9toiles Verona<\/title>\n<meta name=\"description\" content=\"Les chambres Premium se distinguent par leur \u00e9l\u00e9gance et leur raffinement. Avec balcon sur Corso Porta Nuova, elles jouissent d&#039;une atmosph\u00e8re unique.\" \/>\n<meta name=\"robots\" content=\"index, follow, max-snippet:-1, max-image-preview:large, max-video-preview:-1\" \/>\n<link rel=\"canonical\" href=\"https:\/\/www.indigoverona.com\/fr\/chambres-et-suite\/chambres-premium\/\" \/>\n<meta property=\"og:locale\" content=\"fr_FR\" \/>\n<meta property=\"og:type\" content=\"article\" \/>\n<meta property=\"og:title\" content=\"Chambre Premium Hotel Indigo | Hotel Boutique 4 \u00c9toiles Verona\" \/>\n<meta property=\"og:description\" content=\"Les chambres Premium se distinguent par leur \u00e9l\u00e9gance et leur raffinement. Avec balcon sur Corso Porta Nuova, elles jouissent d&#039;une atmosph\u00e8re unique.\" \/>\n<meta property=\"og:url\" content=\"https:\/\/www.indigoverona.com\/fr\/chambres-et-suite\/chambres-premium\/\" \/>\n<meta property=\"og:site_name\" content=\"Hotel Indigo Verona - Grand Hotel Des Arts\" \/>\n<meta property=\"article:modified_time\" content=\"2022-06-03T14:14:45+00:00\" \/>\n<meta name=\"twitter:card\" content=\"summary_large_image\" \/>\n<meta name=\"twitter:label1\" content=\"Dur\u00e9e de lecture estim\u00e9e\" \/>\n\t<meta name=\"twitter:data1\" content=\"1 minute\" \/>\n<script type=\"application\/ld+json\" class=\"yoast-schema-graph\">{\"@context\":\"https:\/\/schema.org\",\"@graph\":[{\"@type\":\"WebPage\",\"@id\":\"https:\/\/www.indigoverona.com\/fr\/chambres-et-suite\/chambres-premium\/\",\"url\":\"https:\/\/www.indigoverona.com\/fr\/chambres-et-suite\/chambres-premium\/\",\"name\":\"Chambre Premium Hotel Indigo | Hotel Boutique 4 \u00c9toiles Verona\",\"isPartOf\":{\"@id\":\"https:\/\/www.indigoverona.com\/fr\/#website\"},\"datePublished\":\"2020-05-13T13:29:02+00:00\",\"dateModified\":\"2022-06-03T14:14:45+00:00\",\"description\":\"Les chambres Premium se distinguent par leur \u00e9l\u00e9gance et leur raffinement. Avec balcon sur Corso Porta Nuova, elles jouissent d'une atmosph\u00e8re unique.\",\"breadcrumb\":{\"@id\":\"https:\/\/www.indigoverona.com\/fr\/chambres-et-suite\/chambres-premium\/#breadcrumb\"},\"inLanguage\":\"fr-FR\",\"potentialAction\":[{\"@type\":\"ReadAction\",\"target\":[\"https:\/\/www.indigoverona.com\/fr\/chambres-et-suite\/chambres-premium\/\"]}]},{\"@type\":\"BreadcrumbList\",\"@id\":\"https:\/\/www.indigoverona.com\/fr\/chambres-et-suite\/chambres-premium\/#breadcrumb\",\"itemListElement\":[{\"@type\":\"ListItem\",\"position\":1,\"name\":\"Home\",\"item\":\"https:\/\/www.indigoverona.com\/fr\/\"},{\"@type\":\"ListItem\",\"position\":2,\"name\":\"Chambres et Suite\",\"item\":\"https:\/\/www.indigoverona.com\/fr\/chambres-et-suite\/\"},{\"@type\":\"ListItem\",\"position\":3,\"name\":\"Chambres Premium\"}]},{\"@type\":\"WebSite\",\"@id\":\"https:\/\/www.indigoverona.com\/fr\/#website\",\"url\":\"https:\/\/www.indigoverona.com\/fr\/\",\"name\":\"Hotel Indigo Verona - Grand Hotel Des Arts\",\"description\":\"Just another ms.decms.eu site\",\"potentialAction\":[{\"@type\":\"SearchAction\",\"target\":{\"@type\":\"EntryPoint\",\"urlTemplate\":\"https:\/\/www.indigoverona.com\/fr\/?s={search_term_string}\"},\"query-input\":{\"@type\":\"PropertyValueSpecification\",\"valueRequired\":true,\"valueName\":\"search_term_string\"}}],\"inLanguage\":\"fr-FR\"}]}<\/script>\n<!-- \/ Yoast SEO plugin. -->","yoast_head_json":{"title":"Chambre Premium Hotel Indigo | Hotel Boutique 4 \u00c9toiles Verona","description":"Les chambres Premium se distinguent par leur \u00e9l\u00e9gance et leur raffinement. Avec balcon sur Corso Porta Nuova, elles jouissent d'une atmosph\u00e8re unique.","robots":{"index":"index","follow":"follow","max-snippet":"max-snippet:-1","max-image-preview":"max-image-preview:large","max-video-preview":"max-video-preview:-1"},"canonical":"https:\/\/www.indigoverona.com\/fr\/chambres-et-suite\/chambres-premium\/","og_locale":"fr_FR","og_type":"article","og_title":"Chambre Premium Hotel Indigo | Hotel Boutique 4 \u00c9toiles Verona","og_description":"Les chambres Premium se distinguent par leur \u00e9l\u00e9gance et leur raffinement. Avec balcon sur Corso Porta Nuova, elles jouissent d'une atmosph\u00e8re unique.","og_url":"https:\/\/www.indigoverona.com\/fr\/chambres-et-suite\/chambres-premium\/","og_site_name":"Hotel Indigo Verona - Grand Hotel Des Arts","article_modified_time":"2022-06-03T14:14:45+00:00","twitter_card":"summary_large_image","twitter_misc":{"Dur\u00e9e de lecture estim\u00e9e":"1 minute"},"schema":{"@context":"https:\/\/schema.org","@graph":[{"@type":"WebPage","@id":"https:\/\/www.indigoverona.com\/fr\/chambres-et-suite\/chambres-premium\/","url":"https:\/\/www.indigoverona.com\/fr\/chambres-et-suite\/chambres-premium\/","name":"Chambre Premium Hotel Indigo | Hotel Boutique 4 \u00c9toiles Verona","isPartOf":{"@id":"https:\/\/www.indigoverona.com\/fr\/#website"},"datePublished":"2020-05-13T13:29:02+00:00","dateModified":"2022-06-03T14:14:45+00:00","description":"Les chambres Premium se distinguent par leur \u00e9l\u00e9gance et leur raffinement. Avec balcon sur Corso Porta Nuova, elles jouissent d'une atmosph\u00e8re unique.","breadcrumb":{"@id":"https:\/\/www.indigoverona.com\/fr\/chambres-et-suite\/chambres-premium\/#breadcrumb"},"inLanguage":"fr-FR","potentialAction":[{"@type":"ReadAction","target":["https:\/\/www.indigoverona.com\/fr\/chambres-et-suite\/chambres-premium\/"]}]},{"@type":"BreadcrumbList","@id":"https:\/\/www.indigoverona.com\/fr\/chambres-et-suite\/chambres-premium\/#breadcrumb","itemListElement":[{"@type":"ListItem","position":1,"name":"Home","item":"https:\/\/www.indigoverona.com\/fr\/"},{"@type":"ListItem","position":2,"name":"Chambres et Suite","item":"https:\/\/www.indigoverona.com\/fr\/chambres-et-suite\/"},{"@type":"ListItem","position":3,"name":"Chambres Premium"}]},{"@type":"WebSite","@id":"https:\/\/www.indigoverona.com\/fr\/#website","url":"https:\/\/www.indigoverona.com\/fr\/","name":"Hotel Indigo Verona - Grand Hotel Des Arts","description":"Just another ms.decms.eu site","potentialAction":[{"@type":"SearchAction","target":{"@type":"EntryPoint","urlTemplate":"https:\/\/www.indigoverona.com\/fr\/?s={search_term_string}"},"query-input":{"@type":"PropertyValueSpecification","valueRequired":true,"valueName":"search_term_string"}}],"inLanguage":"fr-FR"}]}},"acf":[],"_links":{"self":[{"href":"https:\/\/www.indigoverona.com\/fr\/wp-json\/wp\/v2\/pages\/635","targetHints":{"allow":["GET"]}}],"collection":[{"href":"https:\/\/www.indigoverona.com\/fr\/wp-json\/wp\/v2\/pages"}],"about":[{"href":"https:\/\/www.indigoverona.com\/fr\/wp-json\/wp\/v2\/types\/page"}],"author":[{"embeddable":true,"href":"https:\/\/www.indigoverona.com\/fr\/wp-json\/wp\/v2\/users\/7"}],"replies":[{"embeddable":true,"href":"https:\/\/www.indigoverona.com\/fr\/wp-json\/wp\/v2\/comments?post=635"}],"version-history":[{"count":0,"href":"https:\/\/www.indigoverona.com\/fr\/wp-json\/wp\/v2\/pages\/635\/revisions"}],"up":[{"embeddable":true,"href":"https:\/\/www.indigoverona.com\/fr\/wp-json\/wp\/v2\/pages\/623"}],"wp:attachment":[{"href":"https:\/\/www.indigoverona.com\/fr\/wp-json\/wp\/v2\/media?parent=635"}],"curies":[{"name":"wp","href":"https:\/\/api.w.org\/{rel}","templated":true}]}}