{"id":641,"date":"2020-05-13T14:41:42","date_gmt":"2020-05-13T14:41:42","guid":{"rendered":"https:\/\/www.indigoverona.com\/chambres-et-suite\/suite\/"},"modified":"2022-06-03T14:21:52","modified_gmt":"2022-06-03T14:21:52","slug":"suite","status":"publish","type":"page","link":"https:\/\/www.indigoverona.com\/fr\/chambres-et-suite\/suite\/","title":{"rendered":"Suite avec Zone Living"},"content":{"rendered":"<p>Spacieuses, lumineuses, meubl\u00e9es avec une touche raffin\u00e9e, nos <strong>chambres Suite<\/strong> sont le choix id\u00e9al <strong>pour ceux qui ne renoncent pas au confort en voyage<\/strong>.<\/p>\n<p>La grande chambre (30 m2), le <strong>salon s\u00e9par\u00e9<\/strong> avec un canap\u00e9-lit confortable, la vue sur le jardin int\u00e9rieur enchanteur et le confort des <strong>lits doubles queen size<\/strong>, sont les points forts de nos <strong>Suites<\/strong>.<\/p>\n<p>Equip\u00e9es de climatisation, wi-fi gratuit, bureau et chaise, minibar avec eau gratuite, TV LCD avec Chromecast et les cha\u00eenes Sky, les <strong>Suites<\/strong> b\u00e9n\u00e9ficient de services exclusifs: dans chaque chambre une <strong>machine \u00e0 caf\u00e9 Nespresso<\/strong> avec dosettes est mise \u00e0 disposition des h\u00f4tes, tandis que les salles de bains sont \u00e9quip\u00e9es de peignoirs doux, de chaussons confortables et d&rsquo;une ligne de courtoisie d\u00e9di\u00e9e.<\/p>\n<p>Am\u00e9nagement avec un luxueux\u00a0<strong>lit king size<\/strong>.<\/p>\n","protected":false},"excerpt":{"rendered":"<p>Spacieuses, lumineuses, meubl\u00e9es avec une touche raffin\u00e9e, nos chambres Suite sont le choix id\u00e9al pour ceux qui ne renoncent pas au confort en voyage. La grande chambre (30 m2), le salon s\u00e9par\u00e9 avec un canap\u00e9-lit confortable, la vue sur le jardin int\u00e9rieur enchanteur et le confort des lits doubles queen size, sont les points forts [&hellip;]<\/p>\n","protected":false},"author":7,"featured_media":0,"parent":623,"menu_order":4,"comment_status":"closed","ping_status":"closed","template":"template-single-room.php","meta":{"footnotes":""},"class_list":["post-641","page","type-page","status-publish","hentry"],"yoast_head":"<!-- This site is optimized with the Yoast SEO plugin v26.9 - https:\/\/yoast.com\/product\/yoast-seo-wordpress\/ -->\n<title>Suite Hotel Indigo Verona | Grand Hotel Des Arts<\/title>\n<meta name=\"description\" content=\"Les Suites de l&#039;Hotel Indigo Verona sont con\u00e7ues pour les clients les plus exigeants : un style raffin\u00e9 au c\u0153ur de la ville de l&#039;amour.\" \/>\n<meta name=\"robots\" content=\"index, follow, max-snippet:-1, max-image-preview:large, max-video-preview:-1\" \/>\n<link rel=\"canonical\" href=\"https:\/\/www.indigoverona.com\/fr\/chambres-et-suite\/suite\/\" \/>\n<meta property=\"og:locale\" content=\"fr_FR\" \/>\n<meta property=\"og:type\" content=\"article\" \/>\n<meta property=\"og:title\" content=\"Suite Hotel Indigo Verona | Grand Hotel Des Arts\" \/>\n<meta property=\"og:description\" content=\"Les Suites de l&#039;Hotel Indigo Verona sont con\u00e7ues pour les clients les plus exigeants : un style raffin\u00e9 au c\u0153ur de la ville de l&#039;amour.\" \/>\n<meta property=\"og:url\" content=\"https:\/\/www.indigoverona.com\/fr\/chambres-et-suite\/suite\/\" \/>\n<meta property=\"og:site_name\" content=\"Hotel Indigo Verona - Grand Hotel Des Arts\" \/>\n<meta property=\"article:modified_time\" content=\"2022-06-03T14:21:52+00:00\" \/>\n<meta name=\"twitter:card\" content=\"summary_large_image\" \/>\n<meta name=\"twitter:label1\" content=\"Dur\u00e9e de lecture estim\u00e9e\" \/>\n\t<meta name=\"twitter:data1\" content=\"1 minute\" \/>\n<script type=\"application\/ld+json\" class=\"yoast-schema-graph\">{\"@context\":\"https:\/\/schema.org\",\"@graph\":[{\"@type\":\"WebPage\",\"@id\":\"https:\/\/www.indigoverona.com\/fr\/chambres-et-suite\/suite\/\",\"url\":\"https:\/\/www.indigoverona.com\/fr\/chambres-et-suite\/suite\/\",\"name\":\"Suite Hotel Indigo Verona | Grand Hotel Des Arts\",\"isPartOf\":{\"@id\":\"https:\/\/www.indigoverona.com\/fr\/#website\"},\"datePublished\":\"2020-05-13T14:41:42+00:00\",\"dateModified\":\"2022-06-03T14:21:52+00:00\",\"description\":\"Les Suites de l'Hotel Indigo Verona sont con\u00e7ues pour les clients les plus exigeants : un style raffin\u00e9 au c\u0153ur de la ville de l'amour.\",\"breadcrumb\":{\"@id\":\"https:\/\/www.indigoverona.com\/fr\/chambres-et-suite\/suite\/#breadcrumb\"},\"inLanguage\":\"fr-FR\",\"potentialAction\":[{\"@type\":\"ReadAction\",\"target\":[\"https:\/\/www.indigoverona.com\/fr\/chambres-et-suite\/suite\/\"]}]},{\"@type\":\"BreadcrumbList\",\"@id\":\"https:\/\/www.indigoverona.com\/fr\/chambres-et-suite\/suite\/#breadcrumb\",\"itemListElement\":[{\"@type\":\"ListItem\",\"position\":1,\"name\":\"Home\",\"item\":\"https:\/\/www.indigoverona.com\/fr\/\"},{\"@type\":\"ListItem\",\"position\":2,\"name\":\"Chambres et Suite\",\"item\":\"https:\/\/www.indigoverona.com\/fr\/chambres-et-suite\/\"},{\"@type\":\"ListItem\",\"position\":3,\"name\":\"Suite avec Zone Living\"}]},{\"@type\":\"WebSite\",\"@id\":\"https:\/\/www.indigoverona.com\/fr\/#website\",\"url\":\"https:\/\/www.indigoverona.com\/fr\/\",\"name\":\"Hotel Indigo Verona - Grand Hotel Des Arts\",\"description\":\"Just another ms.decms.eu site\",\"potentialAction\":[{\"@type\":\"SearchAction\",\"target\":{\"@type\":\"EntryPoint\",\"urlTemplate\":\"https:\/\/www.indigoverona.com\/fr\/?s={search_term_string}\"},\"query-input\":{\"@type\":\"PropertyValueSpecification\",\"valueRequired\":true,\"valueName\":\"search_term_string\"}}],\"inLanguage\":\"fr-FR\"}]}<\/script>\n<!-- \/ Yoast SEO plugin. -->","yoast_head_json":{"title":"Suite Hotel Indigo Verona | Grand Hotel Des Arts","description":"Les Suites de l'Hotel Indigo Verona sont con\u00e7ues pour les clients les plus exigeants : un style raffin\u00e9 au c\u0153ur de la ville de l'amour.","robots":{"index":"index","follow":"follow","max-snippet":"max-snippet:-1","max-image-preview":"max-image-preview:large","max-video-preview":"max-video-preview:-1"},"canonical":"https:\/\/www.indigoverona.com\/fr\/chambres-et-suite\/suite\/","og_locale":"fr_FR","og_type":"article","og_title":"Suite Hotel Indigo Verona | Grand Hotel Des Arts","og_description":"Les Suites de l'Hotel Indigo Verona sont con\u00e7ues pour les clients les plus exigeants : un style raffin\u00e9 au c\u0153ur de la ville de l'amour.","og_url":"https:\/\/www.indigoverona.com\/fr\/chambres-et-suite\/suite\/","og_site_name":"Hotel Indigo Verona - Grand Hotel Des Arts","article_modified_time":"2022-06-03T14:21:52+00:00","twitter_card":"summary_large_image","twitter_misc":{"Dur\u00e9e de lecture estim\u00e9e":"1 minute"},"schema":{"@context":"https:\/\/schema.org","@graph":[{"@type":"WebPage","@id":"https:\/\/www.indigoverona.com\/fr\/chambres-et-suite\/suite\/","url":"https:\/\/www.indigoverona.com\/fr\/chambres-et-suite\/suite\/","name":"Suite Hotel Indigo Verona | Grand Hotel Des Arts","isPartOf":{"@id":"https:\/\/www.indigoverona.com\/fr\/#website"},"datePublished":"2020-05-13T14:41:42+00:00","dateModified":"2022-06-03T14:21:52+00:00","description":"Les Suites de l'Hotel Indigo Verona sont con\u00e7ues pour les clients les plus exigeants : un style raffin\u00e9 au c\u0153ur de la ville de l'amour.","breadcrumb":{"@id":"https:\/\/www.indigoverona.com\/fr\/chambres-et-suite\/suite\/#breadcrumb"},"inLanguage":"fr-FR","potentialAction":[{"@type":"ReadAction","target":["https:\/\/www.indigoverona.com\/fr\/chambres-et-suite\/suite\/"]}]},{"@type":"BreadcrumbList","@id":"https:\/\/www.indigoverona.com\/fr\/chambres-et-suite\/suite\/#breadcrumb","itemListElement":[{"@type":"ListItem","position":1,"name":"Home","item":"https:\/\/www.indigoverona.com\/fr\/"},{"@type":"ListItem","position":2,"name":"Chambres et Suite","item":"https:\/\/www.indigoverona.com\/fr\/chambres-et-suite\/"},{"@type":"ListItem","position":3,"name":"Suite avec Zone Living"}]},{"@type":"WebSite","@id":"https:\/\/www.indigoverona.com\/fr\/#website","url":"https:\/\/www.indigoverona.com\/fr\/","name":"Hotel Indigo Verona - Grand Hotel Des Arts","description":"Just another ms.decms.eu site","potentialAction":[{"@type":"SearchAction","target":{"@type":"EntryPoint","urlTemplate":"https:\/\/www.indigoverona.com\/fr\/?s={search_term_string}"},"query-input":{"@type":"PropertyValueSpecification","valueRequired":true,"valueName":"search_term_string"}}],"inLanguage":"fr-FR"}]}},"acf":[],"_links":{"self":[{"href":"https:\/\/www.indigoverona.com\/fr\/wp-json\/wp\/v2\/pages\/641","targetHints":{"allow":["GET"]}}],"collection":[{"href":"https:\/\/www.indigoverona.com\/fr\/wp-json\/wp\/v2\/pages"}],"about":[{"href":"https:\/\/www.indigoverona.com\/fr\/wp-json\/wp\/v2\/types\/page"}],"author":[{"embeddable":true,"href":"https:\/\/www.indigoverona.com\/fr\/wp-json\/wp\/v2\/users\/7"}],"replies":[{"embeddable":true,"href":"https:\/\/www.indigoverona.com\/fr\/wp-json\/wp\/v2\/comments?post=641"}],"version-history":[{"count":0,"href":"https:\/\/www.indigoverona.com\/fr\/wp-json\/wp\/v2\/pages\/641\/revisions"}],"up":[{"embeddable":true,"href":"https:\/\/www.indigoverona.com\/fr\/wp-json\/wp\/v2\/pages\/623"}],"wp:attachment":[{"href":"https:\/\/www.indigoverona.com\/fr\/wp-json\/wp\/v2\/media?parent=641"}],"curies":[{"name":"wp","href":"https:\/\/api.w.org\/{rel}","templated":true}]}}