{"id":647,"date":"2020-07-22T14:48:25","date_gmt":"2020-07-22T14:48:25","guid":{"rendered":"https:\/\/www.indigoverona.com\/?page_id=647"},"modified":"2025-07-11T10:14:16","modified_gmt":"2025-07-11T10:14:16","slug":"arya-bar-mixology","status":"publish","type":"page","link":"https:\/\/www.indigoverona.com\/fr\/arya-bar-mixology\/","title":{"rendered":"Arya Bar &amp; Mixology"},"content":{"rendered":"<p>Ouvert tous les jours de 7h00 \u00e0 23h00 Arya Bar &amp; Mixology surprendra les clients de <strong>l&rsquo;H\u00f4tel Indigo Verona<\/strong> avec une s\u00e9lection de snacks, caf\u00e9s et th\u00e9s servis pendant la journ\u00e9e et <strong>une liste de d\u00e9gustation de vins, cocktails et ap\u00e9ritifs<\/strong> con\u00e7ue pour chatouiller les sens et plus d&rsquo;une symphonie bien orchestr\u00e9e. Apr\u00e8s une journ\u00e9e pass\u00e9e \u00e0 explorer V\u00e9rone, laissez-vous tenter par les plats de la <a href=\"https:\/\/foodboard.it\/arya-bar\/menu-bistrot-arya-bar\/?language=en\" target=\"_blank\" rel=\"noopener\"><strong>savoureuse s\u00e9lection de notre Cuisine Bistrot<\/strong><\/a>.<\/p>\n<p>Un design inspir\u00e9 des atmosph\u00e8res lyriques et passionn\u00e9es de l&rsquo;Op\u00e9ra \u00ab\u00a0Rom\u00e9o et Juliette\u00a0\u00bb et le souci du d\u00e9tail font de notre bar un endroit parfait pour chercher refuge et se rafra\u00eechir du stress quotidien.<\/p>\n<p><em><strong>Arya Bar &amp; Mixology est ouvert pour les clients de l&rsquo;h\u00f4tel<\/strong><\/em><\/p>\n","protected":false},"excerpt":{"rendered":"<p>Ouvert tous les jours de 7h00 \u00e0 23h00 Arya Bar &amp; Mixology surprendra les clients de l&rsquo;H\u00f4tel Indigo Verona avec une s\u00e9lection de snacks, caf\u00e9s et th\u00e9s servis pendant la journ\u00e9e et une liste de d\u00e9gustation de vins, cocktails et ap\u00e9ritifs con\u00e7ue pour chatouiller les sens et plus d&rsquo;une symphonie bien orchestr\u00e9e. Apr\u00e8s une journ\u00e9e [&hellip;]<\/p>\n","protected":false},"author":7,"featured_media":0,"parent":0,"menu_order":3,"comment_status":"closed","ping_status":"closed","template":"","meta":{"footnotes":""},"class_list":["post-647","page","type-page","status-publish","hentry"],"yoast_head":"<!-- This site is optimized with the Yoast SEO plugin v26.9 - https:\/\/yoast.com\/product\/yoast-seo-wordpress\/ -->\n<title>ARYA BAR &amp; Mixologie | Grand Hotel Des Arts Verona<\/title>\n<meta name=\"description\" content=\"Venez d\u00e9couvrir ARYA BAR &amp; Mixology et plongez dans un cadre inspir\u00e9 du deuxi\u00e8me acte de l&#039;histoire romantique Rom\u00e9o et Juliette.\" \/>\n<meta name=\"robots\" content=\"index, follow, max-snippet:-1, max-image-preview:large, max-video-preview:-1\" \/>\n<link rel=\"canonical\" href=\"https:\/\/www.indigoverona.com\/fr\/arya-bar-mixology\/\" \/>\n<meta property=\"og:locale\" content=\"fr_FR\" \/>\n<meta property=\"og:type\" content=\"article\" \/>\n<meta property=\"og:title\" content=\"ARYA BAR &amp; Mixologie | Grand Hotel Des Arts Verona\" \/>\n<meta property=\"og:description\" content=\"Venez d\u00e9couvrir ARYA BAR &amp; Mixology et plongez dans un cadre inspir\u00e9 du deuxi\u00e8me acte de l&#039;histoire romantique Rom\u00e9o et Juliette.\" \/>\n<meta property=\"og:url\" content=\"https:\/\/www.indigoverona.com\/fr\/arya-bar-mixology\/\" \/>\n<meta property=\"og:site_name\" content=\"Hotel Indigo Verona - Grand Hotel Des Arts\" \/>\n<meta property=\"article:modified_time\" content=\"2025-07-11T10:14:16+00:00\" \/>\n<meta name=\"twitter:card\" content=\"summary_large_image\" \/>\n<meta name=\"twitter:label1\" content=\"Dur\u00e9e de lecture estim\u00e9e\" \/>\n\t<meta name=\"twitter:data1\" content=\"1 minute\" \/>\n<script type=\"application\/ld+json\" class=\"yoast-schema-graph\">{\"@context\":\"https:\/\/schema.org\",\"@graph\":[{\"@type\":\"WebPage\",\"@id\":\"https:\/\/www.indigoverona.com\/fr\/arya-bar-mixology\/\",\"url\":\"https:\/\/www.indigoverona.com\/fr\/arya-bar-mixology\/\",\"name\":\"ARYA BAR & Mixologie | Grand Hotel Des Arts Verona\",\"isPartOf\":{\"@id\":\"https:\/\/www.indigoverona.com\/fr\/#website\"},\"datePublished\":\"2020-07-22T14:48:25+00:00\",\"dateModified\":\"2025-07-11T10:14:16+00:00\",\"description\":\"Venez d\u00e9couvrir ARYA BAR & Mixology et plongez dans un cadre inspir\u00e9 du deuxi\u00e8me acte de l'histoire romantique Rom\u00e9o et Juliette.\",\"breadcrumb\":{\"@id\":\"https:\/\/www.indigoverona.com\/fr\/arya-bar-mixology\/#breadcrumb\"},\"inLanguage\":\"fr-FR\",\"potentialAction\":[{\"@type\":\"ReadAction\",\"target\":[\"https:\/\/www.indigoverona.com\/fr\/arya-bar-mixology\/\"]}]},{\"@type\":\"BreadcrumbList\",\"@id\":\"https:\/\/www.indigoverona.com\/fr\/arya-bar-mixology\/#breadcrumb\",\"itemListElement\":[{\"@type\":\"ListItem\",\"position\":1,\"name\":\"Home\",\"item\":\"https:\/\/www.indigoverona.com\/fr\/\"},{\"@type\":\"ListItem\",\"position\":2,\"name\":\"Arya Bar &amp; Mixology\"}]},{\"@type\":\"WebSite\",\"@id\":\"https:\/\/www.indigoverona.com\/fr\/#website\",\"url\":\"https:\/\/www.indigoverona.com\/fr\/\",\"name\":\"Hotel Indigo Verona - Grand Hotel Des Arts\",\"description\":\"Just another ms.decms.eu site\",\"potentialAction\":[{\"@type\":\"SearchAction\",\"target\":{\"@type\":\"EntryPoint\",\"urlTemplate\":\"https:\/\/www.indigoverona.com\/fr\/?s={search_term_string}\"},\"query-input\":{\"@type\":\"PropertyValueSpecification\",\"valueRequired\":true,\"valueName\":\"search_term_string\"}}],\"inLanguage\":\"fr-FR\"}]}<\/script>\n<!-- \/ Yoast SEO plugin. -->","yoast_head_json":{"title":"ARYA BAR & Mixologie | Grand Hotel Des Arts Verona","description":"Venez d\u00e9couvrir ARYA BAR & Mixology et plongez dans un cadre inspir\u00e9 du deuxi\u00e8me acte de l'histoire romantique Rom\u00e9o et Juliette.","robots":{"index":"index","follow":"follow","max-snippet":"max-snippet:-1","max-image-preview":"max-image-preview:large","max-video-preview":"max-video-preview:-1"},"canonical":"https:\/\/www.indigoverona.com\/fr\/arya-bar-mixology\/","og_locale":"fr_FR","og_type":"article","og_title":"ARYA BAR & Mixologie | Grand Hotel Des Arts Verona","og_description":"Venez d\u00e9couvrir ARYA BAR & Mixology et plongez dans un cadre inspir\u00e9 du deuxi\u00e8me acte de l'histoire romantique Rom\u00e9o et Juliette.","og_url":"https:\/\/www.indigoverona.com\/fr\/arya-bar-mixology\/","og_site_name":"Hotel Indigo Verona - Grand Hotel Des Arts","article_modified_time":"2025-07-11T10:14:16+00:00","twitter_card":"summary_large_image","twitter_misc":{"Dur\u00e9e de lecture estim\u00e9e":"1 minute"},"schema":{"@context":"https:\/\/schema.org","@graph":[{"@type":"WebPage","@id":"https:\/\/www.indigoverona.com\/fr\/arya-bar-mixology\/","url":"https:\/\/www.indigoverona.com\/fr\/arya-bar-mixology\/","name":"ARYA BAR & Mixologie | Grand Hotel Des Arts Verona","isPartOf":{"@id":"https:\/\/www.indigoverona.com\/fr\/#website"},"datePublished":"2020-07-22T14:48:25+00:00","dateModified":"2025-07-11T10:14:16+00:00","description":"Venez d\u00e9couvrir ARYA BAR & Mixology et plongez dans un cadre inspir\u00e9 du deuxi\u00e8me acte de l'histoire romantique Rom\u00e9o et Juliette.","breadcrumb":{"@id":"https:\/\/www.indigoverona.com\/fr\/arya-bar-mixology\/#breadcrumb"},"inLanguage":"fr-FR","potentialAction":[{"@type":"ReadAction","target":["https:\/\/www.indigoverona.com\/fr\/arya-bar-mixology\/"]}]},{"@type":"BreadcrumbList","@id":"https:\/\/www.indigoverona.com\/fr\/arya-bar-mixology\/#breadcrumb","itemListElement":[{"@type":"ListItem","position":1,"name":"Home","item":"https:\/\/www.indigoverona.com\/fr\/"},{"@type":"ListItem","position":2,"name":"Arya Bar &amp; Mixology"}]},{"@type":"WebSite","@id":"https:\/\/www.indigoverona.com\/fr\/#website","url":"https:\/\/www.indigoverona.com\/fr\/","name":"Hotel Indigo Verona - Grand Hotel Des Arts","description":"Just another ms.decms.eu site","potentialAction":[{"@type":"SearchAction","target":{"@type":"EntryPoint","urlTemplate":"https:\/\/www.indigoverona.com\/fr\/?s={search_term_string}"},"query-input":{"@type":"PropertyValueSpecification","valueRequired":true,"valueName":"search_term_string"}}],"inLanguage":"fr-FR"}]}},"acf":[],"_links":{"self":[{"href":"https:\/\/www.indigoverona.com\/fr\/wp-json\/wp\/v2\/pages\/647","targetHints":{"allow":["GET"]}}],"collection":[{"href":"https:\/\/www.indigoverona.com\/fr\/wp-json\/wp\/v2\/pages"}],"about":[{"href":"https:\/\/www.indigoverona.com\/fr\/wp-json\/wp\/v2\/types\/page"}],"author":[{"embeddable":true,"href":"https:\/\/www.indigoverona.com\/fr\/wp-json\/wp\/v2\/users\/7"}],"replies":[{"embeddable":true,"href":"https:\/\/www.indigoverona.com\/fr\/wp-json\/wp\/v2\/comments?post=647"}],"version-history":[{"count":0,"href":"https:\/\/www.indigoverona.com\/fr\/wp-json\/wp\/v2\/pages\/647\/revisions"}],"wp:attachment":[{"href":"https:\/\/www.indigoverona.com\/fr\/wp-json\/wp\/v2\/media?parent=647"}],"curies":[{"name":"wp","href":"https:\/\/api.w.org\/{rel}","templated":true}]}}