{"id":657,"date":"2020-05-14T10:00:02","date_gmt":"2020-05-14T10:00:02","guid":{"rendered":"https:\/\/www.indigoverona.com\/meeting-events\/meeting-rooms\/"},"modified":"2025-07-15T10:20:11","modified_gmt":"2025-07-15T10:20:11","slug":"salle-de-reunion","status":"publish","type":"page","link":"https:\/\/www.indigoverona.com\/fr\/meeting-events\/salle-de-reunion\/","title":{"rendered":"Salle de r\u00e9union"},"content":{"rendered":"<p>\u00c0 <strong>l&rsquo;H\u00f4tel Indigo Verona &#8211; Grand H\u00f4tel des Arts<\/strong>, nous pr\u00eatons attention aux moindres d\u00e9tails et nous nous effor\u00e7ons scrupuleusement de fournir <strong>les services de conf\u00e9rence les meilleurs et les plus polyvalents<\/strong>.<\/p>\n<p>Toutes nos salles sont <strong>\u00e9quip\u00e9es de technologies de pointe <\/strong>et<strong> modulables<\/strong> tant en termes de dimensions que d&rsquo;am\u00e9nagements: <strong>th\u00e9\u00e2tre, fer \u00e0 cheval, pupitres ou table royale<\/strong>, nous sommes pr\u00eats \u00e0 r\u00e9pondre \u00e0 vos besoins d&rsquo;am\u00e9nagement. Et pas seulement pendant les moments de travail, mais aussi pour les pauses qui vous rafra\u00eechissent dans la journ\u00e9e: <strong>ap\u00e9ritifs, pauses caf\u00e9, petits d\u00e9jeuners d&rsquo;affaires<\/strong>, nous vous proposons <strong>un large choix de combinaisons<\/strong>, adapt\u00e9es \u00e0 vos go\u00fbts et \u00e0 votre timing.<\/p>\n","protected":false},"excerpt":{"rendered":"<p>\u00c0 l&rsquo;H\u00f4tel Indigo Verona &#8211; Grand H\u00f4tel des Arts, nous pr\u00eatons attention aux moindres d\u00e9tails et nous nous effor\u00e7ons scrupuleusement de fournir les services de conf\u00e9rence les meilleurs et les plus polyvalents. Toutes nos salles sont \u00e9quip\u00e9es de technologies de pointe et modulables tant en termes de dimensions que d&rsquo;am\u00e9nagements: th\u00e9\u00e2tre, fer \u00e0 cheval, pupitres [&hellip;]<\/p>\n","protected":false},"author":7,"featured_media":0,"parent":651,"menu_order":0,"comment_status":"closed","ping_status":"closed","template":"template-meeting-form.php","meta":{"footnotes":""},"class_list":["post-657","page","type-page","status-publish","hentry"],"yoast_head":"<!-- This site is optimized with the Yoast SEO plugin v26.9 - https:\/\/yoast.com\/product\/yoast-seo-wordpress\/ -->\n<title>Salles r\u00e9unions Hotel Indigo Verona | Grand Hotel Des Arts<\/title>\n<meta name=\"description\" content=\"Les salles de r\u00e9union de l&#039;Hotel Indigo des Arts Verona ont \u00e9t\u00e9 con\u00e7ues pour organiser des r\u00e9unions \u00e0 quelques pas de l&#039;Ar\u00e8ne.\" \/>\n<meta name=\"robots\" content=\"index, follow, max-snippet:-1, max-image-preview:large, max-video-preview:-1\" \/>\n<link rel=\"canonical\" href=\"https:\/\/www.indigoverona.com\/fr\/meeting-events\/salle-de-reunion\/\" \/>\n<meta property=\"og:locale\" content=\"fr_FR\" \/>\n<meta property=\"og:type\" content=\"article\" \/>\n<meta property=\"og:title\" content=\"Salles r\u00e9unions Hotel Indigo Verona | Grand Hotel Des Arts\" \/>\n<meta property=\"og:description\" content=\"Les salles de r\u00e9union de l&#039;Hotel Indigo des Arts Verona ont \u00e9t\u00e9 con\u00e7ues pour organiser des r\u00e9unions \u00e0 quelques pas de l&#039;Ar\u00e8ne.\" \/>\n<meta property=\"og:url\" content=\"https:\/\/www.indigoverona.com\/fr\/meeting-events\/salle-de-reunion\/\" \/>\n<meta property=\"og:site_name\" content=\"Hotel Indigo Verona - Grand Hotel Des Arts\" \/>\n<meta property=\"article:modified_time\" content=\"2025-07-15T10:20:11+00:00\" \/>\n<meta name=\"twitter:card\" content=\"summary_large_image\" \/>\n<meta name=\"twitter:label1\" content=\"Dur\u00e9e de lecture estim\u00e9e\" \/>\n\t<meta name=\"twitter:data1\" content=\"1 minute\" \/>\n<script type=\"application\/ld+json\" class=\"yoast-schema-graph\">{\"@context\":\"https:\/\/schema.org\",\"@graph\":[{\"@type\":\"WebPage\",\"@id\":\"https:\/\/www.indigoverona.com\/fr\/meeting-events\/salle-de-reunion\/\",\"url\":\"https:\/\/www.indigoverona.com\/fr\/meeting-events\/salle-de-reunion\/\",\"name\":\"Salles r\u00e9unions Hotel Indigo Verona | Grand Hotel Des Arts\",\"isPartOf\":{\"@id\":\"https:\/\/www.indigoverona.com\/fr\/#website\"},\"datePublished\":\"2020-05-14T10:00:02+00:00\",\"dateModified\":\"2025-07-15T10:20:11+00:00\",\"description\":\"Les salles de r\u00e9union de l'Hotel Indigo des Arts Verona ont \u00e9t\u00e9 con\u00e7ues pour organiser des r\u00e9unions \u00e0 quelques pas de l'Ar\u00e8ne.\",\"breadcrumb\":{\"@id\":\"https:\/\/www.indigoverona.com\/fr\/meeting-events\/salle-de-reunion\/#breadcrumb\"},\"inLanguage\":\"fr-FR\",\"potentialAction\":[{\"@type\":\"ReadAction\",\"target\":[\"https:\/\/www.indigoverona.com\/fr\/meeting-events\/salle-de-reunion\/\"]}]},{\"@type\":\"BreadcrumbList\",\"@id\":\"https:\/\/www.indigoverona.com\/fr\/meeting-events\/salle-de-reunion\/#breadcrumb\",\"itemListElement\":[{\"@type\":\"ListItem\",\"position\":1,\"name\":\"Home\",\"item\":\"https:\/\/www.indigoverona.com\/fr\/\"},{\"@type\":\"ListItem\",\"position\":2,\"name\":\"Meeting et Conf\u00e9rences\",\"item\":\"https:\/\/www.indigoverona.com\/fr\/meeting-events\/\"},{\"@type\":\"ListItem\",\"position\":3,\"name\":\"Salle de r\u00e9union\"}]},{\"@type\":\"WebSite\",\"@id\":\"https:\/\/www.indigoverona.com\/fr\/#website\",\"url\":\"https:\/\/www.indigoverona.com\/fr\/\",\"name\":\"Hotel Indigo Verona - Grand Hotel Des Arts\",\"description\":\"Just another ms.decms.eu site\",\"potentialAction\":[{\"@type\":\"SearchAction\",\"target\":{\"@type\":\"EntryPoint\",\"urlTemplate\":\"https:\/\/www.indigoverona.com\/fr\/?s={search_term_string}\"},\"query-input\":{\"@type\":\"PropertyValueSpecification\",\"valueRequired\":true,\"valueName\":\"search_term_string\"}}],\"inLanguage\":\"fr-FR\"}]}<\/script>\n<!-- \/ Yoast SEO plugin. -->","yoast_head_json":{"title":"Salles r\u00e9unions Hotel Indigo Verona | Grand Hotel Des Arts","description":"Les salles de r\u00e9union de l'Hotel Indigo des Arts Verona ont \u00e9t\u00e9 con\u00e7ues pour organiser des r\u00e9unions \u00e0 quelques pas de l'Ar\u00e8ne.","robots":{"index":"index","follow":"follow","max-snippet":"max-snippet:-1","max-image-preview":"max-image-preview:large","max-video-preview":"max-video-preview:-1"},"canonical":"https:\/\/www.indigoverona.com\/fr\/meeting-events\/salle-de-reunion\/","og_locale":"fr_FR","og_type":"article","og_title":"Salles r\u00e9unions Hotel Indigo Verona | Grand Hotel Des Arts","og_description":"Les salles de r\u00e9union de l'Hotel Indigo des Arts Verona ont \u00e9t\u00e9 con\u00e7ues pour organiser des r\u00e9unions \u00e0 quelques pas de l'Ar\u00e8ne.","og_url":"https:\/\/www.indigoverona.com\/fr\/meeting-events\/salle-de-reunion\/","og_site_name":"Hotel Indigo Verona - Grand Hotel Des Arts","article_modified_time":"2025-07-15T10:20:11+00:00","twitter_card":"summary_large_image","twitter_misc":{"Dur\u00e9e de lecture estim\u00e9e":"1 minute"},"schema":{"@context":"https:\/\/schema.org","@graph":[{"@type":"WebPage","@id":"https:\/\/www.indigoverona.com\/fr\/meeting-events\/salle-de-reunion\/","url":"https:\/\/www.indigoverona.com\/fr\/meeting-events\/salle-de-reunion\/","name":"Salles r\u00e9unions Hotel Indigo Verona | Grand Hotel Des Arts","isPartOf":{"@id":"https:\/\/www.indigoverona.com\/fr\/#website"},"datePublished":"2020-05-14T10:00:02+00:00","dateModified":"2025-07-15T10:20:11+00:00","description":"Les salles de r\u00e9union de l'Hotel Indigo des Arts Verona ont \u00e9t\u00e9 con\u00e7ues pour organiser des r\u00e9unions \u00e0 quelques pas de l'Ar\u00e8ne.","breadcrumb":{"@id":"https:\/\/www.indigoverona.com\/fr\/meeting-events\/salle-de-reunion\/#breadcrumb"},"inLanguage":"fr-FR","potentialAction":[{"@type":"ReadAction","target":["https:\/\/www.indigoverona.com\/fr\/meeting-events\/salle-de-reunion\/"]}]},{"@type":"BreadcrumbList","@id":"https:\/\/www.indigoverona.com\/fr\/meeting-events\/salle-de-reunion\/#breadcrumb","itemListElement":[{"@type":"ListItem","position":1,"name":"Home","item":"https:\/\/www.indigoverona.com\/fr\/"},{"@type":"ListItem","position":2,"name":"Meeting et Conf\u00e9rences","item":"https:\/\/www.indigoverona.com\/fr\/meeting-events\/"},{"@type":"ListItem","position":3,"name":"Salle de r\u00e9union"}]},{"@type":"WebSite","@id":"https:\/\/www.indigoverona.com\/fr\/#website","url":"https:\/\/www.indigoverona.com\/fr\/","name":"Hotel Indigo Verona - Grand Hotel Des Arts","description":"Just another ms.decms.eu site","potentialAction":[{"@type":"SearchAction","target":{"@type":"EntryPoint","urlTemplate":"https:\/\/www.indigoverona.com\/fr\/?s={search_term_string}"},"query-input":{"@type":"PropertyValueSpecification","valueRequired":true,"valueName":"search_term_string"}}],"inLanguage":"fr-FR"}]}},"acf":[],"_links":{"self":[{"href":"https:\/\/www.indigoverona.com\/fr\/wp-json\/wp\/v2\/pages\/657","targetHints":{"allow":["GET"]}}],"collection":[{"href":"https:\/\/www.indigoverona.com\/fr\/wp-json\/wp\/v2\/pages"}],"about":[{"href":"https:\/\/www.indigoverona.com\/fr\/wp-json\/wp\/v2\/types\/page"}],"author":[{"embeddable":true,"href":"https:\/\/www.indigoverona.com\/fr\/wp-json\/wp\/v2\/users\/7"}],"replies":[{"embeddable":true,"href":"https:\/\/www.indigoverona.com\/fr\/wp-json\/wp\/v2\/comments?post=657"}],"version-history":[{"count":0,"href":"https:\/\/www.indigoverona.com\/fr\/wp-json\/wp\/v2\/pages\/657\/revisions"}],"up":[{"embeddable":true,"href":"https:\/\/www.indigoverona.com\/fr\/wp-json\/wp\/v2\/pages\/651"}],"wp:attachment":[{"href":"https:\/\/www.indigoverona.com\/fr\/wp-json\/wp\/v2\/media?parent=657"}],"curies":[{"name":"wp","href":"https:\/\/api.w.org\/{rel}","templated":true}]}}