{"id":669,"date":"2020-05-14T13:07:33","date_gmt":"2020-05-14T13:07:33","guid":{"rendered":"https:\/\/www.indigoverona.com\/special-offers\/"},"modified":"2025-04-23T10:27:02","modified_gmt":"2025-04-23T10:27:02","slug":"offres-speciales","status":"publish","type":"page","link":"https:\/\/www.indigoverona.com\/fr\/offres-speciales\/","title":{"rendered":"Offres Sp\u00e9ciales"},"content":{"rendered":"<p><strong>Des avantages exclusifs, <\/strong>des exp\u00e9riences inoubliables et une<strong> s\u00e9lection de forfaits et de tarifs <\/strong>con\u00e7us pour r\u00e9pondre \u00e0 tous vos besoins.Pour un voyage d&rsquo;agr\u00e9ment ou d&rsquo;affaires, que vous soyez seul ou en voyage avec votre famille (y compris des amis \u00e0 quatre pattes), parions-nous que nous saurons vous surprendre et cajoler comme vous le m\u00e9ritez?<\/p>\n","protected":false},"excerpt":{"rendered":"<p>Des avantages exclusifs, des exp\u00e9riences inoubliables et une s\u00e9lection de forfaits et de tarifs con\u00e7us pour r\u00e9pondre \u00e0 tous vos besoins.Pour un voyage d&rsquo;agr\u00e9ment ou d&rsquo;affaires, que vous soyez seul ou en voyage avec votre famille (y compris des amis \u00e0 quatre pattes), parions-nous que nous saurons vous surprendre et cajoler comme vous le m\u00e9ritez?<\/p>\n","protected":false},"author":7,"featured_media":0,"parent":0,"menu_order":5,"comment_status":"closed","ping_status":"closed","template":"template-offers.php","meta":{"footnotes":""},"class_list":["post-669","page","type-page","status-publish","hentry"],"yoast_head":"<!-- This site is optimized with the Yoast SEO plugin v26.9 - https:\/\/yoast.com\/product\/yoast-seo-wordpress\/ -->\n<title>Meilleures offres H\u00f4tel Boutique | Hotel Indigo Verona 4 \u00c9toiles<\/title>\n<meta name=\"description\" content=\"D\u00e9couvrez les offres sp\u00e9ciales de l&#039;Hotel Indigo Verona! Offrez-vous un s\u00e9jour de r\u00eave au c\u0153ur de la ville la plus romantique qui soit.\" \/>\n<meta name=\"robots\" content=\"index, follow, max-snippet:-1, max-image-preview:large, max-video-preview:-1\" \/>\n<link rel=\"canonical\" href=\"https:\/\/www.indigoverona.com\/fr\/offres-speciales\/\" \/>\n<meta property=\"og:locale\" content=\"fr_FR\" \/>\n<meta property=\"og:type\" content=\"article\" \/>\n<meta property=\"og:title\" content=\"Meilleures offres H\u00f4tel Boutique | Hotel Indigo Verona 4 \u00c9toiles\" \/>\n<meta property=\"og:description\" content=\"D\u00e9couvrez les offres sp\u00e9ciales de l&#039;Hotel Indigo Verona! Offrez-vous un s\u00e9jour de r\u00eave au c\u0153ur de la ville la plus romantique qui soit.\" \/>\n<meta property=\"og:url\" content=\"https:\/\/www.indigoverona.com\/fr\/offres-speciales\/\" \/>\n<meta property=\"og:site_name\" content=\"Hotel Indigo Verona - Grand Hotel Des Arts\" \/>\n<meta property=\"article:modified_time\" content=\"2025-04-23T10:27:02+00:00\" \/>\n<meta name=\"twitter:card\" content=\"summary_large_image\" \/>\n<meta name=\"twitter:label1\" content=\"Dur\u00e9e de lecture estim\u00e9e\" \/>\n\t<meta name=\"twitter:data1\" content=\"1 minute\" \/>\n<script type=\"application\/ld+json\" class=\"yoast-schema-graph\">{\"@context\":\"https:\/\/schema.org\",\"@graph\":[{\"@type\":\"WebPage\",\"@id\":\"https:\/\/www.indigoverona.com\/fr\/offres-speciales\/\",\"url\":\"https:\/\/www.indigoverona.com\/fr\/offres-speciales\/\",\"name\":\"Meilleures offres H\u00f4tel Boutique | Hotel Indigo Verona 4 \u00c9toiles\",\"isPartOf\":{\"@id\":\"https:\/\/www.indigoverona.com\/fr\/#website\"},\"datePublished\":\"2020-05-14T13:07:33+00:00\",\"dateModified\":\"2025-04-23T10:27:02+00:00\",\"description\":\"D\u00e9couvrez les offres sp\u00e9ciales de l'Hotel Indigo Verona! Offrez-vous un s\u00e9jour de r\u00eave au c\u0153ur de la ville la plus romantique qui soit.\",\"breadcrumb\":{\"@id\":\"https:\/\/www.indigoverona.com\/fr\/offres-speciales\/#breadcrumb\"},\"inLanguage\":\"fr-FR\",\"potentialAction\":[{\"@type\":\"ReadAction\",\"target\":[\"https:\/\/www.indigoverona.com\/fr\/offres-speciales\/\"]}]},{\"@type\":\"BreadcrumbList\",\"@id\":\"https:\/\/www.indigoverona.com\/fr\/offres-speciales\/#breadcrumb\",\"itemListElement\":[{\"@type\":\"ListItem\",\"position\":1,\"name\":\"Home\",\"item\":\"https:\/\/www.indigoverona.com\/fr\/\"},{\"@type\":\"ListItem\",\"position\":2,\"name\":\"Offres Sp\u00e9ciales\"}]},{\"@type\":\"WebSite\",\"@id\":\"https:\/\/www.indigoverona.com\/fr\/#website\",\"url\":\"https:\/\/www.indigoverona.com\/fr\/\",\"name\":\"Hotel Indigo Verona - Grand Hotel Des Arts\",\"description\":\"Just another ms.decms.eu site\",\"potentialAction\":[{\"@type\":\"SearchAction\",\"target\":{\"@type\":\"EntryPoint\",\"urlTemplate\":\"https:\/\/www.indigoverona.com\/fr\/?s={search_term_string}\"},\"query-input\":{\"@type\":\"PropertyValueSpecification\",\"valueRequired\":true,\"valueName\":\"search_term_string\"}}],\"inLanguage\":\"fr-FR\"}]}<\/script>\n<!-- \/ Yoast SEO plugin. -->","yoast_head_json":{"title":"Meilleures offres H\u00f4tel Boutique | Hotel Indigo Verona 4 \u00c9toiles","description":"D\u00e9couvrez les offres sp\u00e9ciales de l'Hotel Indigo Verona! Offrez-vous un s\u00e9jour de r\u00eave au c\u0153ur de la ville la plus romantique qui soit.","robots":{"index":"index","follow":"follow","max-snippet":"max-snippet:-1","max-image-preview":"max-image-preview:large","max-video-preview":"max-video-preview:-1"},"canonical":"https:\/\/www.indigoverona.com\/fr\/offres-speciales\/","og_locale":"fr_FR","og_type":"article","og_title":"Meilleures offres H\u00f4tel Boutique | Hotel Indigo Verona 4 \u00c9toiles","og_description":"D\u00e9couvrez les offres sp\u00e9ciales de l'Hotel Indigo Verona! Offrez-vous un s\u00e9jour de r\u00eave au c\u0153ur de la ville la plus romantique qui soit.","og_url":"https:\/\/www.indigoverona.com\/fr\/offres-speciales\/","og_site_name":"Hotel Indigo Verona - Grand Hotel Des Arts","article_modified_time":"2025-04-23T10:27:02+00:00","twitter_card":"summary_large_image","twitter_misc":{"Dur\u00e9e de lecture estim\u00e9e":"1 minute"},"schema":{"@context":"https:\/\/schema.org","@graph":[{"@type":"WebPage","@id":"https:\/\/www.indigoverona.com\/fr\/offres-speciales\/","url":"https:\/\/www.indigoverona.com\/fr\/offres-speciales\/","name":"Meilleures offres H\u00f4tel Boutique | Hotel Indigo Verona 4 \u00c9toiles","isPartOf":{"@id":"https:\/\/www.indigoverona.com\/fr\/#website"},"datePublished":"2020-05-14T13:07:33+00:00","dateModified":"2025-04-23T10:27:02+00:00","description":"D\u00e9couvrez les offres sp\u00e9ciales de l'Hotel Indigo Verona! Offrez-vous un s\u00e9jour de r\u00eave au c\u0153ur de la ville la plus romantique qui soit.","breadcrumb":{"@id":"https:\/\/www.indigoverona.com\/fr\/offres-speciales\/#breadcrumb"},"inLanguage":"fr-FR","potentialAction":[{"@type":"ReadAction","target":["https:\/\/www.indigoverona.com\/fr\/offres-speciales\/"]}]},{"@type":"BreadcrumbList","@id":"https:\/\/www.indigoverona.com\/fr\/offres-speciales\/#breadcrumb","itemListElement":[{"@type":"ListItem","position":1,"name":"Home","item":"https:\/\/www.indigoverona.com\/fr\/"},{"@type":"ListItem","position":2,"name":"Offres Sp\u00e9ciales"}]},{"@type":"WebSite","@id":"https:\/\/www.indigoverona.com\/fr\/#website","url":"https:\/\/www.indigoverona.com\/fr\/","name":"Hotel Indigo Verona - Grand Hotel Des Arts","description":"Just another ms.decms.eu site","potentialAction":[{"@type":"SearchAction","target":{"@type":"EntryPoint","urlTemplate":"https:\/\/www.indigoverona.com\/fr\/?s={search_term_string}"},"query-input":{"@type":"PropertyValueSpecification","valueRequired":true,"valueName":"search_term_string"}}],"inLanguage":"fr-FR"}]}},"acf":[],"_links":{"self":[{"href":"https:\/\/www.indigoverona.com\/fr\/wp-json\/wp\/v2\/pages\/669","targetHints":{"allow":["GET"]}}],"collection":[{"href":"https:\/\/www.indigoverona.com\/fr\/wp-json\/wp\/v2\/pages"}],"about":[{"href":"https:\/\/www.indigoverona.com\/fr\/wp-json\/wp\/v2\/types\/page"}],"author":[{"embeddable":true,"href":"https:\/\/www.indigoverona.com\/fr\/wp-json\/wp\/v2\/users\/7"}],"replies":[{"embeddable":true,"href":"https:\/\/www.indigoverona.com\/fr\/wp-json\/wp\/v2\/comments?post=669"}],"version-history":[{"count":0,"href":"https:\/\/www.indigoverona.com\/fr\/wp-json\/wp\/v2\/pages\/669\/revisions"}],"wp:attachment":[{"href":"https:\/\/www.indigoverona.com\/fr\/wp-json\/wp\/v2\/media?parent=669"}],"curies":[{"name":"wp","href":"https:\/\/api.w.org\/{rel}","templated":true}]}}