{"id":674,"date":"2020-07-23T13:52:01","date_gmt":"2020-07-23T13:52:01","guid":{"rendered":"https:\/\/www.indigoverona.com\/?page_id=674"},"modified":"2024-06-05T15:00:10","modified_gmt":"2024-06-05T15:00:10","slug":"verona","status":"publish","type":"page","link":"https:\/\/www.indigoverona.com\/fr\/verona\/","title":{"rendered":"Verona"},"content":{"rendered":"<p>Magique en hiver, comme si elle avait un caract\u00e8re vif-argent en \u00e9t\u00e9, paresseuse au r\u00e9veil, mais pleine de promesses au printemps, insouciante en automne: <strong>V\u00e9rone est la ville de l&rsquo;amour<\/strong>, mais surtout <strong>une ville qui sait se faire aimer<\/strong>. En particulier, par ceux qui n&rsquo;ont pas peur de l&rsquo;affronter face \u00e0 face, ou plut\u00f4t: pas \u00e0 pas.<\/p>\n<p>Promenez-vous dans ses rues en profitant de l&rsquo;atmosph\u00e8re particuli\u00e8re que vous en respirez; laissez-vous envo\u00fbter par les places principales, avec les b\u00e2timents historiques aux fa\u00e7ades magnifiquement peintes, les statues, les fontaines, les tourelles cr\u00e9nel\u00e9es qui s&rsquo;\u00e9l\u00e8vent au-dessus des toits. Perdez-vous dans les perspectives qui s&rsquo;ouvrent <strong>le long des rives de l&rsquo;Adige<\/strong>, en suivant le chemin de la rivi\u00e8re jusqu&rsquo;aux c\u00e9l\u00e8bres ponts qui la traversent, plongez au c\u0153ur de la ville et sortez enrichi de l&rsquo;esprit.<\/p>\n<p>Mais surtout: prenez-vous le temps de d\u00e9couvrir la ville petit \u00e0 petit. Laissez-vous surprendre et conqu\u00e9rir par la belle V\u00e9rone!<\/p>\n","protected":false},"excerpt":{"rendered":"<p>Magique en hiver, comme si elle avait un caract\u00e8re vif-argent en \u00e9t\u00e9, paresseuse au r\u00e9veil, mais pleine de promesses au printemps, insouciante en automne: V\u00e9rone est la ville de l&rsquo;amour, mais surtout une ville qui sait se faire aimer. En particulier, par ceux qui n&rsquo;ont pas peur de l&rsquo;affronter face \u00e0 face, ou plut\u00f4t: pas [&hellip;]<\/p>\n","protected":false},"author":7,"featured_media":0,"parent":0,"menu_order":7,"comment_status":"closed","ping_status":"closed","template":"","meta":{"footnotes":""},"class_list":["post-674","page","type-page","status-publish","hentry"],"yoast_head":"<!-- This site is optimized with the Yoast SEO plugin v26.9 - https:\/\/yoast.com\/product\/yoast-seo-wordpress\/ -->\n<title>Boutique Hotel Indigo Verona | Grand Hotel des Arts<\/title>\n<meta name=\"description\" content=\"D\u00e9couvrez l&#039;H\u00f4tel boutique historique 4 \u00e9toiles au centre de V\u00e9rone. D\u00e9cor\u00e9 de nombreuses peintures et sculptures, son style est absolument \u00e9l\u00e9gant.\" \/>\n<meta name=\"robots\" content=\"index, follow, max-snippet:-1, max-image-preview:large, max-video-preview:-1\" \/>\n<link rel=\"canonical\" href=\"https:\/\/www.indigoverona.com\/fr\/verona\/\" \/>\n<meta property=\"og:locale\" content=\"fr_FR\" \/>\n<meta property=\"og:type\" content=\"article\" \/>\n<meta property=\"og:title\" content=\"Boutique Hotel Indigo Verona | Grand Hotel des Arts\" \/>\n<meta property=\"og:description\" content=\"D\u00e9couvrez l&#039;H\u00f4tel boutique historique 4 \u00e9toiles au centre de V\u00e9rone. D\u00e9cor\u00e9 de nombreuses peintures et sculptures, son style est absolument \u00e9l\u00e9gant.\" \/>\n<meta property=\"og:url\" content=\"https:\/\/www.indigoverona.com\/fr\/verona\/\" \/>\n<meta property=\"og:site_name\" content=\"Hotel Indigo Verona - Grand Hotel Des Arts\" \/>\n<meta property=\"article:modified_time\" content=\"2024-06-05T15:00:10+00:00\" \/>\n<meta name=\"twitter:card\" content=\"summary_large_image\" \/>\n<meta name=\"twitter:label1\" content=\"Dur\u00e9e de lecture estim\u00e9e\" \/>\n\t<meta name=\"twitter:data1\" content=\"1 minute\" \/>\n<script type=\"application\/ld+json\" class=\"yoast-schema-graph\">{\"@context\":\"https:\/\/schema.org\",\"@graph\":[{\"@type\":\"WebPage\",\"@id\":\"https:\/\/www.indigoverona.com\/fr\/verona\/\",\"url\":\"https:\/\/www.indigoverona.com\/fr\/verona\/\",\"name\":\"Boutique Hotel Indigo Verona | Grand Hotel des Arts\",\"isPartOf\":{\"@id\":\"https:\/\/www.indigoverona.com\/fr\/#website\"},\"datePublished\":\"2020-07-23T13:52:01+00:00\",\"dateModified\":\"2024-06-05T15:00:10+00:00\",\"description\":\"D\u00e9couvrez l'H\u00f4tel boutique historique 4 \u00e9toiles au centre de V\u00e9rone. D\u00e9cor\u00e9 de nombreuses peintures et sculptures, son style est absolument \u00e9l\u00e9gant.\",\"breadcrumb\":{\"@id\":\"https:\/\/www.indigoverona.com\/fr\/verona\/#breadcrumb\"},\"inLanguage\":\"fr-FR\",\"potentialAction\":[{\"@type\":\"ReadAction\",\"target\":[\"https:\/\/www.indigoverona.com\/fr\/verona\/\"]}]},{\"@type\":\"BreadcrumbList\",\"@id\":\"https:\/\/www.indigoverona.com\/fr\/verona\/#breadcrumb\",\"itemListElement\":[{\"@type\":\"ListItem\",\"position\":1,\"name\":\"Home\",\"item\":\"https:\/\/www.indigoverona.com\/fr\/\"},{\"@type\":\"ListItem\",\"position\":2,\"name\":\"Verona\"}]},{\"@type\":\"WebSite\",\"@id\":\"https:\/\/www.indigoverona.com\/fr\/#website\",\"url\":\"https:\/\/www.indigoverona.com\/fr\/\",\"name\":\"Hotel Indigo Verona - Grand Hotel Des Arts\",\"description\":\"Just another ms.decms.eu site\",\"potentialAction\":[{\"@type\":\"SearchAction\",\"target\":{\"@type\":\"EntryPoint\",\"urlTemplate\":\"https:\/\/www.indigoverona.com\/fr\/?s={search_term_string}\"},\"query-input\":{\"@type\":\"PropertyValueSpecification\",\"valueRequired\":true,\"valueName\":\"search_term_string\"}}],\"inLanguage\":\"fr-FR\"}]}<\/script>\n<!-- \/ Yoast SEO plugin. -->","yoast_head_json":{"title":"Boutique Hotel Indigo Verona | Grand Hotel des Arts","description":"D\u00e9couvrez l'H\u00f4tel boutique historique 4 \u00e9toiles au centre de V\u00e9rone. D\u00e9cor\u00e9 de nombreuses peintures et sculptures, son style est absolument \u00e9l\u00e9gant.","robots":{"index":"index","follow":"follow","max-snippet":"max-snippet:-1","max-image-preview":"max-image-preview:large","max-video-preview":"max-video-preview:-1"},"canonical":"https:\/\/www.indigoverona.com\/fr\/verona\/","og_locale":"fr_FR","og_type":"article","og_title":"Boutique Hotel Indigo Verona | Grand Hotel des Arts","og_description":"D\u00e9couvrez l'H\u00f4tel boutique historique 4 \u00e9toiles au centre de V\u00e9rone. D\u00e9cor\u00e9 de nombreuses peintures et sculptures, son style est absolument \u00e9l\u00e9gant.","og_url":"https:\/\/www.indigoverona.com\/fr\/verona\/","og_site_name":"Hotel Indigo Verona - Grand Hotel Des Arts","article_modified_time":"2024-06-05T15:00:10+00:00","twitter_card":"summary_large_image","twitter_misc":{"Dur\u00e9e de lecture estim\u00e9e":"1 minute"},"schema":{"@context":"https:\/\/schema.org","@graph":[{"@type":"WebPage","@id":"https:\/\/www.indigoverona.com\/fr\/verona\/","url":"https:\/\/www.indigoverona.com\/fr\/verona\/","name":"Boutique Hotel Indigo Verona | Grand Hotel des Arts","isPartOf":{"@id":"https:\/\/www.indigoverona.com\/fr\/#website"},"datePublished":"2020-07-23T13:52:01+00:00","dateModified":"2024-06-05T15:00:10+00:00","description":"D\u00e9couvrez l'H\u00f4tel boutique historique 4 \u00e9toiles au centre de V\u00e9rone. D\u00e9cor\u00e9 de nombreuses peintures et sculptures, son style est absolument \u00e9l\u00e9gant.","breadcrumb":{"@id":"https:\/\/www.indigoverona.com\/fr\/verona\/#breadcrumb"},"inLanguage":"fr-FR","potentialAction":[{"@type":"ReadAction","target":["https:\/\/www.indigoverona.com\/fr\/verona\/"]}]},{"@type":"BreadcrumbList","@id":"https:\/\/www.indigoverona.com\/fr\/verona\/#breadcrumb","itemListElement":[{"@type":"ListItem","position":1,"name":"Home","item":"https:\/\/www.indigoverona.com\/fr\/"},{"@type":"ListItem","position":2,"name":"Verona"}]},{"@type":"WebSite","@id":"https:\/\/www.indigoverona.com\/fr\/#website","url":"https:\/\/www.indigoverona.com\/fr\/","name":"Hotel Indigo Verona - Grand Hotel Des Arts","description":"Just another ms.decms.eu site","potentialAction":[{"@type":"SearchAction","target":{"@type":"EntryPoint","urlTemplate":"https:\/\/www.indigoverona.com\/fr\/?s={search_term_string}"},"query-input":{"@type":"PropertyValueSpecification","valueRequired":true,"valueName":"search_term_string"}}],"inLanguage":"fr-FR"}]}},"acf":[],"_links":{"self":[{"href":"https:\/\/www.indigoverona.com\/fr\/wp-json\/wp\/v2\/pages\/674","targetHints":{"allow":["GET"]}}],"collection":[{"href":"https:\/\/www.indigoverona.com\/fr\/wp-json\/wp\/v2\/pages"}],"about":[{"href":"https:\/\/www.indigoverona.com\/fr\/wp-json\/wp\/v2\/types\/page"}],"author":[{"embeddable":true,"href":"https:\/\/www.indigoverona.com\/fr\/wp-json\/wp\/v2\/users\/7"}],"replies":[{"embeddable":true,"href":"https:\/\/www.indigoverona.com\/fr\/wp-json\/wp\/v2\/comments?post=674"}],"version-history":[{"count":0,"href":"https:\/\/www.indigoverona.com\/fr\/wp-json\/wp\/v2\/pages\/674\/revisions"}],"wp:attachment":[{"href":"https:\/\/www.indigoverona.com\/fr\/wp-json\/wp\/v2\/media?parent=674"}],"curies":[{"name":"wp","href":"https:\/\/api.w.org\/{rel}","templated":true}]}}