{"id":678,"date":"2020-07-23T14:12:56","date_gmt":"2020-07-23T14:12:56","guid":{"rendered":"https:\/\/www.indigoverona.com\/?page_id=678"},"modified":"2023-09-29T15:47:02","modified_gmt":"2023-09-29T15:47:02","slug":"lieux-a-visiter","status":"publish","type":"page","link":"https:\/\/www.indigoverona.com\/fr\/verona\/lieux-a-visiter\/","title":{"rendered":"Lieux \u00e0 visiter"},"content":{"rendered":"<p>A <strong>V\u00e9rone<\/strong>, vous avez l&#8217;embarras du choix: les monuments chers au c\u0153ur des touristes comme les <a title=\" Rom\u00e9o et Juliette - Hotel Indigo Verona\" href=\"https:\/\/www.indigoverona.com\/fr\/verona\/lieux-a-visiter\/romeo-et-juliette\/\"><strong><u>maisons de Rom\u00e9o et Juliette<\/u><\/strong><\/a>; les ch\u00e2teaux, les fortifications, les ponts et les b\u00e2timents m\u00e9di\u00e9vaux, l&rsquo;amphith\u00e9\u00e2tre romain connu sous le nom d&rsquo;<a title=\"Ar\u00e8ne et Piazza Bra - Hotel Indigo Verona\" href=\"https:\/\/www.indigoverona.com\/fr\/verona\/lieux-a-visiter\/larene-et-la-piazza-bra\/\"><strong><u>Arena<\/u><\/strong><\/a>, des places avec de larges perspectives telles que la <strong>Bra<\/strong> ou des clo\u00eetres au charme intemporel comme la <a title=\"Piazza delle Erbe - Hotel Indigo Verona\" href=\"https:\/\/www.indigoverona.com\/fr\/verona\/lieux-a-visiter\/piazza-delle-erbe\/\"><strong><u>Piazza delle Erbe<\/u><\/strong><\/a> ou la <a title=\"Piazza dei Signori - Hotel Indigo Verona\" href=\"https:\/\/www.indigoverona.com\/fr\/verona\/lieux-a-visiter\/piazza-dei-signori\/\"><strong><u>Piazza dei Signori<\/u><\/strong><\/a>, des mus\u00e9es qui accueillent des expositions d&rsquo;art ancien et moderne comme la <a title=\"Palazzo della Gran Guardia - Hotel Indigo Verona\" href=\"https:\/\/www.indigoverona.com\/fr\/verona\/lieux-a-visiter\/palazzo-gran-guardia\/\"><strong><u>Gran Guardia<\/u><\/strong><\/a> ou <a title=\"Castelvecchio - Hotel Indigo Verona\" href=\"https:\/\/www.indigoverona.com\/fr\/verona\/lieux-a-visiter\/museo-di-castelvecchio\/\"><strong><u>Castelvecchio<\/u><\/strong><\/a>; des \u00e9glises et des s\u00e9pulcres ou, pour terminer, des voies sur\u00e9lev\u00e9es qui peuvent vous couper le souffle comme celle de <a title=\"Castel San Pietro - Hotel Indigo Verona\" href=\"https:\/\/www.indigoverona.com\/fr\/verona\/lieux-a-visiter\/castel-san-pietro\/\"><strong><u>Castel San Pietro<\/u><\/strong><\/a>.<\/p>\n<p>Bref, vous ne vous ennuierez certainement pas, pour passer votre temps libre dans la ville de V\u00e9rone!<\/p>\n","protected":false},"excerpt":{"rendered":"<p>A V\u00e9rone, vous avez l&#8217;embarras du choix: les monuments chers au c\u0153ur des touristes comme les maisons de Rom\u00e9o et Juliette; les ch\u00e2teaux, les fortifications, les ponts et les b\u00e2timents m\u00e9di\u00e9vaux, l&rsquo;amphith\u00e9\u00e2tre romain connu sous le nom d&rsquo;Arena, des places avec de larges perspectives telles que la Bra ou des clo\u00eetres au charme intemporel comme [&hellip;]<\/p>\n","protected":false},"author":7,"featured_media":0,"parent":674,"menu_order":0,"comment_status":"closed","ping_status":"closed","template":"template-venice.php","meta":{"footnotes":""},"class_list":["post-678","page","type-page","status-publish","hentry"],"yoast_head":"<!-- This site is optimized with the Yoast SEO plugin v26.9 - https:\/\/yoast.com\/product\/yoast-seo-wordpress\/ -->\n<title>Que voir \u00e0 V\u00e9rone | Hotel Indigo Verona<\/title>\n<meta name=\"description\" content=\"Histoire, tradition, culture: d\u00e9couvrez toutes les infos sur ce qu&#039;il faut voir \u00e0 V\u00e9rone !\" \/>\n<meta name=\"robots\" content=\"index, follow, max-snippet:-1, max-image-preview:large, max-video-preview:-1\" \/>\n<link rel=\"canonical\" href=\"https:\/\/www.indigoverona.com\/fr\/verona\/lieux-a-visiter\/\" \/>\n<meta property=\"og:locale\" content=\"fr_FR\" \/>\n<meta property=\"og:type\" content=\"article\" \/>\n<meta property=\"og:title\" content=\"Que voir \u00e0 V\u00e9rone | Hotel Indigo Verona\" \/>\n<meta property=\"og:description\" content=\"Histoire, tradition, culture: d\u00e9couvrez toutes les infos sur ce qu&#039;il faut voir \u00e0 V\u00e9rone !\" \/>\n<meta property=\"og:url\" content=\"https:\/\/www.indigoverona.com\/fr\/verona\/lieux-a-visiter\/\" \/>\n<meta property=\"og:site_name\" content=\"Hotel Indigo Verona - Grand Hotel Des Arts\" \/>\n<meta property=\"article:modified_time\" content=\"2023-09-29T15:47:02+00:00\" \/>\n<meta name=\"twitter:card\" content=\"summary_large_image\" \/>\n<meta name=\"twitter:label1\" content=\"Dur\u00e9e de lecture estim\u00e9e\" \/>\n\t<meta name=\"twitter:data1\" content=\"1 minute\" \/>\n<script type=\"application\/ld+json\" class=\"yoast-schema-graph\">{\"@context\":\"https:\/\/schema.org\",\"@graph\":[{\"@type\":\"WebPage\",\"@id\":\"https:\/\/www.indigoverona.com\/fr\/verona\/lieux-a-visiter\/\",\"url\":\"https:\/\/www.indigoverona.com\/fr\/verona\/lieux-a-visiter\/\",\"name\":\"Que voir \u00e0 V\u00e9rone | Hotel Indigo Verona\",\"isPartOf\":{\"@id\":\"https:\/\/www.indigoverona.com\/fr\/#website\"},\"datePublished\":\"2020-07-23T14:12:56+00:00\",\"dateModified\":\"2023-09-29T15:47:02+00:00\",\"description\":\"Histoire, tradition, culture: d\u00e9couvrez toutes les infos sur ce qu'il faut voir \u00e0 V\u00e9rone !\",\"breadcrumb\":{\"@id\":\"https:\/\/www.indigoverona.com\/fr\/verona\/lieux-a-visiter\/#breadcrumb\"},\"inLanguage\":\"fr-FR\",\"potentialAction\":[{\"@type\":\"ReadAction\",\"target\":[\"https:\/\/www.indigoverona.com\/fr\/verona\/lieux-a-visiter\/\"]}]},{\"@type\":\"BreadcrumbList\",\"@id\":\"https:\/\/www.indigoverona.com\/fr\/verona\/lieux-a-visiter\/#breadcrumb\",\"itemListElement\":[{\"@type\":\"ListItem\",\"position\":1,\"name\":\"Home\",\"item\":\"https:\/\/www.indigoverona.com\/fr\/\"},{\"@type\":\"ListItem\",\"position\":2,\"name\":\"Verona\",\"item\":\"https:\/\/www.indigoverona.com\/fr\/verona\/\"},{\"@type\":\"ListItem\",\"position\":3,\"name\":\"Lieux \u00e0 visiter\"}]},{\"@type\":\"WebSite\",\"@id\":\"https:\/\/www.indigoverona.com\/fr\/#website\",\"url\":\"https:\/\/www.indigoverona.com\/fr\/\",\"name\":\"Hotel Indigo Verona - Grand Hotel Des Arts\",\"description\":\"Just another ms.decms.eu site\",\"potentialAction\":[{\"@type\":\"SearchAction\",\"target\":{\"@type\":\"EntryPoint\",\"urlTemplate\":\"https:\/\/www.indigoverona.com\/fr\/?s={search_term_string}\"},\"query-input\":{\"@type\":\"PropertyValueSpecification\",\"valueRequired\":true,\"valueName\":\"search_term_string\"}}],\"inLanguage\":\"fr-FR\"}]}<\/script>\n<!-- \/ Yoast SEO plugin. -->","yoast_head_json":{"title":"Que voir \u00e0 V\u00e9rone | Hotel Indigo Verona","description":"Histoire, tradition, culture: d\u00e9couvrez toutes les infos sur ce qu'il faut voir \u00e0 V\u00e9rone !","robots":{"index":"index","follow":"follow","max-snippet":"max-snippet:-1","max-image-preview":"max-image-preview:large","max-video-preview":"max-video-preview:-1"},"canonical":"https:\/\/www.indigoverona.com\/fr\/verona\/lieux-a-visiter\/","og_locale":"fr_FR","og_type":"article","og_title":"Que voir \u00e0 V\u00e9rone | Hotel Indigo Verona","og_description":"Histoire, tradition, culture: d\u00e9couvrez toutes les infos sur ce qu'il faut voir \u00e0 V\u00e9rone !","og_url":"https:\/\/www.indigoverona.com\/fr\/verona\/lieux-a-visiter\/","og_site_name":"Hotel Indigo Verona - Grand Hotel Des Arts","article_modified_time":"2023-09-29T15:47:02+00:00","twitter_card":"summary_large_image","twitter_misc":{"Dur\u00e9e de lecture estim\u00e9e":"1 minute"},"schema":{"@context":"https:\/\/schema.org","@graph":[{"@type":"WebPage","@id":"https:\/\/www.indigoverona.com\/fr\/verona\/lieux-a-visiter\/","url":"https:\/\/www.indigoverona.com\/fr\/verona\/lieux-a-visiter\/","name":"Que voir \u00e0 V\u00e9rone | Hotel Indigo Verona","isPartOf":{"@id":"https:\/\/www.indigoverona.com\/fr\/#website"},"datePublished":"2020-07-23T14:12:56+00:00","dateModified":"2023-09-29T15:47:02+00:00","description":"Histoire, tradition, culture: d\u00e9couvrez toutes les infos sur ce qu'il faut voir \u00e0 V\u00e9rone !","breadcrumb":{"@id":"https:\/\/www.indigoverona.com\/fr\/verona\/lieux-a-visiter\/#breadcrumb"},"inLanguage":"fr-FR","potentialAction":[{"@type":"ReadAction","target":["https:\/\/www.indigoverona.com\/fr\/verona\/lieux-a-visiter\/"]}]},{"@type":"BreadcrumbList","@id":"https:\/\/www.indigoverona.com\/fr\/verona\/lieux-a-visiter\/#breadcrumb","itemListElement":[{"@type":"ListItem","position":1,"name":"Home","item":"https:\/\/www.indigoverona.com\/fr\/"},{"@type":"ListItem","position":2,"name":"Verona","item":"https:\/\/www.indigoverona.com\/fr\/verona\/"},{"@type":"ListItem","position":3,"name":"Lieux \u00e0 visiter"}]},{"@type":"WebSite","@id":"https:\/\/www.indigoverona.com\/fr\/#website","url":"https:\/\/www.indigoverona.com\/fr\/","name":"Hotel Indigo Verona - Grand Hotel Des Arts","description":"Just another ms.decms.eu site","potentialAction":[{"@type":"SearchAction","target":{"@type":"EntryPoint","urlTemplate":"https:\/\/www.indigoverona.com\/fr\/?s={search_term_string}"},"query-input":{"@type":"PropertyValueSpecification","valueRequired":true,"valueName":"search_term_string"}}],"inLanguage":"fr-FR"}]}},"acf":[],"_links":{"self":[{"href":"https:\/\/www.indigoverona.com\/fr\/wp-json\/wp\/v2\/pages\/678","targetHints":{"allow":["GET"]}}],"collection":[{"href":"https:\/\/www.indigoverona.com\/fr\/wp-json\/wp\/v2\/pages"}],"about":[{"href":"https:\/\/www.indigoverona.com\/fr\/wp-json\/wp\/v2\/types\/page"}],"author":[{"embeddable":true,"href":"https:\/\/www.indigoverona.com\/fr\/wp-json\/wp\/v2\/users\/7"}],"replies":[{"embeddable":true,"href":"https:\/\/www.indigoverona.com\/fr\/wp-json\/wp\/v2\/comments?post=678"}],"version-history":[{"count":0,"href":"https:\/\/www.indigoverona.com\/fr\/wp-json\/wp\/v2\/pages\/678\/revisions"}],"up":[{"embeddable":true,"href":"https:\/\/www.indigoverona.com\/fr\/wp-json\/wp\/v2\/pages\/674"}],"wp:attachment":[{"href":"https:\/\/www.indigoverona.com\/fr\/wp-json\/wp\/v2\/media?parent=678"}],"curies":[{"name":"wp","href":"https:\/\/api.w.org\/{rel}","templated":true}]}}