{"id":690,"date":"2020-05-15T14:55:50","date_gmt":"2020-05-15T14:55:50","guid":{"rendered":"https:\/\/www.indigoverona.com\/verona\/lieux-a-visiter\/romeo-juliet\/"},"modified":"2021-01-15T09:44:49","modified_gmt":"2021-01-15T09:44:49","slug":"romeo-et-juliette","status":"publish","type":"page","link":"https:\/\/www.indigoverona.com\/fr\/verona\/lieux-a-visiter\/romeo-et-juliette\/","title":{"rendered":"Rom\u00e9o et Juliette"},"content":{"rendered":"<p>Vous ne pouvez pas visiter V\u00e9rone sans aller en p\u00e8lerinage dans les lieux o\u00f9 l&rsquo;imaginaire veut que les \u00e9v\u00e9nements de la trag\u00e9die shakespearienne du m\u00eame nom se d\u00e9roulent: <strong>chez Rom\u00e9o <\/strong>ou<strong> Juliette<\/strong>, ou m\u00eame au <strong>tombeau de Juliette<\/strong> (qui ne contient pas les restes mortels, mais cependant, il n&rsquo;exerce pas moins d&rsquo;attrait sur les visiteurs de tous \u00e2ges et de toutes nationalit\u00e9s).<\/p>\n<p>La<strong> maison de Rom\u00e9o <\/strong>est situ\u00e9e dans le centre, pr\u00e8s de l&rsquo;<strong>Arche Scaligere<\/strong> (monument fun\u00e9raire gothique \u00e9galement particuli\u00e8rement appr\u00e9ci\u00e9 des touristes), et est un charmant b\u00e2timent m\u00e9di\u00e9val avec beaucoup de cr\u00e9neaux et de d\u00e9tails gothiques que, malheureusement, vous ne pouvez qu&rsquo;admirer que de l&rsquo;ext\u00e9rieur. Comme il s&rsquo;agit d&rsquo;une propri\u00e9t\u00e9 priv\u00e9e, il n&rsquo;est pas possible de visiter l&rsquo;int\u00e9rieur.<\/p>\n","protected":false},"excerpt":{"rendered":"<p>Vous ne pouvez pas visiter V\u00e9rone sans aller en p\u00e8lerinage dans les lieux o\u00f9 l&rsquo;imaginaire veut que les \u00e9v\u00e9nements de la trag\u00e9die shakespearienne du m\u00eame nom se d\u00e9roulent: chez Rom\u00e9o ou Juliette, ou m\u00eame au tombeau de Juliette (qui ne contient pas les restes mortels, mais cependant, il n&rsquo;exerce pas moins d&rsquo;attrait sur les visiteurs [&hellip;]<\/p>\n","protected":false},"author":7,"featured_media":0,"parent":678,"menu_order":1,"comment_status":"closed","ping_status":"closed","template":"template-venice-theme.php","meta":{"footnotes":""},"class_list":["post-690","page","type-page","status-publish","hentry"],"yoast_head":"<!-- This site is optimized with the Yoast SEO plugin v26.9 - https:\/\/yoast.com\/product\/yoast-seo-wordpress\/ -->\n<title>Rom\u00e9o et Juliette | Hotel Indigo Verona<\/title>\n<meta name=\"description\" content=\"Le balcon de Rom\u00e9o et Juliette est situ\u00e9 en ville, pr\u00e8s de la Piazza delle Erbe et de la Piazza Bra. D\u00e9couvrez avec nous tous ses secrets.\" \/>\n<meta name=\"robots\" content=\"index, follow, max-snippet:-1, max-image-preview:large, max-video-preview:-1\" \/>\n<link rel=\"canonical\" href=\"https:\/\/www.indigoverona.com\/fr\/verona\/lieux-a-visiter\/romeo-et-juliette\/\" \/>\n<meta property=\"og:locale\" content=\"fr_FR\" \/>\n<meta property=\"og:type\" content=\"article\" \/>\n<meta property=\"og:title\" content=\"Rom\u00e9o et Juliette | Hotel Indigo Verona\" \/>\n<meta property=\"og:description\" content=\"Le balcon de Rom\u00e9o et Juliette est situ\u00e9 en ville, pr\u00e8s de la Piazza delle Erbe et de la Piazza Bra. D\u00e9couvrez avec nous tous ses secrets.\" \/>\n<meta property=\"og:url\" content=\"https:\/\/www.indigoverona.com\/fr\/verona\/lieux-a-visiter\/romeo-et-juliette\/\" \/>\n<meta property=\"og:site_name\" content=\"Hotel Indigo Verona - Grand Hotel Des Arts\" \/>\n<meta property=\"article:modified_time\" content=\"2021-01-15T09:44:49+00:00\" \/>\n<meta name=\"twitter:card\" content=\"summary_large_image\" \/>\n<meta name=\"twitter:label1\" content=\"Dur\u00e9e de lecture estim\u00e9e\" \/>\n\t<meta name=\"twitter:data1\" content=\"1 minute\" \/>\n<script type=\"application\/ld+json\" class=\"yoast-schema-graph\">{\"@context\":\"https:\/\/schema.org\",\"@graph\":[{\"@type\":\"WebPage\",\"@id\":\"https:\/\/www.indigoverona.com\/fr\/verona\/lieux-a-visiter\/romeo-et-juliette\/\",\"url\":\"https:\/\/www.indigoverona.com\/fr\/verona\/lieux-a-visiter\/romeo-et-juliette\/\",\"name\":\"Rom\u00e9o et Juliette | Hotel Indigo Verona\",\"isPartOf\":{\"@id\":\"https:\/\/www.indigoverona.com\/fr\/#website\"},\"datePublished\":\"2020-05-15T14:55:50+00:00\",\"dateModified\":\"2021-01-15T09:44:49+00:00\",\"description\":\"Le balcon de Rom\u00e9o et Juliette est situ\u00e9 en ville, pr\u00e8s de la Piazza delle Erbe et de la Piazza Bra. D\u00e9couvrez avec nous tous ses secrets.\",\"breadcrumb\":{\"@id\":\"https:\/\/www.indigoverona.com\/fr\/verona\/lieux-a-visiter\/romeo-et-juliette\/#breadcrumb\"},\"inLanguage\":\"fr-FR\",\"potentialAction\":[{\"@type\":\"ReadAction\",\"target\":[\"https:\/\/www.indigoverona.com\/fr\/verona\/lieux-a-visiter\/romeo-et-juliette\/\"]}]},{\"@type\":\"BreadcrumbList\",\"@id\":\"https:\/\/www.indigoverona.com\/fr\/verona\/lieux-a-visiter\/romeo-et-juliette\/#breadcrumb\",\"itemListElement\":[{\"@type\":\"ListItem\",\"position\":1,\"name\":\"Home\",\"item\":\"https:\/\/www.indigoverona.com\/fr\/\"},{\"@type\":\"ListItem\",\"position\":2,\"name\":\"Verona\",\"item\":\"https:\/\/www.indigoverona.com\/fr\/verona\/\"},{\"@type\":\"ListItem\",\"position\":3,\"name\":\"Lieux \u00e0 visiter\",\"item\":\"https:\/\/www.indigoverona.com\/fr\/verona\/lieux-a-visiter\/\"},{\"@type\":\"ListItem\",\"position\":4,\"name\":\"Rom\u00e9o et Juliette\"}]},{\"@type\":\"WebSite\",\"@id\":\"https:\/\/www.indigoverona.com\/fr\/#website\",\"url\":\"https:\/\/www.indigoverona.com\/fr\/\",\"name\":\"Hotel Indigo Verona - Grand Hotel Des Arts\",\"description\":\"Just another ms.decms.eu site\",\"potentialAction\":[{\"@type\":\"SearchAction\",\"target\":{\"@type\":\"EntryPoint\",\"urlTemplate\":\"https:\/\/www.indigoverona.com\/fr\/?s={search_term_string}\"},\"query-input\":{\"@type\":\"PropertyValueSpecification\",\"valueRequired\":true,\"valueName\":\"search_term_string\"}}],\"inLanguage\":\"fr-FR\"}]}<\/script>\n<!-- \/ Yoast SEO plugin. -->","yoast_head_json":{"title":"Rom\u00e9o et Juliette | Hotel Indigo Verona","description":"Le balcon de Rom\u00e9o et Juliette est situ\u00e9 en ville, pr\u00e8s de la Piazza delle Erbe et de la Piazza Bra. D\u00e9couvrez avec nous tous ses secrets.","robots":{"index":"index","follow":"follow","max-snippet":"max-snippet:-1","max-image-preview":"max-image-preview:large","max-video-preview":"max-video-preview:-1"},"canonical":"https:\/\/www.indigoverona.com\/fr\/verona\/lieux-a-visiter\/romeo-et-juliette\/","og_locale":"fr_FR","og_type":"article","og_title":"Rom\u00e9o et Juliette | Hotel Indigo Verona","og_description":"Le balcon de Rom\u00e9o et Juliette est situ\u00e9 en ville, pr\u00e8s de la Piazza delle Erbe et de la Piazza Bra. D\u00e9couvrez avec nous tous ses secrets.","og_url":"https:\/\/www.indigoverona.com\/fr\/verona\/lieux-a-visiter\/romeo-et-juliette\/","og_site_name":"Hotel Indigo Verona - Grand Hotel Des Arts","article_modified_time":"2021-01-15T09:44:49+00:00","twitter_card":"summary_large_image","twitter_misc":{"Dur\u00e9e de lecture estim\u00e9e":"1 minute"},"schema":{"@context":"https:\/\/schema.org","@graph":[{"@type":"WebPage","@id":"https:\/\/www.indigoverona.com\/fr\/verona\/lieux-a-visiter\/romeo-et-juliette\/","url":"https:\/\/www.indigoverona.com\/fr\/verona\/lieux-a-visiter\/romeo-et-juliette\/","name":"Rom\u00e9o et Juliette | Hotel Indigo Verona","isPartOf":{"@id":"https:\/\/www.indigoverona.com\/fr\/#website"},"datePublished":"2020-05-15T14:55:50+00:00","dateModified":"2021-01-15T09:44:49+00:00","description":"Le balcon de Rom\u00e9o et Juliette est situ\u00e9 en ville, pr\u00e8s de la Piazza delle Erbe et de la Piazza Bra. D\u00e9couvrez avec nous tous ses secrets.","breadcrumb":{"@id":"https:\/\/www.indigoverona.com\/fr\/verona\/lieux-a-visiter\/romeo-et-juliette\/#breadcrumb"},"inLanguage":"fr-FR","potentialAction":[{"@type":"ReadAction","target":["https:\/\/www.indigoverona.com\/fr\/verona\/lieux-a-visiter\/romeo-et-juliette\/"]}]},{"@type":"BreadcrumbList","@id":"https:\/\/www.indigoverona.com\/fr\/verona\/lieux-a-visiter\/romeo-et-juliette\/#breadcrumb","itemListElement":[{"@type":"ListItem","position":1,"name":"Home","item":"https:\/\/www.indigoverona.com\/fr\/"},{"@type":"ListItem","position":2,"name":"Verona","item":"https:\/\/www.indigoverona.com\/fr\/verona\/"},{"@type":"ListItem","position":3,"name":"Lieux \u00e0 visiter","item":"https:\/\/www.indigoverona.com\/fr\/verona\/lieux-a-visiter\/"},{"@type":"ListItem","position":4,"name":"Rom\u00e9o et Juliette"}]},{"@type":"WebSite","@id":"https:\/\/www.indigoverona.com\/fr\/#website","url":"https:\/\/www.indigoverona.com\/fr\/","name":"Hotel Indigo Verona - Grand Hotel Des Arts","description":"Just another ms.decms.eu site","potentialAction":[{"@type":"SearchAction","target":{"@type":"EntryPoint","urlTemplate":"https:\/\/www.indigoverona.com\/fr\/?s={search_term_string}"},"query-input":{"@type":"PropertyValueSpecification","valueRequired":true,"valueName":"search_term_string"}}],"inLanguage":"fr-FR"}]}},"acf":[],"_links":{"self":[{"href":"https:\/\/www.indigoverona.com\/fr\/wp-json\/wp\/v2\/pages\/690","targetHints":{"allow":["GET"]}}],"collection":[{"href":"https:\/\/www.indigoverona.com\/fr\/wp-json\/wp\/v2\/pages"}],"about":[{"href":"https:\/\/www.indigoverona.com\/fr\/wp-json\/wp\/v2\/types\/page"}],"author":[{"embeddable":true,"href":"https:\/\/www.indigoverona.com\/fr\/wp-json\/wp\/v2\/users\/7"}],"replies":[{"embeddable":true,"href":"https:\/\/www.indigoverona.com\/fr\/wp-json\/wp\/v2\/comments?post=690"}],"version-history":[{"count":0,"href":"https:\/\/www.indigoverona.com\/fr\/wp-json\/wp\/v2\/pages\/690\/revisions"}],"up":[{"embeddable":true,"href":"https:\/\/www.indigoverona.com\/fr\/wp-json\/wp\/v2\/pages\/678"}],"wp:attachment":[{"href":"https:\/\/www.indigoverona.com\/fr\/wp-json\/wp\/v2\/media?parent=690"}],"curies":[{"name":"wp","href":"https:\/\/api.w.org\/{rel}","templated":true}]}}