{"id":696,"date":"2020-05-15T15:27:50","date_gmt":"2020-05-15T15:27:50","guid":{"rendered":"https:\/\/www.indigoverona.com\/verona\/lieux-a-visiter\/piazza-delle-erbe\/"},"modified":"2020-07-23T16:15:35","modified_gmt":"2020-07-23T16:15:35","slug":"piazza-delle-erbe","status":"publish","type":"page","link":"https:\/\/www.indigoverona.com\/fr\/verona\/lieux-a-visiter\/piazza-delle-erbe\/","title":{"rendered":"Piazza delle Erbe"},"content":{"rendered":"<p>Centre temporaire de la vie politique et \u00e9conomique de la ville, la Piazza delle Erbe accueille de chaque c\u00f4t\u00e9 une s\u00e9rie de monuments, palais et maisons patriciennes qui embellissent le p\u00e9rim\u00e8tre comme les joyaux d&rsquo;une couronne. Sur le c\u00f4t\u00e9 nord, il y a l&rsquo;ancien <strong>Palazzo del Comune<\/strong>, la <strong>Maison des Giudici<\/strong>, les <strong>maisons des Mazzanti et la Torre dei Lamberti<\/strong>.<\/p>\n<p>Pourtant, sur le c\u00f4t\u00e9 ouest, nous trouvons le <strong>Palazzo Maffei<\/strong>, de style baroque et avec les statues blanches des dieux grecs pour attirer l&rsquo;\u0153il et la curiosit\u00e9 des touristes, flanqu\u00e9 de la <strong>tour Gardello<\/strong>, qui affiche fi\u00e8rement le premier clocher de la ville.<\/p>\n<p>Sur le c\u00f4t\u00e9 sud se trouve la <strong>Maison des Mercanti<\/strong>, tandis que le c\u00f4t\u00e9 nord-ouest est bas\u00e9 sur l&rsquo;ancien <strong>Capitole<\/strong>, qui regardait vers le <strong>Forum romain<\/strong>, dont il ne reste malheureusement que le souvenir.<\/p>\n","protected":false},"excerpt":{"rendered":"<p>Centre temporaire de la vie politique et \u00e9conomique de la ville, la Piazza delle Erbe accueille de chaque c\u00f4t\u00e9 une s\u00e9rie de monuments, palais et maisons patriciennes qui embellissent le p\u00e9rim\u00e8tre comme les joyaux d&rsquo;une couronne. Sur le c\u00f4t\u00e9 nord, il y a l&rsquo;ancien Palazzo del Comune, la Maison des Giudici, les maisons des Mazzanti [&hellip;]<\/p>\n","protected":false},"author":7,"featured_media":0,"parent":678,"menu_order":2,"comment_status":"closed","ping_status":"closed","template":"template-venice-theme.php","meta":{"footnotes":""},"class_list":["post-696","page","type-page","status-publish","hentry"],"yoast_head":"<!-- This site is optimized with the Yoast SEO plugin v26.9 - https:\/\/yoast.com\/product\/yoast-seo-wordpress\/ -->\n<title>Piazza delle Erbe | Hotel Indigo Verona<\/title>\n<meta name=\"description\" content=\"D\u00e9couvrez avec nous une des plus belles places de la ville. Piazza delle Erbe, pr\u00e8s de l&#039;Hotel Indigo des Arts.\" \/>\n<meta name=\"robots\" content=\"index, follow, max-snippet:-1, max-image-preview:large, max-video-preview:-1\" \/>\n<link rel=\"canonical\" href=\"https:\/\/www.indigoverona.com\/fr\/verona\/lieux-a-visiter\/piazza-delle-erbe\/\" \/>\n<meta property=\"og:locale\" content=\"fr_FR\" \/>\n<meta property=\"og:type\" content=\"article\" \/>\n<meta property=\"og:title\" content=\"Piazza delle Erbe | Hotel Indigo Verona\" \/>\n<meta property=\"og:description\" content=\"D\u00e9couvrez avec nous une des plus belles places de la ville. Piazza delle Erbe, pr\u00e8s de l&#039;Hotel Indigo des Arts.\" \/>\n<meta property=\"og:url\" content=\"https:\/\/www.indigoverona.com\/fr\/verona\/lieux-a-visiter\/piazza-delle-erbe\/\" \/>\n<meta property=\"og:site_name\" content=\"Hotel Indigo Verona - Grand Hotel Des Arts\" \/>\n<meta property=\"article:modified_time\" content=\"2020-07-23T16:15:35+00:00\" \/>\n<meta name=\"twitter:card\" content=\"summary_large_image\" \/>\n<meta name=\"twitter:label1\" content=\"Dur\u00e9e de lecture estim\u00e9e\" \/>\n\t<meta name=\"twitter:data1\" content=\"1 minute\" \/>\n<script type=\"application\/ld+json\" class=\"yoast-schema-graph\">{\"@context\":\"https:\/\/schema.org\",\"@graph\":[{\"@type\":\"WebPage\",\"@id\":\"https:\/\/www.indigoverona.com\/fr\/verona\/lieux-a-visiter\/piazza-delle-erbe\/\",\"url\":\"https:\/\/www.indigoverona.com\/fr\/verona\/lieux-a-visiter\/piazza-delle-erbe\/\",\"name\":\"Piazza delle Erbe | Hotel Indigo Verona\",\"isPartOf\":{\"@id\":\"https:\/\/www.indigoverona.com\/fr\/#website\"},\"datePublished\":\"2020-05-15T15:27:50+00:00\",\"dateModified\":\"2020-07-23T16:15:35+00:00\",\"description\":\"D\u00e9couvrez avec nous une des plus belles places de la ville. Piazza delle Erbe, pr\u00e8s de l'Hotel Indigo des Arts.\",\"breadcrumb\":{\"@id\":\"https:\/\/www.indigoverona.com\/fr\/verona\/lieux-a-visiter\/piazza-delle-erbe\/#breadcrumb\"},\"inLanguage\":\"fr-FR\",\"potentialAction\":[{\"@type\":\"ReadAction\",\"target\":[\"https:\/\/www.indigoverona.com\/fr\/verona\/lieux-a-visiter\/piazza-delle-erbe\/\"]}]},{\"@type\":\"BreadcrumbList\",\"@id\":\"https:\/\/www.indigoverona.com\/fr\/verona\/lieux-a-visiter\/piazza-delle-erbe\/#breadcrumb\",\"itemListElement\":[{\"@type\":\"ListItem\",\"position\":1,\"name\":\"Home\",\"item\":\"https:\/\/www.indigoverona.com\/fr\/\"},{\"@type\":\"ListItem\",\"position\":2,\"name\":\"Verona\",\"item\":\"https:\/\/www.indigoverona.com\/fr\/verona\/\"},{\"@type\":\"ListItem\",\"position\":3,\"name\":\"Lieux \u00e0 visiter\",\"item\":\"https:\/\/www.indigoverona.com\/fr\/verona\/lieux-a-visiter\/\"},{\"@type\":\"ListItem\",\"position\":4,\"name\":\"Piazza delle Erbe\"}]},{\"@type\":\"WebSite\",\"@id\":\"https:\/\/www.indigoverona.com\/fr\/#website\",\"url\":\"https:\/\/www.indigoverona.com\/fr\/\",\"name\":\"Hotel Indigo Verona - Grand Hotel Des Arts\",\"description\":\"Just another ms.decms.eu site\",\"potentialAction\":[{\"@type\":\"SearchAction\",\"target\":{\"@type\":\"EntryPoint\",\"urlTemplate\":\"https:\/\/www.indigoverona.com\/fr\/?s={search_term_string}\"},\"query-input\":{\"@type\":\"PropertyValueSpecification\",\"valueRequired\":true,\"valueName\":\"search_term_string\"}}],\"inLanguage\":\"fr-FR\"}]}<\/script>\n<!-- \/ Yoast SEO plugin. -->","yoast_head_json":{"title":"Piazza delle Erbe | Hotel Indigo Verona","description":"D\u00e9couvrez avec nous une des plus belles places de la ville. Piazza delle Erbe, pr\u00e8s de l'Hotel Indigo des Arts.","robots":{"index":"index","follow":"follow","max-snippet":"max-snippet:-1","max-image-preview":"max-image-preview:large","max-video-preview":"max-video-preview:-1"},"canonical":"https:\/\/www.indigoverona.com\/fr\/verona\/lieux-a-visiter\/piazza-delle-erbe\/","og_locale":"fr_FR","og_type":"article","og_title":"Piazza delle Erbe | Hotel Indigo Verona","og_description":"D\u00e9couvrez avec nous une des plus belles places de la ville. Piazza delle Erbe, pr\u00e8s de l'Hotel Indigo des Arts.","og_url":"https:\/\/www.indigoverona.com\/fr\/verona\/lieux-a-visiter\/piazza-delle-erbe\/","og_site_name":"Hotel Indigo Verona - Grand Hotel Des Arts","article_modified_time":"2020-07-23T16:15:35+00:00","twitter_card":"summary_large_image","twitter_misc":{"Dur\u00e9e de lecture estim\u00e9e":"1 minute"},"schema":{"@context":"https:\/\/schema.org","@graph":[{"@type":"WebPage","@id":"https:\/\/www.indigoverona.com\/fr\/verona\/lieux-a-visiter\/piazza-delle-erbe\/","url":"https:\/\/www.indigoverona.com\/fr\/verona\/lieux-a-visiter\/piazza-delle-erbe\/","name":"Piazza delle Erbe | Hotel Indigo Verona","isPartOf":{"@id":"https:\/\/www.indigoverona.com\/fr\/#website"},"datePublished":"2020-05-15T15:27:50+00:00","dateModified":"2020-07-23T16:15:35+00:00","description":"D\u00e9couvrez avec nous une des plus belles places de la ville. Piazza delle Erbe, pr\u00e8s de l'Hotel Indigo des Arts.","breadcrumb":{"@id":"https:\/\/www.indigoverona.com\/fr\/verona\/lieux-a-visiter\/piazza-delle-erbe\/#breadcrumb"},"inLanguage":"fr-FR","potentialAction":[{"@type":"ReadAction","target":["https:\/\/www.indigoverona.com\/fr\/verona\/lieux-a-visiter\/piazza-delle-erbe\/"]}]},{"@type":"BreadcrumbList","@id":"https:\/\/www.indigoverona.com\/fr\/verona\/lieux-a-visiter\/piazza-delle-erbe\/#breadcrumb","itemListElement":[{"@type":"ListItem","position":1,"name":"Home","item":"https:\/\/www.indigoverona.com\/fr\/"},{"@type":"ListItem","position":2,"name":"Verona","item":"https:\/\/www.indigoverona.com\/fr\/verona\/"},{"@type":"ListItem","position":3,"name":"Lieux \u00e0 visiter","item":"https:\/\/www.indigoverona.com\/fr\/verona\/lieux-a-visiter\/"},{"@type":"ListItem","position":4,"name":"Piazza delle Erbe"}]},{"@type":"WebSite","@id":"https:\/\/www.indigoverona.com\/fr\/#website","url":"https:\/\/www.indigoverona.com\/fr\/","name":"Hotel Indigo Verona - Grand Hotel Des Arts","description":"Just another ms.decms.eu site","potentialAction":[{"@type":"SearchAction","target":{"@type":"EntryPoint","urlTemplate":"https:\/\/www.indigoverona.com\/fr\/?s={search_term_string}"},"query-input":{"@type":"PropertyValueSpecification","valueRequired":true,"valueName":"search_term_string"}}],"inLanguage":"fr-FR"}]}},"acf":[],"_links":{"self":[{"href":"https:\/\/www.indigoverona.com\/fr\/wp-json\/wp\/v2\/pages\/696","targetHints":{"allow":["GET"]}}],"collection":[{"href":"https:\/\/www.indigoverona.com\/fr\/wp-json\/wp\/v2\/pages"}],"about":[{"href":"https:\/\/www.indigoverona.com\/fr\/wp-json\/wp\/v2\/types\/page"}],"author":[{"embeddable":true,"href":"https:\/\/www.indigoverona.com\/fr\/wp-json\/wp\/v2\/users\/7"}],"replies":[{"embeddable":true,"href":"https:\/\/www.indigoverona.com\/fr\/wp-json\/wp\/v2\/comments?post=696"}],"version-history":[{"count":0,"href":"https:\/\/www.indigoverona.com\/fr\/wp-json\/wp\/v2\/pages\/696\/revisions"}],"up":[{"embeddable":true,"href":"https:\/\/www.indigoverona.com\/fr\/wp-json\/wp\/v2\/pages\/678"}],"wp:attachment":[{"href":"https:\/\/www.indigoverona.com\/fr\/wp-json\/wp\/v2\/media?parent=696"}],"curies":[{"name":"wp","href":"https:\/\/api.w.org\/{rel}","templated":true}]}}