{"id":702,"date":"2020-05-18T12:23:40","date_gmt":"2020-05-18T12:23:40","guid":{"rendered":"https:\/\/www.indigoverona.com\/verona\/lieux-a-visiter\/piazza-dei-signori\/"},"modified":"2021-01-15T10:15:38","modified_gmt":"2021-01-15T10:15:38","slug":"piazza-dei-signori","status":"publish","type":"page","link":"https:\/\/www.indigoverona.com\/fr\/verona\/lieux-a-visiter\/piazza-dei-signori\/","title":{"rendered":"Piazza dei Signori"},"content":{"rendered":"<p>La place s&rsquo;\u00e9l\u00e8ve \u00e0 quelques pas des <a title=\"Rom\u00e9o et Juliette - Hotel Indigo Verona\" href=\"https:\/\/www.indigoverona.com\/fr\/verona\/lieux-a-visiter\/romeo-et-juliette\/\"><strong><u>maisons de Rom\u00e9o et Juliette<\/u><\/strong><\/a>, de l&rsquo;historique <strong>Ponte di Pietra<\/strong> et de <strong>Ponte Nuovo<\/strong>, sur l&rsquo;Adige.<\/p>\n<p>Les b\u00e2timents les plus c\u00e9l\u00e8bres qui alternent le long des c\u00f4t\u00e9s de <strong>la Piazza dei Signori<\/strong> sont: le <strong>Palazzo della Ragione<\/strong>, avec son acc\u00e8s privil\u00e9gi\u00e9 au Vieux March\u00e9 et l&rsquo;imposante silhouette de Torre Lamberti pour se d\u00e9marquer, comme une sentinelle silencieuse, sur la ville; le <strong>Palazzo di Cansignorio et l&rsquo;\u00c9glise de Santa Maria Antica<\/strong>, o\u00f9 reposent les restes des repr\u00e9sentants les plus c\u00e9l\u00e8bres de la famille Scala (d&rsquo;o\u00f9 le surnom de \u00ab\u00a0ville Scaligera\u00a0\u00bb): Mastino II della Scala, Cansignorio et Cangrande I della Scala; et enfin le <strong>Palazzo del Podest\u00e0 et la Loggia del Consiglio<\/strong>, \u00e9galement connue sous le nom de Loggia di fra \u2019Giocondo.<\/p>\n","protected":false},"excerpt":{"rendered":"<p>La place s&rsquo;\u00e9l\u00e8ve \u00e0 quelques pas des maisons de Rom\u00e9o et Juliette, de l&rsquo;historique Ponte di Pietra et de Ponte Nuovo, sur l&rsquo;Adige. Les b\u00e2timents les plus c\u00e9l\u00e8bres qui alternent le long des c\u00f4t\u00e9s de la Piazza dei Signori sont: le Palazzo della Ragione, avec son acc\u00e8s privil\u00e9gi\u00e9 au Vieux March\u00e9 et l&rsquo;imposante silhouette de [&hellip;]<\/p>\n","protected":false},"author":7,"featured_media":0,"parent":678,"menu_order":3,"comment_status":"closed","ping_status":"closed","template":"template-venice-theme.php","meta":{"footnotes":""},"class_list":["post-702","page","type-page","status-publish","hentry"],"yoast_head":"<!-- This site is optimized with the Yoast SEO plugin v26.9 - https:\/\/yoast.com\/product\/yoast-seo-wordpress\/ -->\n<title>Piazza dei Signori | Hotel Indigo Verona<\/title>\n<meta name=\"description\" content=\"Piazza dei Signori, ou Piazza Dante, est adjacente aux principales places de V\u00e9rone. D\u00e9couvrez-la avec nous.\" \/>\n<meta name=\"robots\" content=\"index, follow, max-snippet:-1, max-image-preview:large, max-video-preview:-1\" \/>\n<link rel=\"canonical\" href=\"https:\/\/www.indigoverona.com\/fr\/verona\/lieux-a-visiter\/piazza-dei-signori\/\" \/>\n<meta property=\"og:locale\" content=\"fr_FR\" \/>\n<meta property=\"og:type\" content=\"article\" \/>\n<meta property=\"og:title\" content=\"Piazza dei Signori | Hotel Indigo Verona\" \/>\n<meta property=\"og:description\" content=\"Piazza dei Signori, ou Piazza Dante, est adjacente aux principales places de V\u00e9rone. D\u00e9couvrez-la avec nous.\" \/>\n<meta property=\"og:url\" content=\"https:\/\/www.indigoverona.com\/fr\/verona\/lieux-a-visiter\/piazza-dei-signori\/\" \/>\n<meta property=\"og:site_name\" content=\"Hotel Indigo Verona - Grand Hotel Des Arts\" \/>\n<meta property=\"article:modified_time\" content=\"2021-01-15T10:15:38+00:00\" \/>\n<meta name=\"twitter:card\" content=\"summary_large_image\" \/>\n<meta name=\"twitter:label1\" content=\"Dur\u00e9e de lecture estim\u00e9e\" \/>\n\t<meta name=\"twitter:data1\" content=\"1 minute\" \/>\n<script type=\"application\/ld+json\" class=\"yoast-schema-graph\">{\"@context\":\"https:\/\/schema.org\",\"@graph\":[{\"@type\":\"WebPage\",\"@id\":\"https:\/\/www.indigoverona.com\/fr\/verona\/lieux-a-visiter\/piazza-dei-signori\/\",\"url\":\"https:\/\/www.indigoverona.com\/fr\/verona\/lieux-a-visiter\/piazza-dei-signori\/\",\"name\":\"Piazza dei Signori | Hotel Indigo Verona\",\"isPartOf\":{\"@id\":\"https:\/\/www.indigoverona.com\/fr\/#website\"},\"datePublished\":\"2020-05-18T12:23:40+00:00\",\"dateModified\":\"2021-01-15T10:15:38+00:00\",\"description\":\"Piazza dei Signori, ou Piazza Dante, est adjacente aux principales places de V\u00e9rone. D\u00e9couvrez-la avec nous.\",\"breadcrumb\":{\"@id\":\"https:\/\/www.indigoverona.com\/fr\/verona\/lieux-a-visiter\/piazza-dei-signori\/#breadcrumb\"},\"inLanguage\":\"fr-FR\",\"potentialAction\":[{\"@type\":\"ReadAction\",\"target\":[\"https:\/\/www.indigoverona.com\/fr\/verona\/lieux-a-visiter\/piazza-dei-signori\/\"]}]},{\"@type\":\"BreadcrumbList\",\"@id\":\"https:\/\/www.indigoverona.com\/fr\/verona\/lieux-a-visiter\/piazza-dei-signori\/#breadcrumb\",\"itemListElement\":[{\"@type\":\"ListItem\",\"position\":1,\"name\":\"Home\",\"item\":\"https:\/\/www.indigoverona.com\/fr\/\"},{\"@type\":\"ListItem\",\"position\":2,\"name\":\"Verona\",\"item\":\"https:\/\/www.indigoverona.com\/fr\/verona\/\"},{\"@type\":\"ListItem\",\"position\":3,\"name\":\"Lieux \u00e0 visiter\",\"item\":\"https:\/\/www.indigoverona.com\/fr\/verona\/lieux-a-visiter\/\"},{\"@type\":\"ListItem\",\"position\":4,\"name\":\"Piazza dei Signori\"}]},{\"@type\":\"WebSite\",\"@id\":\"https:\/\/www.indigoverona.com\/fr\/#website\",\"url\":\"https:\/\/www.indigoverona.com\/fr\/\",\"name\":\"Hotel Indigo Verona - Grand Hotel Des Arts\",\"description\":\"Just another ms.decms.eu site\",\"potentialAction\":[{\"@type\":\"SearchAction\",\"target\":{\"@type\":\"EntryPoint\",\"urlTemplate\":\"https:\/\/www.indigoverona.com\/fr\/?s={search_term_string}\"},\"query-input\":{\"@type\":\"PropertyValueSpecification\",\"valueRequired\":true,\"valueName\":\"search_term_string\"}}],\"inLanguage\":\"fr-FR\"}]}<\/script>\n<!-- \/ Yoast SEO plugin. -->","yoast_head_json":{"title":"Piazza dei Signori | Hotel Indigo Verona","description":"Piazza dei Signori, ou Piazza Dante, est adjacente aux principales places de V\u00e9rone. D\u00e9couvrez-la avec nous.","robots":{"index":"index","follow":"follow","max-snippet":"max-snippet:-1","max-image-preview":"max-image-preview:large","max-video-preview":"max-video-preview:-1"},"canonical":"https:\/\/www.indigoverona.com\/fr\/verona\/lieux-a-visiter\/piazza-dei-signori\/","og_locale":"fr_FR","og_type":"article","og_title":"Piazza dei Signori | Hotel Indigo Verona","og_description":"Piazza dei Signori, ou Piazza Dante, est adjacente aux principales places de V\u00e9rone. D\u00e9couvrez-la avec nous.","og_url":"https:\/\/www.indigoverona.com\/fr\/verona\/lieux-a-visiter\/piazza-dei-signori\/","og_site_name":"Hotel Indigo Verona - Grand Hotel Des Arts","article_modified_time":"2021-01-15T10:15:38+00:00","twitter_card":"summary_large_image","twitter_misc":{"Dur\u00e9e de lecture estim\u00e9e":"1 minute"},"schema":{"@context":"https:\/\/schema.org","@graph":[{"@type":"WebPage","@id":"https:\/\/www.indigoverona.com\/fr\/verona\/lieux-a-visiter\/piazza-dei-signori\/","url":"https:\/\/www.indigoverona.com\/fr\/verona\/lieux-a-visiter\/piazza-dei-signori\/","name":"Piazza dei Signori | Hotel Indigo Verona","isPartOf":{"@id":"https:\/\/www.indigoverona.com\/fr\/#website"},"datePublished":"2020-05-18T12:23:40+00:00","dateModified":"2021-01-15T10:15:38+00:00","description":"Piazza dei Signori, ou Piazza Dante, est adjacente aux principales places de V\u00e9rone. D\u00e9couvrez-la avec nous.","breadcrumb":{"@id":"https:\/\/www.indigoverona.com\/fr\/verona\/lieux-a-visiter\/piazza-dei-signori\/#breadcrumb"},"inLanguage":"fr-FR","potentialAction":[{"@type":"ReadAction","target":["https:\/\/www.indigoverona.com\/fr\/verona\/lieux-a-visiter\/piazza-dei-signori\/"]}]},{"@type":"BreadcrumbList","@id":"https:\/\/www.indigoverona.com\/fr\/verona\/lieux-a-visiter\/piazza-dei-signori\/#breadcrumb","itemListElement":[{"@type":"ListItem","position":1,"name":"Home","item":"https:\/\/www.indigoverona.com\/fr\/"},{"@type":"ListItem","position":2,"name":"Verona","item":"https:\/\/www.indigoverona.com\/fr\/verona\/"},{"@type":"ListItem","position":3,"name":"Lieux \u00e0 visiter","item":"https:\/\/www.indigoverona.com\/fr\/verona\/lieux-a-visiter\/"},{"@type":"ListItem","position":4,"name":"Piazza dei Signori"}]},{"@type":"WebSite","@id":"https:\/\/www.indigoverona.com\/fr\/#website","url":"https:\/\/www.indigoverona.com\/fr\/","name":"Hotel Indigo Verona - Grand Hotel Des Arts","description":"Just another ms.decms.eu site","potentialAction":[{"@type":"SearchAction","target":{"@type":"EntryPoint","urlTemplate":"https:\/\/www.indigoverona.com\/fr\/?s={search_term_string}"},"query-input":{"@type":"PropertyValueSpecification","valueRequired":true,"valueName":"search_term_string"}}],"inLanguage":"fr-FR"}]}},"acf":[],"_links":{"self":[{"href":"https:\/\/www.indigoverona.com\/fr\/wp-json\/wp\/v2\/pages\/702","targetHints":{"allow":["GET"]}}],"collection":[{"href":"https:\/\/www.indigoverona.com\/fr\/wp-json\/wp\/v2\/pages"}],"about":[{"href":"https:\/\/www.indigoverona.com\/fr\/wp-json\/wp\/v2\/types\/page"}],"author":[{"embeddable":true,"href":"https:\/\/www.indigoverona.com\/fr\/wp-json\/wp\/v2\/users\/7"}],"replies":[{"embeddable":true,"href":"https:\/\/www.indigoverona.com\/fr\/wp-json\/wp\/v2\/comments?post=702"}],"version-history":[{"count":0,"href":"https:\/\/www.indigoverona.com\/fr\/wp-json\/wp\/v2\/pages\/702\/revisions"}],"up":[{"embeddable":true,"href":"https:\/\/www.indigoverona.com\/fr\/wp-json\/wp\/v2\/pages\/678"}],"wp:attachment":[{"href":"https:\/\/www.indigoverona.com\/fr\/wp-json\/wp\/v2\/media?parent=702"}],"curies":[{"name":"wp","href":"https:\/\/api.w.org\/{rel}","templated":true}]}}