{"id":708,"date":"2020-05-18T13:36:06","date_gmt":"2020-05-18T13:36:06","guid":{"rendered":"https:\/\/www.indigoverona.com\/verona\/lieux-a-visiter\/museo-di-castelvecchio\/"},"modified":"2020-07-24T08:32:55","modified_gmt":"2020-07-24T08:32:55","slug":"museo-di-castelvecchio","status":"publish","type":"page","link":"https:\/\/www.indigoverona.com\/fr\/verona\/lieux-a-visiter\/museo-di-castelvecchio\/","title":{"rendered":"Museo di Castelvecchio"},"content":{"rendered":"<p><strong>Le mus\u00e9e de Castelvecchio <\/strong>est l&rsquo;un des points d&rsquo;int\u00e9r\u00eat de la ville que nous vous recommandons de visiter si vous \u00eates un amoureux de l&rsquo;art italien et europ\u00e9en, en particulier l&rsquo;architecture, l&rsquo;art et la sculpture m\u00e9di\u00e9vale, la Renaissance et, en partie, l\u2019art gothico-baroque.<\/p>\n<p>L&rsquo;exposition d&rsquo;\u0153uvres se situe dans le cadre splendide de <strong>la forteresse v\u00e9ronnaise de Castelvecchio<\/strong>, datant de la seconde moiti\u00e9 des ann\u00e9es 1300, et occupe une trentaine de salles avec <strong>des \u0153uvres datant du Moyen \u00c2ge \u00e0 la seconde moiti\u00e9 du XVIIIe si\u00e8cle<\/strong>, qui comprennent des sculptures, des peintures de peintres italiens et les \u00e9trangers, les armes anciennes, la poterie, les miniatures, les bijoux et divers autres m\u00e9tiers.<\/p>\n","protected":false},"excerpt":{"rendered":"<p>Le mus\u00e9e de Castelvecchio est l&rsquo;un des points d&rsquo;int\u00e9r\u00eat de la ville que nous vous recommandons de visiter si vous \u00eates un amoureux de l&rsquo;art italien et europ\u00e9en, en particulier l&rsquo;architecture, l&rsquo;art et la sculpture m\u00e9di\u00e9vale, la Renaissance et, en partie, l\u2019art gothico-baroque. L&rsquo;exposition d&rsquo;\u0153uvres se situe dans le cadre splendide de la forteresse v\u00e9ronnaise [&hellip;]<\/p>\n","protected":false},"author":7,"featured_media":0,"parent":678,"menu_order":4,"comment_status":"closed","ping_status":"closed","template":"template-venice-theme.php","meta":{"footnotes":""},"class_list":["post-708","page","type-page","status-publish","hentry"],"yoast_head":"<!-- This site is optimized with the Yoast SEO plugin v26.9 - https:\/\/yoast.com\/product\/yoast-seo-wordpress\/ -->\n<title>Mus\u00e9e de Castelvechio | Hotel Indigo Verona<\/title>\n<meta name=\"description\" content=\"Le mus\u00e9e de Castelvecchio, avec ses expositions, est une grande attraction de V\u00e9rone. D\u00e9couvrez-le avec nous !\" \/>\n<meta name=\"robots\" content=\"index, follow, max-snippet:-1, max-image-preview:large, max-video-preview:-1\" \/>\n<link rel=\"canonical\" href=\"https:\/\/www.indigoverona.com\/fr\/verona\/lieux-a-visiter\/museo-di-castelvecchio\/\" \/>\n<meta property=\"og:locale\" content=\"fr_FR\" \/>\n<meta property=\"og:type\" content=\"article\" \/>\n<meta property=\"og:title\" content=\"Mus\u00e9e de Castelvechio | Hotel Indigo Verona\" \/>\n<meta property=\"og:description\" content=\"Le mus\u00e9e de Castelvecchio, avec ses expositions, est une grande attraction de V\u00e9rone. D\u00e9couvrez-le avec nous !\" \/>\n<meta property=\"og:url\" content=\"https:\/\/www.indigoverona.com\/fr\/verona\/lieux-a-visiter\/museo-di-castelvecchio\/\" \/>\n<meta property=\"og:site_name\" content=\"Hotel Indigo Verona - Grand Hotel Des Arts\" \/>\n<meta property=\"article:modified_time\" content=\"2020-07-24T08:32:55+00:00\" \/>\n<meta name=\"twitter:card\" content=\"summary_large_image\" \/>\n<meta name=\"twitter:label1\" content=\"Dur\u00e9e de lecture estim\u00e9e\" \/>\n\t<meta name=\"twitter:data1\" content=\"1 minute\" \/>\n<script type=\"application\/ld+json\" class=\"yoast-schema-graph\">{\"@context\":\"https:\/\/schema.org\",\"@graph\":[{\"@type\":\"WebPage\",\"@id\":\"https:\/\/www.indigoverona.com\/fr\/verona\/lieux-a-visiter\/museo-di-castelvecchio\/\",\"url\":\"https:\/\/www.indigoverona.com\/fr\/verona\/lieux-a-visiter\/museo-di-castelvecchio\/\",\"name\":\"Mus\u00e9e de Castelvechio | Hotel Indigo Verona\",\"isPartOf\":{\"@id\":\"https:\/\/www.indigoverona.com\/fr\/#website\"},\"datePublished\":\"2020-05-18T13:36:06+00:00\",\"dateModified\":\"2020-07-24T08:32:55+00:00\",\"description\":\"Le mus\u00e9e de Castelvecchio, avec ses expositions, est une grande attraction de V\u00e9rone. D\u00e9couvrez-le avec nous !\",\"breadcrumb\":{\"@id\":\"https:\/\/www.indigoverona.com\/fr\/verona\/lieux-a-visiter\/museo-di-castelvecchio\/#breadcrumb\"},\"inLanguage\":\"fr-FR\",\"potentialAction\":[{\"@type\":\"ReadAction\",\"target\":[\"https:\/\/www.indigoverona.com\/fr\/verona\/lieux-a-visiter\/museo-di-castelvecchio\/\"]}]},{\"@type\":\"BreadcrumbList\",\"@id\":\"https:\/\/www.indigoverona.com\/fr\/verona\/lieux-a-visiter\/museo-di-castelvecchio\/#breadcrumb\",\"itemListElement\":[{\"@type\":\"ListItem\",\"position\":1,\"name\":\"Home\",\"item\":\"https:\/\/www.indigoverona.com\/fr\/\"},{\"@type\":\"ListItem\",\"position\":2,\"name\":\"Verona\",\"item\":\"https:\/\/www.indigoverona.com\/fr\/verona\/\"},{\"@type\":\"ListItem\",\"position\":3,\"name\":\"Lieux \u00e0 visiter\",\"item\":\"https:\/\/www.indigoverona.com\/fr\/verona\/lieux-a-visiter\/\"},{\"@type\":\"ListItem\",\"position\":4,\"name\":\"Museo di Castelvecchio\"}]},{\"@type\":\"WebSite\",\"@id\":\"https:\/\/www.indigoverona.com\/fr\/#website\",\"url\":\"https:\/\/www.indigoverona.com\/fr\/\",\"name\":\"Hotel Indigo Verona - Grand Hotel Des Arts\",\"description\":\"Just another ms.decms.eu site\",\"potentialAction\":[{\"@type\":\"SearchAction\",\"target\":{\"@type\":\"EntryPoint\",\"urlTemplate\":\"https:\/\/www.indigoverona.com\/fr\/?s={search_term_string}\"},\"query-input\":{\"@type\":\"PropertyValueSpecification\",\"valueRequired\":true,\"valueName\":\"search_term_string\"}}],\"inLanguage\":\"fr-FR\"}]}<\/script>\n<!-- \/ Yoast SEO plugin. -->","yoast_head_json":{"title":"Mus\u00e9e de Castelvechio | Hotel Indigo Verona","description":"Le mus\u00e9e de Castelvecchio, avec ses expositions, est une grande attraction de V\u00e9rone. D\u00e9couvrez-le avec nous !","robots":{"index":"index","follow":"follow","max-snippet":"max-snippet:-1","max-image-preview":"max-image-preview:large","max-video-preview":"max-video-preview:-1"},"canonical":"https:\/\/www.indigoverona.com\/fr\/verona\/lieux-a-visiter\/museo-di-castelvecchio\/","og_locale":"fr_FR","og_type":"article","og_title":"Mus\u00e9e de Castelvechio | Hotel Indigo Verona","og_description":"Le mus\u00e9e de Castelvecchio, avec ses expositions, est une grande attraction de V\u00e9rone. D\u00e9couvrez-le avec nous !","og_url":"https:\/\/www.indigoverona.com\/fr\/verona\/lieux-a-visiter\/museo-di-castelvecchio\/","og_site_name":"Hotel Indigo Verona - Grand Hotel Des Arts","article_modified_time":"2020-07-24T08:32:55+00:00","twitter_card":"summary_large_image","twitter_misc":{"Dur\u00e9e de lecture estim\u00e9e":"1 minute"},"schema":{"@context":"https:\/\/schema.org","@graph":[{"@type":"WebPage","@id":"https:\/\/www.indigoverona.com\/fr\/verona\/lieux-a-visiter\/museo-di-castelvecchio\/","url":"https:\/\/www.indigoverona.com\/fr\/verona\/lieux-a-visiter\/museo-di-castelvecchio\/","name":"Mus\u00e9e de Castelvechio | Hotel Indigo Verona","isPartOf":{"@id":"https:\/\/www.indigoverona.com\/fr\/#website"},"datePublished":"2020-05-18T13:36:06+00:00","dateModified":"2020-07-24T08:32:55+00:00","description":"Le mus\u00e9e de Castelvecchio, avec ses expositions, est une grande attraction de V\u00e9rone. D\u00e9couvrez-le avec nous !","breadcrumb":{"@id":"https:\/\/www.indigoverona.com\/fr\/verona\/lieux-a-visiter\/museo-di-castelvecchio\/#breadcrumb"},"inLanguage":"fr-FR","potentialAction":[{"@type":"ReadAction","target":["https:\/\/www.indigoverona.com\/fr\/verona\/lieux-a-visiter\/museo-di-castelvecchio\/"]}]},{"@type":"BreadcrumbList","@id":"https:\/\/www.indigoverona.com\/fr\/verona\/lieux-a-visiter\/museo-di-castelvecchio\/#breadcrumb","itemListElement":[{"@type":"ListItem","position":1,"name":"Home","item":"https:\/\/www.indigoverona.com\/fr\/"},{"@type":"ListItem","position":2,"name":"Verona","item":"https:\/\/www.indigoverona.com\/fr\/verona\/"},{"@type":"ListItem","position":3,"name":"Lieux \u00e0 visiter","item":"https:\/\/www.indigoverona.com\/fr\/verona\/lieux-a-visiter\/"},{"@type":"ListItem","position":4,"name":"Museo di Castelvecchio"}]},{"@type":"WebSite","@id":"https:\/\/www.indigoverona.com\/fr\/#website","url":"https:\/\/www.indigoverona.com\/fr\/","name":"Hotel Indigo Verona - Grand Hotel Des Arts","description":"Just another ms.decms.eu site","potentialAction":[{"@type":"SearchAction","target":{"@type":"EntryPoint","urlTemplate":"https:\/\/www.indigoverona.com\/fr\/?s={search_term_string}"},"query-input":{"@type":"PropertyValueSpecification","valueRequired":true,"valueName":"search_term_string"}}],"inLanguage":"fr-FR"}]}},"acf":[],"_links":{"self":[{"href":"https:\/\/www.indigoverona.com\/fr\/wp-json\/wp\/v2\/pages\/708","targetHints":{"allow":["GET"]}}],"collection":[{"href":"https:\/\/www.indigoverona.com\/fr\/wp-json\/wp\/v2\/pages"}],"about":[{"href":"https:\/\/www.indigoverona.com\/fr\/wp-json\/wp\/v2\/types\/page"}],"author":[{"embeddable":true,"href":"https:\/\/www.indigoverona.com\/fr\/wp-json\/wp\/v2\/users\/7"}],"replies":[{"embeddable":true,"href":"https:\/\/www.indigoverona.com\/fr\/wp-json\/wp\/v2\/comments?post=708"}],"version-history":[{"count":0,"href":"https:\/\/www.indigoverona.com\/fr\/wp-json\/wp\/v2\/pages\/708\/revisions"}],"up":[{"embeddable":true,"href":"https:\/\/www.indigoverona.com\/fr\/wp-json\/wp\/v2\/pages\/678"}],"wp:attachment":[{"href":"https:\/\/www.indigoverona.com\/fr\/wp-json\/wp\/v2\/media?parent=708"}],"curies":[{"name":"wp","href":"https:\/\/api.w.org\/{rel}","templated":true}]}}