{"id":713,"date":"2020-05-19T08:27:47","date_gmt":"2020-05-19T08:27:47","guid":{"rendered":"https:\/\/www.indigoverona.com\/verona\/lieux-a-visiter\/palazzo-gran-guardia\/"},"modified":"2021-01-15T11:04:31","modified_gmt":"2021-01-15T11:04:31","slug":"palazzo-gran-guardia","status":"publish","type":"page","link":"https:\/\/www.indigoverona.com\/fr\/verona\/lieux-a-visiter\/palazzo-gran-guardia\/","title":{"rendered":"Palazzo Gran Guardia"},"content":{"rendered":"<p>Situ\u00e9 sur la <a title=\"L\u2019Ar\u00e8ne et la Piazza Bra - Hotel Indigo Verona\" href=\"https:\/\/www.indigoverona.com\/fr\/verona\/lieux-a-visiter\/larene-et-la-piazza-bra\/\"><strong><u>Piazza Bra<\/u><\/strong><\/a>, au-del\u00e0 des jardins qui le s\u00e9parent de l&rsquo;Arena, le <strong>Palazzo della Gran Guardia<\/strong> est un complexe architectural aux lignes aust\u00e8res et aux dimensions imposantes, souvent choisi pour <strong>accueillir des conf\u00e9rences, r\u00e9unions, expositions et \u00e9v\u00e9nements<\/strong>.<\/p>\n<p>Deux \u00e9tages marqu\u00e9s par l&rsquo;imposante colonnade vo\u00fbt\u00e9e et par les ouvertures des grandes fen\u00eatres rectangulaires, garantissent un effet accrocheur au visiteur. Pr\u00e9cieux d\u00e9tails m\u00e9di\u00e9vaux, restaur\u00e9s et pr\u00e9serv\u00e9s dans leur originalit\u00e9, qui servent \u00e9galement de r\u00e9f\u00e9rence aux autres architectures de la ville: les palais nobles <strong>Guastaverza<\/strong> et <strong>Bevilacqua, le Palazzo Barbieri<\/strong>, la proche <a title=\"L\u2019Ar\u00e8ne et la Piazza Bra - Hotel Indigo Verona\" href=\"https:\/\/www.indigoverona.com\/fr\/verona\/lieux-a-visiter\/larene-et-la-piazza-bra\/\"><strong><u>Ar\u00e8ne<\/u><\/strong><\/a><\/p>\n","protected":false},"excerpt":{"rendered":"<p>Situ\u00e9 sur la Piazza Bra, au-del\u00e0 des jardins qui le s\u00e9parent de l&rsquo;Arena, le Palazzo della Gran Guardia est un complexe architectural aux lignes aust\u00e8res et aux dimensions imposantes, souvent choisi pour accueillir des conf\u00e9rences, r\u00e9unions, expositions et \u00e9v\u00e9nements. Deux \u00e9tages marqu\u00e9s par l&rsquo;imposante colonnade vo\u00fbt\u00e9e et par les ouvertures des grandes fen\u00eatres rectangulaires, garantissent [&hellip;]<\/p>\n","protected":false},"author":7,"featured_media":0,"parent":678,"menu_order":5,"comment_status":"closed","ping_status":"closed","template":"template-venice-theme.php","meta":{"footnotes":""},"class_list":["post-713","page","type-page","status-publish","hentry"],"yoast_head":"<!-- This site is optimized with the Yoast SEO plugin v26.9 - https:\/\/yoast.com\/product\/yoast-seo-wordpress\/ -->\n<title>Palais Gran Guardia | Hotel Indigo Verona<\/title>\n<meta name=\"description\" content=\"Situ\u00e9 sur la plus belle place d&#039;Europe, l&#039;\u00e9l\u00e9gant Palazzo Gran Guardia accueille expositions, conf\u00e9rences et \u00e9v\u00e9nements. D\u00e9couvrez-le avec nous !\" \/>\n<meta name=\"robots\" content=\"index, follow, max-snippet:-1, max-image-preview:large, max-video-preview:-1\" \/>\n<link rel=\"canonical\" href=\"https:\/\/www.indigoverona.com\/fr\/verona\/lieux-a-visiter\/palazzo-gran-guardia\/\" \/>\n<meta property=\"og:locale\" content=\"fr_FR\" \/>\n<meta property=\"og:type\" content=\"article\" \/>\n<meta property=\"og:title\" content=\"Palais Gran Guardia | Hotel Indigo Verona\" \/>\n<meta property=\"og:description\" content=\"Situ\u00e9 sur la plus belle place d&#039;Europe, l&#039;\u00e9l\u00e9gant Palazzo Gran Guardia accueille expositions, conf\u00e9rences et \u00e9v\u00e9nements. D\u00e9couvrez-le avec nous !\" \/>\n<meta property=\"og:url\" content=\"https:\/\/www.indigoverona.com\/fr\/verona\/lieux-a-visiter\/palazzo-gran-guardia\/\" \/>\n<meta property=\"og:site_name\" content=\"Hotel Indigo Verona - Grand Hotel Des Arts\" \/>\n<meta property=\"article:modified_time\" content=\"2021-01-15T11:04:31+00:00\" \/>\n<meta name=\"twitter:card\" content=\"summary_large_image\" \/>\n<meta name=\"twitter:label1\" content=\"Dur\u00e9e de lecture estim\u00e9e\" \/>\n\t<meta name=\"twitter:data1\" content=\"1 minute\" \/>\n<script type=\"application\/ld+json\" class=\"yoast-schema-graph\">{\"@context\":\"https:\/\/schema.org\",\"@graph\":[{\"@type\":\"WebPage\",\"@id\":\"https:\/\/www.indigoverona.com\/fr\/verona\/lieux-a-visiter\/palazzo-gran-guardia\/\",\"url\":\"https:\/\/www.indigoverona.com\/fr\/verona\/lieux-a-visiter\/palazzo-gran-guardia\/\",\"name\":\"Palais Gran Guardia | Hotel Indigo Verona\",\"isPartOf\":{\"@id\":\"https:\/\/www.indigoverona.com\/fr\/#website\"},\"datePublished\":\"2020-05-19T08:27:47+00:00\",\"dateModified\":\"2021-01-15T11:04:31+00:00\",\"description\":\"Situ\u00e9 sur la plus belle place d'Europe, l'\u00e9l\u00e9gant Palazzo Gran Guardia accueille expositions, conf\u00e9rences et \u00e9v\u00e9nements. D\u00e9couvrez-le avec nous !\",\"breadcrumb\":{\"@id\":\"https:\/\/www.indigoverona.com\/fr\/verona\/lieux-a-visiter\/palazzo-gran-guardia\/#breadcrumb\"},\"inLanguage\":\"fr-FR\",\"potentialAction\":[{\"@type\":\"ReadAction\",\"target\":[\"https:\/\/www.indigoverona.com\/fr\/verona\/lieux-a-visiter\/palazzo-gran-guardia\/\"]}]},{\"@type\":\"BreadcrumbList\",\"@id\":\"https:\/\/www.indigoverona.com\/fr\/verona\/lieux-a-visiter\/palazzo-gran-guardia\/#breadcrumb\",\"itemListElement\":[{\"@type\":\"ListItem\",\"position\":1,\"name\":\"Home\",\"item\":\"https:\/\/www.indigoverona.com\/fr\/\"},{\"@type\":\"ListItem\",\"position\":2,\"name\":\"Verona\",\"item\":\"https:\/\/www.indigoverona.com\/fr\/verona\/\"},{\"@type\":\"ListItem\",\"position\":3,\"name\":\"Lieux \u00e0 visiter\",\"item\":\"https:\/\/www.indigoverona.com\/fr\/verona\/lieux-a-visiter\/\"},{\"@type\":\"ListItem\",\"position\":4,\"name\":\"Palazzo Gran Guardia\"}]},{\"@type\":\"WebSite\",\"@id\":\"https:\/\/www.indigoverona.com\/fr\/#website\",\"url\":\"https:\/\/www.indigoverona.com\/fr\/\",\"name\":\"Hotel Indigo Verona - Grand Hotel Des Arts\",\"description\":\"Just another ms.decms.eu site\",\"potentialAction\":[{\"@type\":\"SearchAction\",\"target\":{\"@type\":\"EntryPoint\",\"urlTemplate\":\"https:\/\/www.indigoverona.com\/fr\/?s={search_term_string}\"},\"query-input\":{\"@type\":\"PropertyValueSpecification\",\"valueRequired\":true,\"valueName\":\"search_term_string\"}}],\"inLanguage\":\"fr-FR\"}]}<\/script>\n<!-- \/ Yoast SEO plugin. -->","yoast_head_json":{"title":"Palais Gran Guardia | Hotel Indigo Verona","description":"Situ\u00e9 sur la plus belle place d'Europe, l'\u00e9l\u00e9gant Palazzo Gran Guardia accueille expositions, conf\u00e9rences et \u00e9v\u00e9nements. D\u00e9couvrez-le avec nous !","robots":{"index":"index","follow":"follow","max-snippet":"max-snippet:-1","max-image-preview":"max-image-preview:large","max-video-preview":"max-video-preview:-1"},"canonical":"https:\/\/www.indigoverona.com\/fr\/verona\/lieux-a-visiter\/palazzo-gran-guardia\/","og_locale":"fr_FR","og_type":"article","og_title":"Palais Gran Guardia | Hotel Indigo Verona","og_description":"Situ\u00e9 sur la plus belle place d'Europe, l'\u00e9l\u00e9gant Palazzo Gran Guardia accueille expositions, conf\u00e9rences et \u00e9v\u00e9nements. D\u00e9couvrez-le avec nous !","og_url":"https:\/\/www.indigoverona.com\/fr\/verona\/lieux-a-visiter\/palazzo-gran-guardia\/","og_site_name":"Hotel Indigo Verona - Grand Hotel Des Arts","article_modified_time":"2021-01-15T11:04:31+00:00","twitter_card":"summary_large_image","twitter_misc":{"Dur\u00e9e de lecture estim\u00e9e":"1 minute"},"schema":{"@context":"https:\/\/schema.org","@graph":[{"@type":"WebPage","@id":"https:\/\/www.indigoverona.com\/fr\/verona\/lieux-a-visiter\/palazzo-gran-guardia\/","url":"https:\/\/www.indigoverona.com\/fr\/verona\/lieux-a-visiter\/palazzo-gran-guardia\/","name":"Palais Gran Guardia | Hotel Indigo Verona","isPartOf":{"@id":"https:\/\/www.indigoverona.com\/fr\/#website"},"datePublished":"2020-05-19T08:27:47+00:00","dateModified":"2021-01-15T11:04:31+00:00","description":"Situ\u00e9 sur la plus belle place d'Europe, l'\u00e9l\u00e9gant Palazzo Gran Guardia accueille expositions, conf\u00e9rences et \u00e9v\u00e9nements. D\u00e9couvrez-le avec nous !","breadcrumb":{"@id":"https:\/\/www.indigoverona.com\/fr\/verona\/lieux-a-visiter\/palazzo-gran-guardia\/#breadcrumb"},"inLanguage":"fr-FR","potentialAction":[{"@type":"ReadAction","target":["https:\/\/www.indigoverona.com\/fr\/verona\/lieux-a-visiter\/palazzo-gran-guardia\/"]}]},{"@type":"BreadcrumbList","@id":"https:\/\/www.indigoverona.com\/fr\/verona\/lieux-a-visiter\/palazzo-gran-guardia\/#breadcrumb","itemListElement":[{"@type":"ListItem","position":1,"name":"Home","item":"https:\/\/www.indigoverona.com\/fr\/"},{"@type":"ListItem","position":2,"name":"Verona","item":"https:\/\/www.indigoverona.com\/fr\/verona\/"},{"@type":"ListItem","position":3,"name":"Lieux \u00e0 visiter","item":"https:\/\/www.indigoverona.com\/fr\/verona\/lieux-a-visiter\/"},{"@type":"ListItem","position":4,"name":"Palazzo Gran Guardia"}]},{"@type":"WebSite","@id":"https:\/\/www.indigoverona.com\/fr\/#website","url":"https:\/\/www.indigoverona.com\/fr\/","name":"Hotel Indigo Verona - Grand Hotel Des Arts","description":"Just another ms.decms.eu site","potentialAction":[{"@type":"SearchAction","target":{"@type":"EntryPoint","urlTemplate":"https:\/\/www.indigoverona.com\/fr\/?s={search_term_string}"},"query-input":{"@type":"PropertyValueSpecification","valueRequired":true,"valueName":"search_term_string"}}],"inLanguage":"fr-FR"}]}},"acf":[],"_links":{"self":[{"href":"https:\/\/www.indigoverona.com\/fr\/wp-json\/wp\/v2\/pages\/713","targetHints":{"allow":["GET"]}}],"collection":[{"href":"https:\/\/www.indigoverona.com\/fr\/wp-json\/wp\/v2\/pages"}],"about":[{"href":"https:\/\/www.indigoverona.com\/fr\/wp-json\/wp\/v2\/types\/page"}],"author":[{"embeddable":true,"href":"https:\/\/www.indigoverona.com\/fr\/wp-json\/wp\/v2\/users\/7"}],"replies":[{"embeddable":true,"href":"https:\/\/www.indigoverona.com\/fr\/wp-json\/wp\/v2\/comments?post=713"}],"version-history":[{"count":0,"href":"https:\/\/www.indigoverona.com\/fr\/wp-json\/wp\/v2\/pages\/713\/revisions"}],"up":[{"embeddable":true,"href":"https:\/\/www.indigoverona.com\/fr\/wp-json\/wp\/v2\/pages\/678"}],"wp:attachment":[{"href":"https:\/\/www.indigoverona.com\/fr\/wp-json\/wp\/v2\/media?parent=713"}],"curies":[{"name":"wp","href":"https:\/\/api.w.org\/{rel}","templated":true}]}}