{"id":725,"date":"2020-05-19T10:31:26","date_gmt":"2020-05-19T10:31:26","guid":{"rendered":"https:\/\/www.indigoverona.com\/verona\/lieux-a-visiter\/verona-fairground\/"},"modified":"2020-07-24T10:05:04","modified_gmt":"2020-07-24T10:05:04","slug":"foire-de-verone","status":"publish","type":"page","link":"https:\/\/www.indigoverona.com\/fr\/verona\/lieux-a-visiter\/foire-de-verone\/","title":{"rendered":"Foire de V\u00e9rone"},"content":{"rendered":"<p><strong>Un parc des expositions ultramoderne, <\/strong>309 000 m\u00e8tres carr\u00e9s de surface d&rsquo;exposition totale, \u00e9galement r\u00e9partis entre les espaces ext\u00e9rieurs et int\u00e9rieurs, 13 pavillons, 10 000 places de parking, des services exclusifs disponibles pour <strong>les exposants et les visiteurs<\/strong>, une connexion et une accessibilit\u00e9 enviables: c&rsquo;est pourquoi <strong>les principales foires nationales et des internationaux du secteur viennent \u00e0 V\u00e9rone<\/strong>.<\/p>\n<p>Cl\u00e9 d&rsquo;acc\u00e8s aux principales directives qui m\u00e8nent du nord au sud de l&rsquo;Europe (Stockholm-Palerme) et d&rsquo;est en ouest (Barcelone-Kiev), <strong>V\u00e9rone est un p\u00f4le logistique fondamental<\/strong>, une r\u00e9f\u00e9rence incontournable.<\/p>\n","protected":false},"excerpt":{"rendered":"<p>Un parc des expositions ultramoderne, 309 000 m\u00e8tres carr\u00e9s de surface d&rsquo;exposition totale, \u00e9galement r\u00e9partis entre les espaces ext\u00e9rieurs et int\u00e9rieurs, 13 pavillons, 10 000 places de parking, des services exclusifs disponibles pour les exposants et les visiteurs, une connexion et une accessibilit\u00e9 enviables: c&rsquo;est pourquoi les principales foires nationales et des internationaux du secteur [&hellip;]<\/p>\n","protected":false},"author":7,"featured_media":0,"parent":678,"menu_order":7,"comment_status":"closed","ping_status":"closed","template":"template-venice-theme.php","meta":{"footnotes":""},"class_list":["post-725","page","type-page","status-publish","hentry"],"yoast_head":"<!-- This site is optimized with the Yoast SEO plugin v26.9 - https:\/\/yoast.com\/product\/yoast-seo-wordpress\/ -->\n<title>Salon de V\u00e9rone | Hotel Indigo Verona<\/title>\n<meta name=\"description\" content=\"Veronafiere accueille des \u00e9v\u00e9nements toute l&#039;ann\u00e9e : Expo, FieraCavalli, Vinitaly, JobOrienta en sont des exemples. Informez-vous et d\u00e9couvrez-les avec nous !\" \/>\n<meta name=\"robots\" content=\"index, follow, max-snippet:-1, max-image-preview:large, max-video-preview:-1\" \/>\n<link rel=\"canonical\" href=\"https:\/\/www.indigoverona.com\/fr\/verona\/lieux-a-visiter\/foire-de-verone\/\" \/>\n<meta property=\"og:locale\" content=\"fr_FR\" \/>\n<meta property=\"og:type\" content=\"article\" \/>\n<meta property=\"og:title\" content=\"Salon de V\u00e9rone | Hotel Indigo Verona\" \/>\n<meta property=\"og:description\" content=\"Veronafiere accueille des \u00e9v\u00e9nements toute l&#039;ann\u00e9e : Expo, FieraCavalli, Vinitaly, JobOrienta en sont des exemples. Informez-vous et d\u00e9couvrez-les avec nous !\" \/>\n<meta property=\"og:url\" content=\"https:\/\/www.indigoverona.com\/fr\/verona\/lieux-a-visiter\/foire-de-verone\/\" \/>\n<meta property=\"og:site_name\" content=\"Hotel Indigo Verona - Grand Hotel Des Arts\" \/>\n<meta property=\"article:modified_time\" content=\"2020-07-24T10:05:04+00:00\" \/>\n<meta name=\"twitter:card\" content=\"summary_large_image\" \/>\n<script type=\"application\/ld+json\" class=\"yoast-schema-graph\">{\"@context\":\"https:\/\/schema.org\",\"@graph\":[{\"@type\":\"WebPage\",\"@id\":\"https:\/\/www.indigoverona.com\/fr\/verona\/lieux-a-visiter\/foire-de-verone\/\",\"url\":\"https:\/\/www.indigoverona.com\/fr\/verona\/lieux-a-visiter\/foire-de-verone\/\",\"name\":\"Salon de V\u00e9rone | Hotel Indigo Verona\",\"isPartOf\":{\"@id\":\"https:\/\/www.indigoverona.com\/fr\/#website\"},\"datePublished\":\"2020-05-19T10:31:26+00:00\",\"dateModified\":\"2020-07-24T10:05:04+00:00\",\"description\":\"Veronafiere accueille des \u00e9v\u00e9nements toute l'ann\u00e9e : Expo, FieraCavalli, Vinitaly, JobOrienta en sont des exemples. Informez-vous et d\u00e9couvrez-les avec nous !\",\"breadcrumb\":{\"@id\":\"https:\/\/www.indigoverona.com\/fr\/verona\/lieux-a-visiter\/foire-de-verone\/#breadcrumb\"},\"inLanguage\":\"fr-FR\",\"potentialAction\":[{\"@type\":\"ReadAction\",\"target\":[\"https:\/\/www.indigoverona.com\/fr\/verona\/lieux-a-visiter\/foire-de-verone\/\"]}]},{\"@type\":\"BreadcrumbList\",\"@id\":\"https:\/\/www.indigoverona.com\/fr\/verona\/lieux-a-visiter\/foire-de-verone\/#breadcrumb\",\"itemListElement\":[{\"@type\":\"ListItem\",\"position\":1,\"name\":\"Home\",\"item\":\"https:\/\/www.indigoverona.com\/fr\/\"},{\"@type\":\"ListItem\",\"position\":2,\"name\":\"Verona\",\"item\":\"https:\/\/www.indigoverona.com\/fr\/verona\/\"},{\"@type\":\"ListItem\",\"position\":3,\"name\":\"Lieux \u00e0 visiter\",\"item\":\"https:\/\/www.indigoverona.com\/fr\/verona\/lieux-a-visiter\/\"},{\"@type\":\"ListItem\",\"position\":4,\"name\":\"Foire de V\u00e9rone\"}]},{\"@type\":\"WebSite\",\"@id\":\"https:\/\/www.indigoverona.com\/fr\/#website\",\"url\":\"https:\/\/www.indigoverona.com\/fr\/\",\"name\":\"Hotel Indigo Verona - Grand Hotel Des Arts\",\"description\":\"Just another ms.decms.eu site\",\"potentialAction\":[{\"@type\":\"SearchAction\",\"target\":{\"@type\":\"EntryPoint\",\"urlTemplate\":\"https:\/\/www.indigoverona.com\/fr\/?s={search_term_string}\"},\"query-input\":{\"@type\":\"PropertyValueSpecification\",\"valueRequired\":true,\"valueName\":\"search_term_string\"}}],\"inLanguage\":\"fr-FR\"}]}<\/script>\n<!-- \/ Yoast SEO plugin. -->","yoast_head_json":{"title":"Salon de V\u00e9rone | Hotel Indigo Verona","description":"Veronafiere accueille des \u00e9v\u00e9nements toute l'ann\u00e9e : Expo, FieraCavalli, Vinitaly, JobOrienta en sont des exemples. Informez-vous et d\u00e9couvrez-les avec nous !","robots":{"index":"index","follow":"follow","max-snippet":"max-snippet:-1","max-image-preview":"max-image-preview:large","max-video-preview":"max-video-preview:-1"},"canonical":"https:\/\/www.indigoverona.com\/fr\/verona\/lieux-a-visiter\/foire-de-verone\/","og_locale":"fr_FR","og_type":"article","og_title":"Salon de V\u00e9rone | Hotel Indigo Verona","og_description":"Veronafiere accueille des \u00e9v\u00e9nements toute l'ann\u00e9e : Expo, FieraCavalli, Vinitaly, JobOrienta en sont des exemples. Informez-vous et d\u00e9couvrez-les avec nous !","og_url":"https:\/\/www.indigoverona.com\/fr\/verona\/lieux-a-visiter\/foire-de-verone\/","og_site_name":"Hotel Indigo Verona - Grand Hotel Des Arts","article_modified_time":"2020-07-24T10:05:04+00:00","twitter_card":"summary_large_image","schema":{"@context":"https:\/\/schema.org","@graph":[{"@type":"WebPage","@id":"https:\/\/www.indigoverona.com\/fr\/verona\/lieux-a-visiter\/foire-de-verone\/","url":"https:\/\/www.indigoverona.com\/fr\/verona\/lieux-a-visiter\/foire-de-verone\/","name":"Salon de V\u00e9rone | Hotel Indigo Verona","isPartOf":{"@id":"https:\/\/www.indigoverona.com\/fr\/#website"},"datePublished":"2020-05-19T10:31:26+00:00","dateModified":"2020-07-24T10:05:04+00:00","description":"Veronafiere accueille des \u00e9v\u00e9nements toute l'ann\u00e9e : Expo, FieraCavalli, Vinitaly, JobOrienta en sont des exemples. Informez-vous et d\u00e9couvrez-les avec nous !","breadcrumb":{"@id":"https:\/\/www.indigoverona.com\/fr\/verona\/lieux-a-visiter\/foire-de-verone\/#breadcrumb"},"inLanguage":"fr-FR","potentialAction":[{"@type":"ReadAction","target":["https:\/\/www.indigoverona.com\/fr\/verona\/lieux-a-visiter\/foire-de-verone\/"]}]},{"@type":"BreadcrumbList","@id":"https:\/\/www.indigoverona.com\/fr\/verona\/lieux-a-visiter\/foire-de-verone\/#breadcrumb","itemListElement":[{"@type":"ListItem","position":1,"name":"Home","item":"https:\/\/www.indigoverona.com\/fr\/"},{"@type":"ListItem","position":2,"name":"Verona","item":"https:\/\/www.indigoverona.com\/fr\/verona\/"},{"@type":"ListItem","position":3,"name":"Lieux \u00e0 visiter","item":"https:\/\/www.indigoverona.com\/fr\/verona\/lieux-a-visiter\/"},{"@type":"ListItem","position":4,"name":"Foire de V\u00e9rone"}]},{"@type":"WebSite","@id":"https:\/\/www.indigoverona.com\/fr\/#website","url":"https:\/\/www.indigoverona.com\/fr\/","name":"Hotel Indigo Verona - Grand Hotel Des Arts","description":"Just another ms.decms.eu site","potentialAction":[{"@type":"SearchAction","target":{"@type":"EntryPoint","urlTemplate":"https:\/\/www.indigoverona.com\/fr\/?s={search_term_string}"},"query-input":{"@type":"PropertyValueSpecification","valueRequired":true,"valueName":"search_term_string"}}],"inLanguage":"fr-FR"}]}},"acf":[],"_links":{"self":[{"href":"https:\/\/www.indigoverona.com\/fr\/wp-json\/wp\/v2\/pages\/725","targetHints":{"allow":["GET"]}}],"collection":[{"href":"https:\/\/www.indigoverona.com\/fr\/wp-json\/wp\/v2\/pages"}],"about":[{"href":"https:\/\/www.indigoverona.com\/fr\/wp-json\/wp\/v2\/types\/page"}],"author":[{"embeddable":true,"href":"https:\/\/www.indigoverona.com\/fr\/wp-json\/wp\/v2\/users\/7"}],"replies":[{"embeddable":true,"href":"https:\/\/www.indigoverona.com\/fr\/wp-json\/wp\/v2\/comments?post=725"}],"version-history":[{"count":0,"href":"https:\/\/www.indigoverona.com\/fr\/wp-json\/wp\/v2\/pages\/725\/revisions"}],"up":[{"embeddable":true,"href":"https:\/\/www.indigoverona.com\/fr\/wp-json\/wp\/v2\/pages\/678"}],"wp:attachment":[{"href":"https:\/\/www.indigoverona.com\/fr\/wp-json\/wp\/v2\/media?parent=725"}],"curies":[{"name":"wp","href":"https:\/\/api.w.org\/{rel}","templated":true}]}}