{"id":731,"date":"2020-05-19T12:04:43","date_gmt":"2020-05-19T12:04:43","guid":{"rendered":"https:\/\/www.indigoverona.com\/verona\/lieux-a-visiter\/around-verona\/"},"modified":"2021-01-15T11:08:22","modified_gmt":"2021-01-15T11:08:22","slug":"les-alentours-de-verone","status":"publish","type":"page","link":"https:\/\/www.indigoverona.com\/fr\/verona\/lieux-a-visiter\/les-alentours-de-verone\/","title":{"rendered":"Les alentours de V\u00e9rone"},"content":{"rendered":"<p>Tout ce dont vous avez besoin pour rendre <strong>votre s\u00e9jour \u00e0 V\u00e9rone inoubliable<\/strong> est d\u00e9j\u00e0 \u00e0 port\u00e9e de la main, mais si vous souhaitez \u00e9largir vos horizons, dans les environs de la ville, vous trouverez de v\u00e9ritables perles.<\/p>\n<p>Le <strong>Lac de Garde<\/strong>, avec ses vues suggestives et ses parcs \u00e0 th\u00e8me adapt\u00e9s pour divertir toute la famille, mais aussi les petits villages et les villages m\u00e9di\u00e9vaux les plus charmants que vous puissiez visiter, tels que <strong>Lazise, \u200b\u200bMalcesine, Torri del Benaco, Valeggio sul Mincio<\/strong>, sont une destination indispensable pour les visiteurs \u00e0 la recherche d&rsquo;\u00e9motions et d&rsquo;ambiances uniques&#8230;<\/p>\n","protected":false},"excerpt":{"rendered":"<p>Tout ce dont vous avez besoin pour rendre votre s\u00e9jour \u00e0 V\u00e9rone inoubliable est d\u00e9j\u00e0 \u00e0 port\u00e9e de la main, mais si vous souhaitez \u00e9largir vos horizons, dans les environs de la ville, vous trouverez de v\u00e9ritables perles. Le Lac de Garde, avec ses vues suggestives et ses parcs \u00e0 th\u00e8me adapt\u00e9s pour divertir toute [&hellip;]<\/p>\n","protected":false},"author":7,"featured_media":0,"parent":678,"menu_order":8,"comment_status":"closed","ping_status":"closed","template":"template-venice-theme.php","meta":{"footnotes":""},"class_list":["post-731","page","type-page","status-publish","hentry"],"yoast_head":"<!-- This site is optimized with the Yoast SEO plugin v26.9 - https:\/\/yoast.com\/product\/yoast-seo-wordpress\/ -->\n<title>Les environs de V\u00e9rone | Hotel Indigo Verona<\/title>\n<meta name=\"description\" content=\"La position strat\u00e9gique de V\u00e9rone permet de rejoindre vite des lieux fantastiquess. D\u00e9couvrez les curiosit\u00e9s des environs de V\u00e9rone !\" \/>\n<meta name=\"robots\" content=\"index, follow, max-snippet:-1, max-image-preview:large, max-video-preview:-1\" \/>\n<link rel=\"canonical\" href=\"https:\/\/www.indigoverona.com\/fr\/verona\/lieux-a-visiter\/les-alentours-de-verone\/\" \/>\n<meta property=\"og:locale\" content=\"fr_FR\" \/>\n<meta property=\"og:type\" content=\"article\" \/>\n<meta property=\"og:title\" content=\"Les environs de V\u00e9rone | Hotel Indigo Verona\" \/>\n<meta property=\"og:description\" content=\"La position strat\u00e9gique de V\u00e9rone permet de rejoindre vite des lieux fantastiquess. D\u00e9couvrez les curiosit\u00e9s des environs de V\u00e9rone !\" \/>\n<meta property=\"og:url\" content=\"https:\/\/www.indigoverona.com\/fr\/verona\/lieux-a-visiter\/les-alentours-de-verone\/\" \/>\n<meta property=\"og:site_name\" content=\"Hotel Indigo Verona - Grand Hotel Des Arts\" \/>\n<meta property=\"article:modified_time\" content=\"2021-01-15T11:08:22+00:00\" \/>\n<meta name=\"twitter:card\" content=\"summary_large_image\" \/>\n<meta name=\"twitter:label1\" content=\"Dur\u00e9e de lecture estim\u00e9e\" \/>\n\t<meta name=\"twitter:data1\" content=\"1 minute\" \/>\n<script type=\"application\/ld+json\" class=\"yoast-schema-graph\">{\"@context\":\"https:\/\/schema.org\",\"@graph\":[{\"@type\":\"WebPage\",\"@id\":\"https:\/\/www.indigoverona.com\/fr\/verona\/lieux-a-visiter\/les-alentours-de-verone\/\",\"url\":\"https:\/\/www.indigoverona.com\/fr\/verona\/lieux-a-visiter\/les-alentours-de-verone\/\",\"name\":\"Les environs de V\u00e9rone | Hotel Indigo Verona\",\"isPartOf\":{\"@id\":\"https:\/\/www.indigoverona.com\/fr\/#website\"},\"datePublished\":\"2020-05-19T12:04:43+00:00\",\"dateModified\":\"2021-01-15T11:08:22+00:00\",\"description\":\"La position strat\u00e9gique de V\u00e9rone permet de rejoindre vite des lieux fantastiquess. D\u00e9couvrez les curiosit\u00e9s des environs de V\u00e9rone !\",\"breadcrumb\":{\"@id\":\"https:\/\/www.indigoverona.com\/fr\/verona\/lieux-a-visiter\/les-alentours-de-verone\/#breadcrumb\"},\"inLanguage\":\"fr-FR\",\"potentialAction\":[{\"@type\":\"ReadAction\",\"target\":[\"https:\/\/www.indigoverona.com\/fr\/verona\/lieux-a-visiter\/les-alentours-de-verone\/\"]}]},{\"@type\":\"BreadcrumbList\",\"@id\":\"https:\/\/www.indigoverona.com\/fr\/verona\/lieux-a-visiter\/les-alentours-de-verone\/#breadcrumb\",\"itemListElement\":[{\"@type\":\"ListItem\",\"position\":1,\"name\":\"Home\",\"item\":\"https:\/\/www.indigoverona.com\/fr\/\"},{\"@type\":\"ListItem\",\"position\":2,\"name\":\"Verona\",\"item\":\"https:\/\/www.indigoverona.com\/fr\/verona\/\"},{\"@type\":\"ListItem\",\"position\":3,\"name\":\"Lieux \u00e0 visiter\",\"item\":\"https:\/\/www.indigoverona.com\/fr\/verona\/lieux-a-visiter\/\"},{\"@type\":\"ListItem\",\"position\":4,\"name\":\"Les alentours de V\u00e9rone\"}]},{\"@type\":\"WebSite\",\"@id\":\"https:\/\/www.indigoverona.com\/fr\/#website\",\"url\":\"https:\/\/www.indigoverona.com\/fr\/\",\"name\":\"Hotel Indigo Verona - Grand Hotel Des Arts\",\"description\":\"Just another ms.decms.eu site\",\"potentialAction\":[{\"@type\":\"SearchAction\",\"target\":{\"@type\":\"EntryPoint\",\"urlTemplate\":\"https:\/\/www.indigoverona.com\/fr\/?s={search_term_string}\"},\"query-input\":{\"@type\":\"PropertyValueSpecification\",\"valueRequired\":true,\"valueName\":\"search_term_string\"}}],\"inLanguage\":\"fr-FR\"}]}<\/script>\n<!-- \/ Yoast SEO plugin. -->","yoast_head_json":{"title":"Les environs de V\u00e9rone | Hotel Indigo Verona","description":"La position strat\u00e9gique de V\u00e9rone permet de rejoindre vite des lieux fantastiquess. D\u00e9couvrez les curiosit\u00e9s des environs de V\u00e9rone !","robots":{"index":"index","follow":"follow","max-snippet":"max-snippet:-1","max-image-preview":"max-image-preview:large","max-video-preview":"max-video-preview:-1"},"canonical":"https:\/\/www.indigoverona.com\/fr\/verona\/lieux-a-visiter\/les-alentours-de-verone\/","og_locale":"fr_FR","og_type":"article","og_title":"Les environs de V\u00e9rone | Hotel Indigo Verona","og_description":"La position strat\u00e9gique de V\u00e9rone permet de rejoindre vite des lieux fantastiquess. D\u00e9couvrez les curiosit\u00e9s des environs de V\u00e9rone !","og_url":"https:\/\/www.indigoverona.com\/fr\/verona\/lieux-a-visiter\/les-alentours-de-verone\/","og_site_name":"Hotel Indigo Verona - Grand Hotel Des Arts","article_modified_time":"2021-01-15T11:08:22+00:00","twitter_card":"summary_large_image","twitter_misc":{"Dur\u00e9e de lecture estim\u00e9e":"1 minute"},"schema":{"@context":"https:\/\/schema.org","@graph":[{"@type":"WebPage","@id":"https:\/\/www.indigoverona.com\/fr\/verona\/lieux-a-visiter\/les-alentours-de-verone\/","url":"https:\/\/www.indigoverona.com\/fr\/verona\/lieux-a-visiter\/les-alentours-de-verone\/","name":"Les environs de V\u00e9rone | Hotel Indigo Verona","isPartOf":{"@id":"https:\/\/www.indigoverona.com\/fr\/#website"},"datePublished":"2020-05-19T12:04:43+00:00","dateModified":"2021-01-15T11:08:22+00:00","description":"La position strat\u00e9gique de V\u00e9rone permet de rejoindre vite des lieux fantastiquess. D\u00e9couvrez les curiosit\u00e9s des environs de V\u00e9rone !","breadcrumb":{"@id":"https:\/\/www.indigoverona.com\/fr\/verona\/lieux-a-visiter\/les-alentours-de-verone\/#breadcrumb"},"inLanguage":"fr-FR","potentialAction":[{"@type":"ReadAction","target":["https:\/\/www.indigoverona.com\/fr\/verona\/lieux-a-visiter\/les-alentours-de-verone\/"]}]},{"@type":"BreadcrumbList","@id":"https:\/\/www.indigoverona.com\/fr\/verona\/lieux-a-visiter\/les-alentours-de-verone\/#breadcrumb","itemListElement":[{"@type":"ListItem","position":1,"name":"Home","item":"https:\/\/www.indigoverona.com\/fr\/"},{"@type":"ListItem","position":2,"name":"Verona","item":"https:\/\/www.indigoverona.com\/fr\/verona\/"},{"@type":"ListItem","position":3,"name":"Lieux \u00e0 visiter","item":"https:\/\/www.indigoverona.com\/fr\/verona\/lieux-a-visiter\/"},{"@type":"ListItem","position":4,"name":"Les alentours de V\u00e9rone"}]},{"@type":"WebSite","@id":"https:\/\/www.indigoverona.com\/fr\/#website","url":"https:\/\/www.indigoverona.com\/fr\/","name":"Hotel Indigo Verona - Grand Hotel Des Arts","description":"Just another ms.decms.eu site","potentialAction":[{"@type":"SearchAction","target":{"@type":"EntryPoint","urlTemplate":"https:\/\/www.indigoverona.com\/fr\/?s={search_term_string}"},"query-input":{"@type":"PropertyValueSpecification","valueRequired":true,"valueName":"search_term_string"}}],"inLanguage":"fr-FR"}]}},"acf":[],"_links":{"self":[{"href":"https:\/\/www.indigoverona.com\/fr\/wp-json\/wp\/v2\/pages\/731","targetHints":{"allow":["GET"]}}],"collection":[{"href":"https:\/\/www.indigoverona.com\/fr\/wp-json\/wp\/v2\/pages"}],"about":[{"href":"https:\/\/www.indigoverona.com\/fr\/wp-json\/wp\/v2\/types\/page"}],"author":[{"embeddable":true,"href":"https:\/\/www.indigoverona.com\/fr\/wp-json\/wp\/v2\/users\/7"}],"replies":[{"embeddable":true,"href":"https:\/\/www.indigoverona.com\/fr\/wp-json\/wp\/v2\/comments?post=731"}],"version-history":[{"count":0,"href":"https:\/\/www.indigoverona.com\/fr\/wp-json\/wp\/v2\/pages\/731\/revisions"}],"up":[{"embeddable":true,"href":"https:\/\/www.indigoverona.com\/fr\/wp-json\/wp\/v2\/pages\/678"}],"wp:attachment":[{"href":"https:\/\/www.indigoverona.com\/fr\/wp-json\/wp\/v2\/media?parent=731"}],"curies":[{"name":"wp","href":"https:\/\/api.w.org\/{rel}","templated":true}]}}