{"id":737,"date":"2020-07-24T10:40:07","date_gmt":"2020-07-24T10:40:07","guid":{"rendered":"https:\/\/www.indigoverona.com\/?page_id=737"},"modified":"2020-07-24T10:41:11","modified_gmt":"2020-07-24T10:41:11","slug":"galerie","status":"publish","type":"page","link":"https:\/\/www.indigoverona.com\/fr\/galerie\/","title":{"rendered":"Galerie"},"content":{"rendered":"","protected":false},"excerpt":{"rendered":"","protected":false},"author":7,"featured_media":0,"parent":0,"menu_order":9,"comment_status":"closed","ping_status":"closed","template":"template-gallery.php","meta":{"footnotes":""},"class_list":["post-737","page","type-page","status-publish","hentry"],"yoast_head":"<!-- This site is optimized with the Yoast SEO plugin v26.9 - https:\/\/yoast.com\/product\/yoast-seo-wordpress\/ -->\n<title>D\u00e9couvrez la Galerie Exclusive | Hotel Indigo Verona<\/title>\n<meta name=\"description\" content=\"D\u00e9couvrez images et photos de l&#039;Hotel Indigo Verona, h\u00f4tel boutique 4 \u00e9toiles de V\u00e9rone pr\u00e8s \u00e0 l&#039;Ar\u00e8na.\" \/>\n<meta name=\"robots\" content=\"index, follow, max-snippet:-1, max-image-preview:large, max-video-preview:-1\" \/>\n<link rel=\"canonical\" href=\"https:\/\/www.indigoverona.com\/fr\/galerie\/\" \/>\n<meta property=\"og:locale\" content=\"fr_FR\" \/>\n<meta property=\"og:type\" content=\"article\" \/>\n<meta property=\"og:title\" content=\"D\u00e9couvrez la Galerie Exclusive | Hotel Indigo Verona\" \/>\n<meta property=\"og:description\" content=\"D\u00e9couvrez images et photos de l&#039;Hotel Indigo Verona, h\u00f4tel boutique 4 \u00e9toiles de V\u00e9rone pr\u00e8s \u00e0 l&#039;Ar\u00e8na.\" \/>\n<meta property=\"og:url\" content=\"https:\/\/www.indigoverona.com\/fr\/galerie\/\" \/>\n<meta property=\"og:site_name\" content=\"Hotel Indigo Verona - Grand Hotel Des Arts\" \/>\n<meta property=\"article:modified_time\" content=\"2020-07-24T10:41:11+00:00\" \/>\n<meta name=\"twitter:card\" content=\"summary_large_image\" \/>\n<script type=\"application\/ld+json\" class=\"yoast-schema-graph\">{\"@context\":\"https:\/\/schema.org\",\"@graph\":[{\"@type\":\"WebPage\",\"@id\":\"https:\/\/www.indigoverona.com\/fr\/galerie\/\",\"url\":\"https:\/\/www.indigoverona.com\/fr\/galerie\/\",\"name\":\"D\u00e9couvrez la Galerie Exclusive | Hotel Indigo Verona\",\"isPartOf\":{\"@id\":\"https:\/\/www.indigoverona.com\/fr\/#website\"},\"datePublished\":\"2020-07-24T10:40:07+00:00\",\"dateModified\":\"2020-07-24T10:41:11+00:00\",\"description\":\"D\u00e9couvrez images et photos de l'Hotel Indigo Verona, h\u00f4tel boutique 4 \u00e9toiles de V\u00e9rone pr\u00e8s \u00e0 l'Ar\u00e8na.\",\"breadcrumb\":{\"@id\":\"https:\/\/www.indigoverona.com\/fr\/galerie\/#breadcrumb\"},\"inLanguage\":\"fr-FR\",\"potentialAction\":[{\"@type\":\"ReadAction\",\"target\":[\"https:\/\/www.indigoverona.com\/fr\/galerie\/\"]}]},{\"@type\":\"BreadcrumbList\",\"@id\":\"https:\/\/www.indigoverona.com\/fr\/galerie\/#breadcrumb\",\"itemListElement\":[{\"@type\":\"ListItem\",\"position\":1,\"name\":\"Home\",\"item\":\"https:\/\/www.indigoverona.com\/fr\/\"},{\"@type\":\"ListItem\",\"position\":2,\"name\":\"Galerie\"}]},{\"@type\":\"WebSite\",\"@id\":\"https:\/\/www.indigoverona.com\/fr\/#website\",\"url\":\"https:\/\/www.indigoverona.com\/fr\/\",\"name\":\"Hotel Indigo Verona - Grand Hotel Des Arts\",\"description\":\"Just another ms.decms.eu site\",\"potentialAction\":[{\"@type\":\"SearchAction\",\"target\":{\"@type\":\"EntryPoint\",\"urlTemplate\":\"https:\/\/www.indigoverona.com\/fr\/?s={search_term_string}\"},\"query-input\":{\"@type\":\"PropertyValueSpecification\",\"valueRequired\":true,\"valueName\":\"search_term_string\"}}],\"inLanguage\":\"fr-FR\"}]}<\/script>\n<!-- \/ Yoast SEO plugin. -->","yoast_head_json":{"title":"D\u00e9couvrez la Galerie Exclusive | Hotel Indigo Verona","description":"D\u00e9couvrez images et photos de l'Hotel Indigo Verona, h\u00f4tel boutique 4 \u00e9toiles de V\u00e9rone pr\u00e8s \u00e0 l'Ar\u00e8na.","robots":{"index":"index","follow":"follow","max-snippet":"max-snippet:-1","max-image-preview":"max-image-preview:large","max-video-preview":"max-video-preview:-1"},"canonical":"https:\/\/www.indigoverona.com\/fr\/galerie\/","og_locale":"fr_FR","og_type":"article","og_title":"D\u00e9couvrez la Galerie Exclusive | Hotel Indigo Verona","og_description":"D\u00e9couvrez images et photos de l'Hotel Indigo Verona, h\u00f4tel boutique 4 \u00e9toiles de V\u00e9rone pr\u00e8s \u00e0 l'Ar\u00e8na.","og_url":"https:\/\/www.indigoverona.com\/fr\/galerie\/","og_site_name":"Hotel Indigo Verona - Grand Hotel Des Arts","article_modified_time":"2020-07-24T10:41:11+00:00","twitter_card":"summary_large_image","schema":{"@context":"https:\/\/schema.org","@graph":[{"@type":"WebPage","@id":"https:\/\/www.indigoverona.com\/fr\/galerie\/","url":"https:\/\/www.indigoverona.com\/fr\/galerie\/","name":"D\u00e9couvrez la Galerie Exclusive | Hotel Indigo Verona","isPartOf":{"@id":"https:\/\/www.indigoverona.com\/fr\/#website"},"datePublished":"2020-07-24T10:40:07+00:00","dateModified":"2020-07-24T10:41:11+00:00","description":"D\u00e9couvrez images et photos de l'Hotel Indigo Verona, h\u00f4tel boutique 4 \u00e9toiles de V\u00e9rone pr\u00e8s \u00e0 l'Ar\u00e8na.","breadcrumb":{"@id":"https:\/\/www.indigoverona.com\/fr\/galerie\/#breadcrumb"},"inLanguage":"fr-FR","potentialAction":[{"@type":"ReadAction","target":["https:\/\/www.indigoverona.com\/fr\/galerie\/"]}]},{"@type":"BreadcrumbList","@id":"https:\/\/www.indigoverona.com\/fr\/galerie\/#breadcrumb","itemListElement":[{"@type":"ListItem","position":1,"name":"Home","item":"https:\/\/www.indigoverona.com\/fr\/"},{"@type":"ListItem","position":2,"name":"Galerie"}]},{"@type":"WebSite","@id":"https:\/\/www.indigoverona.com\/fr\/#website","url":"https:\/\/www.indigoverona.com\/fr\/","name":"Hotel Indigo Verona - Grand Hotel Des Arts","description":"Just another ms.decms.eu site","potentialAction":[{"@type":"SearchAction","target":{"@type":"EntryPoint","urlTemplate":"https:\/\/www.indigoverona.com\/fr\/?s={search_term_string}"},"query-input":{"@type":"PropertyValueSpecification","valueRequired":true,"valueName":"search_term_string"}}],"inLanguage":"fr-FR"}]}},"acf":[],"_links":{"self":[{"href":"https:\/\/www.indigoverona.com\/fr\/wp-json\/wp\/v2\/pages\/737","targetHints":{"allow":["GET"]}}],"collection":[{"href":"https:\/\/www.indigoverona.com\/fr\/wp-json\/wp\/v2\/pages"}],"about":[{"href":"https:\/\/www.indigoverona.com\/fr\/wp-json\/wp\/v2\/types\/page"}],"author":[{"embeddable":true,"href":"https:\/\/www.indigoverona.com\/fr\/wp-json\/wp\/v2\/users\/7"}],"replies":[{"embeddable":true,"href":"https:\/\/www.indigoverona.com\/fr\/wp-json\/wp\/v2\/comments?post=737"}],"version-history":[{"count":0,"href":"https:\/\/www.indigoverona.com\/fr\/wp-json\/wp\/v2\/pages\/737\/revisions"}],"wp:attachment":[{"href":"https:\/\/www.indigoverona.com\/fr\/wp-json\/wp\/v2\/media?parent=737"}],"curies":[{"name":"wp","href":"https:\/\/api.w.org\/{rel}","templated":true}]}}