{"id":760,"date":"2020-07-24T13:49:06","date_gmt":"2020-07-24T13:49:06","guid":{"rendered":"https:\/\/www.indigoverona.com\/?page_id=760"},"modified":"2021-01-14T17:00:49","modified_gmt":"2021-01-14T17:00:49","slug":"evenements-a-verone","status":"publish","type":"page","link":"https:\/\/www.indigoverona.com\/fr\/verona\/evenements-a-verone\/","title":{"rendered":"\u00c9v\u00e9nements \u00e0 V\u00e9rone"},"content":{"rendered":"<p><strong>V\u00e9rone, ville d&rsquo;amour, de monuments et de mus\u00e9es, d&rsquo;art et de culture <\/strong>&#8230; mais pas seulement. V\u00e9rone est avant tout <strong>une ville riche en \u00e9v\u00e9nements<\/strong> qui l&rsquo;animent toute l&rsquo;ann\u00e9e. Du Carnaval, jumeau du plus c\u00e9l\u00e8bre Venetian mais non moins fascinant, au concert, \u00e0 l&rsquo;op\u00e9ra, aux saisons th\u00e9\u00e2trales et lyriques qui animent l&rsquo;\u00e9t\u00e9, se produisant sur des sc\u00e8nes exceptionnelles telles que l&rsquo;<a title=\"Ar\u00e8ne et Piazza Bra - Hotel Indigo Verona\" href=\"https:\/\/www.indigoverona.com\/fr\/verona\/lieux-a-visiter\/larene-et-la-piazza-bra\/\"><strong><u>Ar\u00e8ne<\/u><\/strong><\/a>, le <strong>Th\u00e9\u00e2tre Romain<\/strong> et le <strong>Th\u00e9\u00e2tre Philharmonique<\/strong>; des <strong>festivals internationaux<\/strong> aux <strong>salons<\/strong> les plus c\u00e9l\u00e8bres &#8230; en bref: V\u00e9rone pourra \u00e9galement rencontrer des visiteurs aux go\u00fbts les plus \u00e9clectiques et complexes.<\/p>\n<p><strong>\u00a0<\/strong><\/p>\n<p><strong>Notre personnel <\/strong>vous fera d\u00e9couvrir les nombreuses opportunit\u00e9s que la ville vous offre au cours de l&rsquo;ann\u00e9e pour profiter au maximum de votre s\u00e9jour.<\/p>\n","protected":false},"excerpt":{"rendered":"<p>V\u00e9rone, ville d&rsquo;amour, de monuments et de mus\u00e9es, d&rsquo;art et de culture &#8230; mais pas seulement. V\u00e9rone est avant tout une ville riche en \u00e9v\u00e9nements qui l&rsquo;animent toute l&rsquo;ann\u00e9e. Du Carnaval, jumeau du plus c\u00e9l\u00e8bre Venetian mais non moins fascinant, au concert, \u00e0 l&rsquo;op\u00e9ra, aux saisons th\u00e9\u00e2trales et lyriques qui animent l&rsquo;\u00e9t\u00e9, se produisant sur [&hellip;]<\/p>\n","protected":false},"author":7,"featured_media":0,"parent":674,"menu_order":2,"comment_status":"closed","ping_status":"closed","template":"template-venice-theme.php","meta":{"footnotes":""},"class_list":["post-760","page","type-page","status-publish","hentry"],"yoast_head":"<!-- This site is optimized with the Yoast SEO plugin v26.9 - https:\/\/yoast.com\/product\/yoast-seo-wordpress\/ -->\n<title>\u00c9v\u00e9nements de V\u00e9rone | Hotel Indigo Verona<\/title>\n<meta name=\"description\" content=\"Art, expositions, concerts, spectacles: d\u00e9couvrez avec nous les rendez-vous in\u00e9vitables qui s&#039;animent dans la ville magique de l&#039;amour.\" \/>\n<meta name=\"robots\" content=\"index, follow, max-snippet:-1, max-image-preview:large, max-video-preview:-1\" \/>\n<link rel=\"canonical\" href=\"https:\/\/www.indigoverona.com\/fr\/verona\/evenements-a-verone\/\" \/>\n<meta property=\"og:locale\" content=\"fr_FR\" \/>\n<meta property=\"og:type\" content=\"article\" \/>\n<meta property=\"og:title\" content=\"\u00c9v\u00e9nements de V\u00e9rone | Hotel Indigo Verona\" \/>\n<meta property=\"og:description\" content=\"Art, expositions, concerts, spectacles: d\u00e9couvrez avec nous les rendez-vous in\u00e9vitables qui s&#039;animent dans la ville magique de l&#039;amour.\" \/>\n<meta property=\"og:url\" content=\"https:\/\/www.indigoverona.com\/fr\/verona\/evenements-a-verone\/\" \/>\n<meta property=\"og:site_name\" content=\"Hotel Indigo Verona - Grand Hotel Des Arts\" \/>\n<meta property=\"article:modified_time\" content=\"2021-01-14T17:00:49+00:00\" \/>\n<meta name=\"twitter:card\" content=\"summary_large_image\" \/>\n<meta name=\"twitter:label1\" content=\"Dur\u00e9e de lecture estim\u00e9e\" \/>\n\t<meta name=\"twitter:data1\" content=\"1 minute\" \/>\n<script type=\"application\/ld+json\" class=\"yoast-schema-graph\">{\"@context\":\"https:\/\/schema.org\",\"@graph\":[{\"@type\":\"WebPage\",\"@id\":\"https:\/\/www.indigoverona.com\/fr\/verona\/evenements-a-verone\/\",\"url\":\"https:\/\/www.indigoverona.com\/fr\/verona\/evenements-a-verone\/\",\"name\":\"\u00c9v\u00e9nements de V\u00e9rone | Hotel Indigo Verona\",\"isPartOf\":{\"@id\":\"https:\/\/www.indigoverona.com\/fr\/#website\"},\"datePublished\":\"2020-07-24T13:49:06+00:00\",\"dateModified\":\"2021-01-14T17:00:49+00:00\",\"description\":\"Art, expositions, concerts, spectacles: d\u00e9couvrez avec nous les rendez-vous in\u00e9vitables qui s'animent dans la ville magique de l'amour.\",\"breadcrumb\":{\"@id\":\"https:\/\/www.indigoverona.com\/fr\/verona\/evenements-a-verone\/#breadcrumb\"},\"inLanguage\":\"fr-FR\",\"potentialAction\":[{\"@type\":\"ReadAction\",\"target\":[\"https:\/\/www.indigoverona.com\/fr\/verona\/evenements-a-verone\/\"]}]},{\"@type\":\"BreadcrumbList\",\"@id\":\"https:\/\/www.indigoverona.com\/fr\/verona\/evenements-a-verone\/#breadcrumb\",\"itemListElement\":[{\"@type\":\"ListItem\",\"position\":1,\"name\":\"Home\",\"item\":\"https:\/\/www.indigoverona.com\/fr\/\"},{\"@type\":\"ListItem\",\"position\":2,\"name\":\"Verona\",\"item\":\"https:\/\/www.indigoverona.com\/fr\/verona\/\"},{\"@type\":\"ListItem\",\"position\":3,\"name\":\"\u00c9v\u00e9nements \u00e0 V\u00e9rone\"}]},{\"@type\":\"WebSite\",\"@id\":\"https:\/\/www.indigoverona.com\/fr\/#website\",\"url\":\"https:\/\/www.indigoverona.com\/fr\/\",\"name\":\"Hotel Indigo Verona - Grand Hotel Des Arts\",\"description\":\"Just another ms.decms.eu site\",\"potentialAction\":[{\"@type\":\"SearchAction\",\"target\":{\"@type\":\"EntryPoint\",\"urlTemplate\":\"https:\/\/www.indigoverona.com\/fr\/?s={search_term_string}\"},\"query-input\":{\"@type\":\"PropertyValueSpecification\",\"valueRequired\":true,\"valueName\":\"search_term_string\"}}],\"inLanguage\":\"fr-FR\"}]}<\/script>\n<!-- \/ Yoast SEO plugin. -->","yoast_head_json":{"title":"\u00c9v\u00e9nements de V\u00e9rone | Hotel Indigo Verona","description":"Art, expositions, concerts, spectacles: d\u00e9couvrez avec nous les rendez-vous in\u00e9vitables qui s'animent dans la ville magique de l'amour.","robots":{"index":"index","follow":"follow","max-snippet":"max-snippet:-1","max-image-preview":"max-image-preview:large","max-video-preview":"max-video-preview:-1"},"canonical":"https:\/\/www.indigoverona.com\/fr\/verona\/evenements-a-verone\/","og_locale":"fr_FR","og_type":"article","og_title":"\u00c9v\u00e9nements de V\u00e9rone | Hotel Indigo Verona","og_description":"Art, expositions, concerts, spectacles: d\u00e9couvrez avec nous les rendez-vous in\u00e9vitables qui s'animent dans la ville magique de l'amour.","og_url":"https:\/\/www.indigoverona.com\/fr\/verona\/evenements-a-verone\/","og_site_name":"Hotel Indigo Verona - Grand Hotel Des Arts","article_modified_time":"2021-01-14T17:00:49+00:00","twitter_card":"summary_large_image","twitter_misc":{"Dur\u00e9e de lecture estim\u00e9e":"1 minute"},"schema":{"@context":"https:\/\/schema.org","@graph":[{"@type":"WebPage","@id":"https:\/\/www.indigoverona.com\/fr\/verona\/evenements-a-verone\/","url":"https:\/\/www.indigoverona.com\/fr\/verona\/evenements-a-verone\/","name":"\u00c9v\u00e9nements de V\u00e9rone | Hotel Indigo Verona","isPartOf":{"@id":"https:\/\/www.indigoverona.com\/fr\/#website"},"datePublished":"2020-07-24T13:49:06+00:00","dateModified":"2021-01-14T17:00:49+00:00","description":"Art, expositions, concerts, spectacles: d\u00e9couvrez avec nous les rendez-vous in\u00e9vitables qui s'animent dans la ville magique de l'amour.","breadcrumb":{"@id":"https:\/\/www.indigoverona.com\/fr\/verona\/evenements-a-verone\/#breadcrumb"},"inLanguage":"fr-FR","potentialAction":[{"@type":"ReadAction","target":["https:\/\/www.indigoverona.com\/fr\/verona\/evenements-a-verone\/"]}]},{"@type":"BreadcrumbList","@id":"https:\/\/www.indigoverona.com\/fr\/verona\/evenements-a-verone\/#breadcrumb","itemListElement":[{"@type":"ListItem","position":1,"name":"Home","item":"https:\/\/www.indigoverona.com\/fr\/"},{"@type":"ListItem","position":2,"name":"Verona","item":"https:\/\/www.indigoverona.com\/fr\/verona\/"},{"@type":"ListItem","position":3,"name":"\u00c9v\u00e9nements \u00e0 V\u00e9rone"}]},{"@type":"WebSite","@id":"https:\/\/www.indigoverona.com\/fr\/#website","url":"https:\/\/www.indigoverona.com\/fr\/","name":"Hotel Indigo Verona - Grand Hotel Des Arts","description":"Just another ms.decms.eu site","potentialAction":[{"@type":"SearchAction","target":{"@type":"EntryPoint","urlTemplate":"https:\/\/www.indigoverona.com\/fr\/?s={search_term_string}"},"query-input":{"@type":"PropertyValueSpecification","valueRequired":true,"valueName":"search_term_string"}}],"inLanguage":"fr-FR"}]}},"acf":[],"_links":{"self":[{"href":"https:\/\/www.indigoverona.com\/fr\/wp-json\/wp\/v2\/pages\/760","targetHints":{"allow":["GET"]}}],"collection":[{"href":"https:\/\/www.indigoverona.com\/fr\/wp-json\/wp\/v2\/pages"}],"about":[{"href":"https:\/\/www.indigoverona.com\/fr\/wp-json\/wp\/v2\/types\/page"}],"author":[{"embeddable":true,"href":"https:\/\/www.indigoverona.com\/fr\/wp-json\/wp\/v2\/users\/7"}],"replies":[{"embeddable":true,"href":"https:\/\/www.indigoverona.com\/fr\/wp-json\/wp\/v2\/comments?post=760"}],"version-history":[{"count":0,"href":"https:\/\/www.indigoverona.com\/fr\/wp-json\/wp\/v2\/pages\/760\/revisions"}],"up":[{"embeddable":true,"href":"https:\/\/www.indigoverona.com\/fr\/wp-json\/wp\/v2\/pages\/674"}],"wp:attachment":[{"href":"https:\/\/www.indigoverona.com\/fr\/wp-json\/wp\/v2\/media?parent=760"}],"curies":[{"name":"wp","href":"https:\/\/api.w.org\/{rel}","templated":true}]}}