{"id":776,"date":"2020-05-15T09:50:18","date_gmt":"2020-05-15T09:50:18","guid":{"rendered":"https:\/\/www.indigoverona.com\/situation\/discover-unique\/"},"modified":"2021-01-14T15:40:12","modified_gmt":"2021-01-14T15:40:12","slug":"discover-unique","status":"publish","type":"page","link":"https:\/\/www.indigoverona.com\/fr\/situation\/discover-unique\/","title":{"rendered":"Discover unique"},"content":{"rendered":"<p>La <strong>l\u00e9gende de Rom\u00e9o et Juliette<\/strong>, dont la trag\u00e9die s&rsquo;est d\u00e9roul\u00e9e dans l&rsquo;enceinte de cette ville selon Shakespeare, attire chaque ann\u00e9e des milliers de touristes \u00e0 <strong>V\u00e9rone<\/strong>. Souffrance, passion, transport et d\u00e9vouement, mais aussi, paradoxalement, une esp\u00e9rance tenace, qui ne se laisse jamais \u00e9touffer, enflamme les \u00e2mes des V\u00e9roniens et a captiv\u00e9 l&rsquo;imagination des visiteurs depuis des si\u00e8cles.<\/p>\n<p>Ce sont des ambiances et des influences que l&rsquo;on respire surtout ici, dans les espaces en communs et les chambres de <strong>l&rsquo;H\u00f4tel Indigo V\u00e9rone &#8211; Grand H\u00f4tel des Arts<\/strong>, ainsi que dans les rues et ruelles du quartier.<\/p>\n<p>Des endroits privil\u00e9gi\u00e9s, charg\u00e9s <strong>d&rsquo;histoire, d&rsquo;art, de culture et de traditions<\/strong>, habit\u00e9s par des citoyens \u00ab\u00a0h\u00e9ro\u00efques\u00a0\u00bb dans leur attachement au territoire, anim\u00e9s par des \u00e9v\u00e9nements et des c\u00e9l\u00e9brations qui passionnent, agr\u00e9ment\u00e9s d&rsquo;\u0153uvres en constante \u00e9volution, qui t\u00e9moignent de la volont\u00e9 commune de s&rsquo;am\u00e9liorer constamment.<\/p>\n<p>Autour d&rsquo;ici, des b\u00e2timents historiques et des mus\u00e9es qui pr\u00e9servent religieusement les vestiges et les reliques du pass\u00e9 coexistent avec un quartier en expansion, celui de <strong>Porta Nuova<\/strong>, qui est plein de vitalit\u00e9 et ne craint pas la confrontation avec l&rsquo;avenir. Sans peur, sans incertitudes, avec un courage sans pareil.<\/p>\n<p><strong>C&rsquo;est la passion qui coule dans nos veines et que vous respirez dans notre air, le secret du charme de V\u00e9rone.<\/strong><\/p>\n","protected":false},"excerpt":{"rendered":"<p>La l\u00e9gende de Rom\u00e9o et Juliette, dont la trag\u00e9die s&rsquo;est d\u00e9roul\u00e9e dans l&rsquo;enceinte de cette ville selon Shakespeare, attire chaque ann\u00e9e des milliers de touristes \u00e0 V\u00e9rone. Souffrance, passion, transport et d\u00e9vouement, mais aussi, paradoxalement, une esp\u00e9rance tenace, qui ne se laisse jamais \u00e9touffer, enflamme les \u00e2mes des V\u00e9roniens et a captiv\u00e9 l&rsquo;imagination des visiteurs [&hellip;]<\/p>\n","protected":false},"author":7,"featured_media":0,"parent":764,"menu_order":1,"comment_status":"closed","ping_status":"closed","template":"template-neighborhood.php","meta":{"footnotes":""},"class_list":["post-776","page","type-page","status-publish","hentry"],"yoast_head":"<!-- This site is optimized with the Yoast SEO plugin v26.9 - https:\/\/yoast.com\/product\/yoast-seo-wordpress\/ -->\n<title>D\u00e9couvrir Unique Hotel Des Arts | Hotel Indigo Verona<\/title>\n<meta name=\"description\" content=\"L&#039;Hotel Indigo Grand Hotel Des Arts est situ\u00e9 au centre de V\u00e9rone, pr\u00e8s de l&#039;Ar\u00e8ne. L&#039;h\u00f4tel comprend un Bar, un Jardin et des salles de r\u00e9union.\" \/>\n<meta name=\"robots\" content=\"index, follow, max-snippet:-1, max-image-preview:large, max-video-preview:-1\" \/>\n<link rel=\"canonical\" href=\"https:\/\/www.indigoverona.com\/fr\/situation\/discover-unique\/\" \/>\n<meta property=\"og:locale\" content=\"fr_FR\" \/>\n<meta property=\"og:type\" content=\"article\" \/>\n<meta property=\"og:title\" content=\"D\u00e9couvrir Unique Hotel Des Arts | Hotel Indigo Verona\" \/>\n<meta property=\"og:description\" content=\"L&#039;Hotel Indigo Grand Hotel Des Arts est situ\u00e9 au centre de V\u00e9rone, pr\u00e8s de l&#039;Ar\u00e8ne. L&#039;h\u00f4tel comprend un Bar, un Jardin et des salles de r\u00e9union.\" \/>\n<meta property=\"og:url\" content=\"https:\/\/www.indigoverona.com\/fr\/situation\/discover-unique\/\" \/>\n<meta property=\"og:site_name\" content=\"Hotel Indigo Verona - Grand Hotel Des Arts\" \/>\n<meta property=\"article:modified_time\" content=\"2021-01-14T15:40:12+00:00\" \/>\n<meta name=\"twitter:card\" content=\"summary_large_image\" \/>\n<meta name=\"twitter:label1\" content=\"Dur\u00e9e de lecture estim\u00e9e\" \/>\n\t<meta name=\"twitter:data1\" content=\"1 minute\" \/>\n<script type=\"application\/ld+json\" class=\"yoast-schema-graph\">{\"@context\":\"https:\/\/schema.org\",\"@graph\":[{\"@type\":\"WebPage\",\"@id\":\"https:\/\/www.indigoverona.com\/fr\/situation\/discover-unique\/\",\"url\":\"https:\/\/www.indigoverona.com\/fr\/situation\/discover-unique\/\",\"name\":\"D\u00e9couvrir Unique Hotel Des Arts | Hotel Indigo Verona\",\"isPartOf\":{\"@id\":\"https:\/\/www.indigoverona.com\/fr\/#website\"},\"datePublished\":\"2020-05-15T09:50:18+00:00\",\"dateModified\":\"2021-01-14T15:40:12+00:00\",\"description\":\"L'Hotel Indigo Grand Hotel Des Arts est situ\u00e9 au centre de V\u00e9rone, pr\u00e8s de l'Ar\u00e8ne. L'h\u00f4tel comprend un Bar, un Jardin et des salles de r\u00e9union.\",\"breadcrumb\":{\"@id\":\"https:\/\/www.indigoverona.com\/fr\/situation\/discover-unique\/#breadcrumb\"},\"inLanguage\":\"fr-FR\",\"potentialAction\":[{\"@type\":\"ReadAction\",\"target\":[\"https:\/\/www.indigoverona.com\/fr\/situation\/discover-unique\/\"]}]},{\"@type\":\"BreadcrumbList\",\"@id\":\"https:\/\/www.indigoverona.com\/fr\/situation\/discover-unique\/#breadcrumb\",\"itemListElement\":[{\"@type\":\"ListItem\",\"position\":1,\"name\":\"Home\",\"item\":\"https:\/\/www.indigoverona.com\/fr\/\"},{\"@type\":\"ListItem\",\"position\":2,\"name\":\"Situation\",\"item\":\"https:\/\/www.indigoverona.com\/fr\/situation\/\"},{\"@type\":\"ListItem\",\"position\":3,\"name\":\"Discover unique\"}]},{\"@type\":\"WebSite\",\"@id\":\"https:\/\/www.indigoverona.com\/fr\/#website\",\"url\":\"https:\/\/www.indigoverona.com\/fr\/\",\"name\":\"Hotel Indigo Verona - Grand Hotel Des Arts\",\"description\":\"Just another ms.decms.eu site\",\"potentialAction\":[{\"@type\":\"SearchAction\",\"target\":{\"@type\":\"EntryPoint\",\"urlTemplate\":\"https:\/\/www.indigoverona.com\/fr\/?s={search_term_string}\"},\"query-input\":{\"@type\":\"PropertyValueSpecification\",\"valueRequired\":true,\"valueName\":\"search_term_string\"}}],\"inLanguage\":\"fr-FR\"}]}<\/script>\n<!-- \/ Yoast SEO plugin. -->","yoast_head_json":{"title":"D\u00e9couvrir Unique Hotel Des Arts | Hotel Indigo Verona","description":"L'Hotel Indigo Grand Hotel Des Arts est situ\u00e9 au centre de V\u00e9rone, pr\u00e8s de l'Ar\u00e8ne. L'h\u00f4tel comprend un Bar, un Jardin et des salles de r\u00e9union.","robots":{"index":"index","follow":"follow","max-snippet":"max-snippet:-1","max-image-preview":"max-image-preview:large","max-video-preview":"max-video-preview:-1"},"canonical":"https:\/\/www.indigoverona.com\/fr\/situation\/discover-unique\/","og_locale":"fr_FR","og_type":"article","og_title":"D\u00e9couvrir Unique Hotel Des Arts | Hotel Indigo Verona","og_description":"L'Hotel Indigo Grand Hotel Des Arts est situ\u00e9 au centre de V\u00e9rone, pr\u00e8s de l'Ar\u00e8ne. L'h\u00f4tel comprend un Bar, un Jardin et des salles de r\u00e9union.","og_url":"https:\/\/www.indigoverona.com\/fr\/situation\/discover-unique\/","og_site_name":"Hotel Indigo Verona - Grand Hotel Des Arts","article_modified_time":"2021-01-14T15:40:12+00:00","twitter_card":"summary_large_image","twitter_misc":{"Dur\u00e9e de lecture estim\u00e9e":"1 minute"},"schema":{"@context":"https:\/\/schema.org","@graph":[{"@type":"WebPage","@id":"https:\/\/www.indigoverona.com\/fr\/situation\/discover-unique\/","url":"https:\/\/www.indigoverona.com\/fr\/situation\/discover-unique\/","name":"D\u00e9couvrir Unique Hotel Des Arts | Hotel Indigo Verona","isPartOf":{"@id":"https:\/\/www.indigoverona.com\/fr\/#website"},"datePublished":"2020-05-15T09:50:18+00:00","dateModified":"2021-01-14T15:40:12+00:00","description":"L'Hotel Indigo Grand Hotel Des Arts est situ\u00e9 au centre de V\u00e9rone, pr\u00e8s de l'Ar\u00e8ne. L'h\u00f4tel comprend un Bar, un Jardin et des salles de r\u00e9union.","breadcrumb":{"@id":"https:\/\/www.indigoverona.com\/fr\/situation\/discover-unique\/#breadcrumb"},"inLanguage":"fr-FR","potentialAction":[{"@type":"ReadAction","target":["https:\/\/www.indigoverona.com\/fr\/situation\/discover-unique\/"]}]},{"@type":"BreadcrumbList","@id":"https:\/\/www.indigoverona.com\/fr\/situation\/discover-unique\/#breadcrumb","itemListElement":[{"@type":"ListItem","position":1,"name":"Home","item":"https:\/\/www.indigoverona.com\/fr\/"},{"@type":"ListItem","position":2,"name":"Situation","item":"https:\/\/www.indigoverona.com\/fr\/situation\/"},{"@type":"ListItem","position":3,"name":"Discover unique"}]},{"@type":"WebSite","@id":"https:\/\/www.indigoverona.com\/fr\/#website","url":"https:\/\/www.indigoverona.com\/fr\/","name":"Hotel Indigo Verona - Grand Hotel Des Arts","description":"Just another ms.decms.eu site","potentialAction":[{"@type":"SearchAction","target":{"@type":"EntryPoint","urlTemplate":"https:\/\/www.indigoverona.com\/fr\/?s={search_term_string}"},"query-input":{"@type":"PropertyValueSpecification","valueRequired":true,"valueName":"search_term_string"}}],"inLanguage":"fr-FR"}]}},"acf":[],"_links":{"self":[{"href":"https:\/\/www.indigoverona.com\/fr\/wp-json\/wp\/v2\/pages\/776","targetHints":{"allow":["GET"]}}],"collection":[{"href":"https:\/\/www.indigoverona.com\/fr\/wp-json\/wp\/v2\/pages"}],"about":[{"href":"https:\/\/www.indigoverona.com\/fr\/wp-json\/wp\/v2\/types\/page"}],"author":[{"embeddable":true,"href":"https:\/\/www.indigoverona.com\/fr\/wp-json\/wp\/v2\/users\/7"}],"replies":[{"embeddable":true,"href":"https:\/\/www.indigoverona.com\/fr\/wp-json\/wp\/v2\/comments?post=776"}],"version-history":[{"count":0,"href":"https:\/\/www.indigoverona.com\/fr\/wp-json\/wp\/v2\/pages\/776\/revisions"}],"up":[{"embeddable":true,"href":"https:\/\/www.indigoverona.com\/fr\/wp-json\/wp\/v2\/pages\/764"}],"wp:attachment":[{"href":"https:\/\/www.indigoverona.com\/fr\/wp-json\/wp\/v2\/media?parent=776"}],"curies":[{"name":"wp","href":"https:\/\/api.w.org\/{rel}","templated":true}]}}