{"id":785,"date":"2020-05-20T14:18:58","date_gmt":"2020-05-20T14:18:58","guid":{"rendered":"https:\/\/www.indigoverona.com\/contacts-us\/"},"modified":"2023-08-29T16:04:53","modified_gmt":"2023-08-29T16:04:53","slug":"nous-contacter","status":"publish","type":"page","link":"https:\/\/www.indigoverona.com\/fr\/nous-contacter\/","title":{"rendered":"Nous contacter"},"content":{"rendered":"<p>C.so Porta Nuova, 105, Verona 37122, Italia<\/p>\n<p>T +39 045 595 600<br \/>\nF +39 045 596 385<\/p>\n<p>E-mail: <a href=\"mailto:info@indigoverona.com\">info@indigoverona.com<\/a><\/p>\n<p><a href=\"https:\/\/www.facebook.com\/hotelindigoverona\/\" target=\"_blank\" rel=\"noopener\"><img loading=\"lazy\" decoding=\"async\" class=\"alignnone wp-image-2641\" src=\"https:\/\/www.indigovenice.com\/wp-content\/uploads\/sites\/44\/2023\/08\/facebook-2-300x300.png\" alt=\"\" width=\"40\" height=\"40\" \/><\/a>\u00a0 \u00a0 <a href=\"https:\/\/www.instagram.com\/hotelindigoverona\/\" target=\"_blank\" rel=\"noopener\"><img loading=\"lazy\" decoding=\"async\" class=\"alignnone wp-image-2642\" src=\"https:\/\/www.indigovenice.com\/wp-content\/uploads\/sites\/44\/2023\/08\/instagram-300x300.png\" alt=\"\" width=\"40\" height=\"40\" \/><\/a><\/p>\n","protected":false},"excerpt":{"rendered":"<p>C.so Porta Nuova, 105, Verona 37122, Italia T +39 045 595 600 F +39 045 596 385 E-mail: info@indigoverona.com \u00a0 \u00a0<\/p>\n","protected":false},"author":7,"featured_media":0,"parent":0,"menu_order":10,"comment_status":"closed","ping_status":"closed","template":"","meta":{"footnotes":""},"class_list":["post-785","page","type-page","status-publish","hentry"],"yoast_head":"<!-- This site is optimized with the Yoast SEO plugin v26.9 - https:\/\/yoast.com\/product\/yoast-seo-wordpress\/ -->\n<title>Contacts | Hotel Indigo Verona Grand Hotel des Arts<\/title>\n<meta name=\"description\" content=\"Contactez le Boutique Hotel Indigo Verona pr\u00e8s de l&#039;Ar\u00e8ne, notre disponibilit\u00e9 au service de vos exigences. Remplissez les formulaires et r\u00e9servez votre s\u00e9jour \u00e0 V\u00e9rone.\" \/>\n<meta name=\"robots\" content=\"index, follow, max-snippet:-1, max-image-preview:large, max-video-preview:-1\" \/>\n<link rel=\"canonical\" href=\"https:\/\/www.indigoverona.com\/fr\/nous-contacter\/\" \/>\n<meta property=\"og:locale\" content=\"fr_FR\" \/>\n<meta property=\"og:type\" content=\"article\" \/>\n<meta property=\"og:title\" content=\"Contacts | Hotel Indigo Verona Grand Hotel des Arts\" \/>\n<meta property=\"og:description\" content=\"Contactez le Boutique Hotel Indigo Verona pr\u00e8s de l&#039;Ar\u00e8ne, notre disponibilit\u00e9 au service de vos exigences. Remplissez les formulaires et r\u00e9servez votre s\u00e9jour \u00e0 V\u00e9rone.\" \/>\n<meta property=\"og:url\" content=\"https:\/\/www.indigoverona.com\/fr\/nous-contacter\/\" \/>\n<meta property=\"og:site_name\" content=\"Hotel Indigo Verona - Grand Hotel Des Arts\" \/>\n<meta property=\"article:modified_time\" content=\"2023-08-29T16:04:53+00:00\" \/>\n<meta property=\"og:image\" content=\"https:\/\/www.indigovenice.com\/wp-content\/uploads\/sites\/44\/2023\/08\/facebook-2-300x300.png\" \/>\n<meta name=\"twitter:card\" content=\"summary_large_image\" \/>\n<script type=\"application\/ld+json\" class=\"yoast-schema-graph\">{\"@context\":\"https:\/\/schema.org\",\"@graph\":[{\"@type\":\"WebPage\",\"@id\":\"https:\/\/www.indigoverona.com\/fr\/nous-contacter\/\",\"url\":\"https:\/\/www.indigoverona.com\/fr\/nous-contacter\/\",\"name\":\"Contacts | Hotel Indigo Verona Grand Hotel des Arts\",\"isPartOf\":{\"@id\":\"https:\/\/www.indigoverona.com\/fr\/#website\"},\"primaryImageOfPage\":{\"@id\":\"https:\/\/www.indigoverona.com\/fr\/nous-contacter\/#primaryimage\"},\"image\":{\"@id\":\"https:\/\/www.indigoverona.com\/fr\/nous-contacter\/#primaryimage\"},\"thumbnailUrl\":\"https:\/\/www.indigovenice.com\/wp-content\/uploads\/sites\/44\/2023\/08\/facebook-2-300x300.png\",\"datePublished\":\"2020-05-20T14:18:58+00:00\",\"dateModified\":\"2023-08-29T16:04:53+00:00\",\"description\":\"Contactez le Boutique Hotel Indigo Verona pr\u00e8s de l'Ar\u00e8ne, notre disponibilit\u00e9 au service de vos exigences. Remplissez les formulaires et r\u00e9servez votre s\u00e9jour \u00e0 V\u00e9rone.\",\"breadcrumb\":{\"@id\":\"https:\/\/www.indigoverona.com\/fr\/nous-contacter\/#breadcrumb\"},\"inLanguage\":\"fr-FR\",\"potentialAction\":[{\"@type\":\"ReadAction\",\"target\":[\"https:\/\/www.indigoverona.com\/fr\/nous-contacter\/\"]}]},{\"@type\":\"ImageObject\",\"inLanguage\":\"fr-FR\",\"@id\":\"https:\/\/www.indigoverona.com\/fr\/nous-contacter\/#primaryimage\",\"url\":\"https:\/\/www.indigovenice.com\/wp-content\/uploads\/sites\/44\/2023\/08\/facebook-2-300x300.png\",\"contentUrl\":\"https:\/\/www.indigovenice.com\/wp-content\/uploads\/sites\/44\/2023\/08\/facebook-2-300x300.png\"},{\"@type\":\"BreadcrumbList\",\"@id\":\"https:\/\/www.indigoverona.com\/fr\/nous-contacter\/#breadcrumb\",\"itemListElement\":[{\"@type\":\"ListItem\",\"position\":1,\"name\":\"Home\",\"item\":\"https:\/\/www.indigoverona.com\/fr\/\"},{\"@type\":\"ListItem\",\"position\":2,\"name\":\"Nous contacter\"}]},{\"@type\":\"WebSite\",\"@id\":\"https:\/\/www.indigoverona.com\/fr\/#website\",\"url\":\"https:\/\/www.indigoverona.com\/fr\/\",\"name\":\"Hotel Indigo Verona - Grand Hotel Des Arts\",\"description\":\"Just another ms.decms.eu site\",\"potentialAction\":[{\"@type\":\"SearchAction\",\"target\":{\"@type\":\"EntryPoint\",\"urlTemplate\":\"https:\/\/www.indigoverona.com\/fr\/?s={search_term_string}\"},\"query-input\":{\"@type\":\"PropertyValueSpecification\",\"valueRequired\":true,\"valueName\":\"search_term_string\"}}],\"inLanguage\":\"fr-FR\"}]}<\/script>\n<!-- \/ Yoast SEO plugin. -->","yoast_head_json":{"title":"Contacts | Hotel Indigo Verona Grand Hotel des Arts","description":"Contactez le Boutique Hotel Indigo Verona pr\u00e8s de l'Ar\u00e8ne, notre disponibilit\u00e9 au service de vos exigences. Remplissez les formulaires et r\u00e9servez votre s\u00e9jour \u00e0 V\u00e9rone.","robots":{"index":"index","follow":"follow","max-snippet":"max-snippet:-1","max-image-preview":"max-image-preview:large","max-video-preview":"max-video-preview:-1"},"canonical":"https:\/\/www.indigoverona.com\/fr\/nous-contacter\/","og_locale":"fr_FR","og_type":"article","og_title":"Contacts | Hotel Indigo Verona Grand Hotel des Arts","og_description":"Contactez le Boutique Hotel Indigo Verona pr\u00e8s de l'Ar\u00e8ne, notre disponibilit\u00e9 au service de vos exigences. Remplissez les formulaires et r\u00e9servez votre s\u00e9jour \u00e0 V\u00e9rone.","og_url":"https:\/\/www.indigoverona.com\/fr\/nous-contacter\/","og_site_name":"Hotel Indigo Verona - Grand Hotel Des Arts","article_modified_time":"2023-08-29T16:04:53+00:00","og_image":[{"url":"https:\/\/www.indigovenice.com\/wp-content\/uploads\/sites\/44\/2023\/08\/facebook-2-300x300.png","type":"","width":"","height":""}],"twitter_card":"summary_large_image","schema":{"@context":"https:\/\/schema.org","@graph":[{"@type":"WebPage","@id":"https:\/\/www.indigoverona.com\/fr\/nous-contacter\/","url":"https:\/\/www.indigoverona.com\/fr\/nous-contacter\/","name":"Contacts | Hotel Indigo Verona Grand Hotel des Arts","isPartOf":{"@id":"https:\/\/www.indigoverona.com\/fr\/#website"},"primaryImageOfPage":{"@id":"https:\/\/www.indigoverona.com\/fr\/nous-contacter\/#primaryimage"},"image":{"@id":"https:\/\/www.indigoverona.com\/fr\/nous-contacter\/#primaryimage"},"thumbnailUrl":"https:\/\/www.indigovenice.com\/wp-content\/uploads\/sites\/44\/2023\/08\/facebook-2-300x300.png","datePublished":"2020-05-20T14:18:58+00:00","dateModified":"2023-08-29T16:04:53+00:00","description":"Contactez le Boutique Hotel Indigo Verona pr\u00e8s de l'Ar\u00e8ne, notre disponibilit\u00e9 au service de vos exigences. Remplissez les formulaires et r\u00e9servez votre s\u00e9jour \u00e0 V\u00e9rone.","breadcrumb":{"@id":"https:\/\/www.indigoverona.com\/fr\/nous-contacter\/#breadcrumb"},"inLanguage":"fr-FR","potentialAction":[{"@type":"ReadAction","target":["https:\/\/www.indigoverona.com\/fr\/nous-contacter\/"]}]},{"@type":"ImageObject","inLanguage":"fr-FR","@id":"https:\/\/www.indigoverona.com\/fr\/nous-contacter\/#primaryimage","url":"https:\/\/www.indigovenice.com\/wp-content\/uploads\/sites\/44\/2023\/08\/facebook-2-300x300.png","contentUrl":"https:\/\/www.indigovenice.com\/wp-content\/uploads\/sites\/44\/2023\/08\/facebook-2-300x300.png"},{"@type":"BreadcrumbList","@id":"https:\/\/www.indigoverona.com\/fr\/nous-contacter\/#breadcrumb","itemListElement":[{"@type":"ListItem","position":1,"name":"Home","item":"https:\/\/www.indigoverona.com\/fr\/"},{"@type":"ListItem","position":2,"name":"Nous contacter"}]},{"@type":"WebSite","@id":"https:\/\/www.indigoverona.com\/fr\/#website","url":"https:\/\/www.indigoverona.com\/fr\/","name":"Hotel Indigo Verona - Grand Hotel Des Arts","description":"Just another ms.decms.eu site","potentialAction":[{"@type":"SearchAction","target":{"@type":"EntryPoint","urlTemplate":"https:\/\/www.indigoverona.com\/fr\/?s={search_term_string}"},"query-input":{"@type":"PropertyValueSpecification","valueRequired":true,"valueName":"search_term_string"}}],"inLanguage":"fr-FR"}]}},"acf":[],"_links":{"self":[{"href":"https:\/\/www.indigoverona.com\/fr\/wp-json\/wp\/v2\/pages\/785","targetHints":{"allow":["GET"]}}],"collection":[{"href":"https:\/\/www.indigoverona.com\/fr\/wp-json\/wp\/v2\/pages"}],"about":[{"href":"https:\/\/www.indigoverona.com\/fr\/wp-json\/wp\/v2\/types\/page"}],"author":[{"embeddable":true,"href":"https:\/\/www.indigoverona.com\/fr\/wp-json\/wp\/v2\/users\/7"}],"replies":[{"embeddable":true,"href":"https:\/\/www.indigoverona.com\/fr\/wp-json\/wp\/v2\/comments?post=785"}],"version-history":[{"count":0,"href":"https:\/\/www.indigoverona.com\/fr\/wp-json\/wp\/v2\/pages\/785\/revisions"}],"wp:attachment":[{"href":"https:\/\/www.indigoverona.com\/fr\/wp-json\/wp\/v2\/media?parent=785"}],"curies":[{"name":"wp","href":"https:\/\/api.w.org\/{rel}","templated":true}]}}