{"id":114,"date":"2020-05-11T14:57:39","date_gmt":"2020-05-11T14:57:39","guid":{"rendered":"http:\/\/des-art-indigo-verona.ms.decms.eu\/hotel\/il-des-arts\/"},"modified":"2021-01-10T21:12:54","modified_gmt":"2021-01-10T21:12:54","slug":"il-des-arts","status":"publish","type":"page","link":"https:\/\/www.indigoverona.com\/it\/hotel\/il-des-arts\/","title":{"rendered":"Il Des Arts"},"content":{"rendered":"<p>Ambienti rinnovati con gusto, un&#8217;atmosfera rilassata e confortevole, con un tocco di personalit\u00e0 di una unicit\u00e0 disarmante, questo \u00e8 Hotel Indigo Verona \u2013 Grand Hotel Des Arts: non solo un albergo, ma un piccolo museo d\u2019arte dove pezzi di grande prestigio, spesso ospitati in mostre e rassegne dedicate, hanno scelto di trascorrere il loro &#8220;tempo libero&#8221;.<\/p>\n","protected":false},"excerpt":{"rendered":"<p>Ambienti rinnovati con gusto, un&#8217;atmosfera rilassata e confortevole, con un tocco di personalit\u00e0 di una unicit\u00e0 disarmante, questo \u00e8 Hotel Indigo Verona \u2013 Grand Hotel Des Arts: non solo un albergo, ma un piccolo museo d\u2019arte dove pezzi di grande prestigio, spesso ospitati in mostre e rassegne dedicate, hanno scelto di trascorrere il loro &#8220;tempo [&hellip;]<\/p>\n","protected":false},"author":7,"featured_media":0,"parent":109,"menu_order":0,"comment_status":"closed","ping_status":"closed","template":"","meta":{"footnotes":""},"class_list":["post-114","page","type-page","status-publish","hentry"],"yoast_head":"<!-- This site is optimized with the Yoast SEO plugin v26.9 - https:\/\/yoast.com\/product\/yoast-seo-wordpress\/ -->\n<title>La storia del boutique Hotel Indigo | Grand Hotel Des Arts<\/title>\n<meta name=\"description\" content=\"Lasciati affascinare dalla storia dell&#039;edificio e dell&#039;Hotel Indigo Verona. Arte e cultura si uniscono a comfort, eleganza e sicurezza. Scoprila sul nostro sito.\" \/>\n<meta name=\"robots\" content=\"index, follow, max-snippet:-1, max-image-preview:large, max-video-preview:-1\" \/>\n<link rel=\"canonical\" href=\"https:\/\/www.indigoverona.com\/it\/hotel\/il-des-arts\/\" \/>\n<meta property=\"og:locale\" content=\"it_IT\" \/>\n<meta property=\"og:type\" content=\"article\" \/>\n<meta property=\"og:title\" content=\"La storia del boutique Hotel Indigo | Grand Hotel Des Arts\" \/>\n<meta property=\"og:description\" content=\"Lasciati affascinare dalla storia dell&#039;edificio e dell&#039;Hotel Indigo Verona. Arte e cultura si uniscono a comfort, eleganza e sicurezza. Scoprila sul nostro sito.\" \/>\n<meta property=\"og:url\" content=\"https:\/\/www.indigoverona.com\/it\/hotel\/il-des-arts\/\" \/>\n<meta property=\"og:site_name\" content=\"Hotel Indigo Verona - Grand Hotel Des Arts\" \/>\n<meta property=\"article:modified_time\" content=\"2021-01-10T21:12:54+00:00\" \/>\n<meta name=\"twitter:card\" content=\"summary_large_image\" \/>\n<script type=\"application\/ld+json\" class=\"yoast-schema-graph\">{\"@context\":\"https:\/\/schema.org\",\"@graph\":[{\"@type\":\"WebPage\",\"@id\":\"https:\/\/www.indigoverona.com\/it\/hotel\/il-des-arts\/\",\"url\":\"https:\/\/www.indigoverona.com\/it\/hotel\/il-des-arts\/\",\"name\":\"La storia del boutique Hotel Indigo | Grand Hotel Des Arts\",\"isPartOf\":{\"@id\":\"https:\/\/www.indigoverona.com\/it\/#website\"},\"datePublished\":\"2020-05-11T14:57:39+00:00\",\"dateModified\":\"2021-01-10T21:12:54+00:00\",\"description\":\"Lasciati affascinare dalla storia dell'edificio e dell'Hotel Indigo Verona. Arte e cultura si uniscono a comfort, eleganza e sicurezza. Scoprila sul nostro sito.\",\"breadcrumb\":{\"@id\":\"https:\/\/www.indigoverona.com\/it\/hotel\/il-des-arts\/#breadcrumb\"},\"inLanguage\":\"it-IT\",\"potentialAction\":[{\"@type\":\"ReadAction\",\"target\":[\"https:\/\/www.indigoverona.com\/it\/hotel\/il-des-arts\/\"]}]},{\"@type\":\"BreadcrumbList\",\"@id\":\"https:\/\/www.indigoverona.com\/it\/hotel\/il-des-arts\/#breadcrumb\",\"itemListElement\":[{\"@type\":\"ListItem\",\"position\":1,\"name\":\"Home\",\"item\":\"https:\/\/www.indigoverona.com\/it\/\"},{\"@type\":\"ListItem\",\"position\":2,\"name\":\"Hotel\",\"item\":\"https:\/\/www.indigoverona.com\/it\/hotel\/\"},{\"@type\":\"ListItem\",\"position\":3,\"name\":\"Il Des Arts\"}]},{\"@type\":\"WebSite\",\"@id\":\"https:\/\/www.indigoverona.com\/it\/#website\",\"url\":\"https:\/\/www.indigoverona.com\/it\/\",\"name\":\"Hotel Indigo Verona - Grand Hotel Des Arts\",\"description\":\"Just another ms.decms.eu site\",\"potentialAction\":[{\"@type\":\"SearchAction\",\"target\":{\"@type\":\"EntryPoint\",\"urlTemplate\":\"https:\/\/www.indigoverona.com\/it\/?s={search_term_string}\"},\"query-input\":{\"@type\":\"PropertyValueSpecification\",\"valueRequired\":true,\"valueName\":\"search_term_string\"}}],\"inLanguage\":\"it-IT\"}]}<\/script>\n<!-- \/ Yoast SEO plugin. -->","yoast_head_json":{"title":"La storia del boutique Hotel Indigo | Grand Hotel Des Arts","description":"Lasciati affascinare dalla storia dell'edificio e dell'Hotel Indigo Verona. Arte e cultura si uniscono a comfort, eleganza e sicurezza. Scoprila sul nostro sito.","robots":{"index":"index","follow":"follow","max-snippet":"max-snippet:-1","max-image-preview":"max-image-preview:large","max-video-preview":"max-video-preview:-1"},"canonical":"https:\/\/www.indigoverona.com\/it\/hotel\/il-des-arts\/","og_locale":"it_IT","og_type":"article","og_title":"La storia del boutique Hotel Indigo | Grand Hotel Des Arts","og_description":"Lasciati affascinare dalla storia dell'edificio e dell'Hotel Indigo Verona. Arte e cultura si uniscono a comfort, eleganza e sicurezza. Scoprila sul nostro sito.","og_url":"https:\/\/www.indigoverona.com\/it\/hotel\/il-des-arts\/","og_site_name":"Hotel Indigo Verona - Grand Hotel Des Arts","article_modified_time":"2021-01-10T21:12:54+00:00","twitter_card":"summary_large_image","schema":{"@context":"https:\/\/schema.org","@graph":[{"@type":"WebPage","@id":"https:\/\/www.indigoverona.com\/it\/hotel\/il-des-arts\/","url":"https:\/\/www.indigoverona.com\/it\/hotel\/il-des-arts\/","name":"La storia del boutique Hotel Indigo | Grand Hotel Des Arts","isPartOf":{"@id":"https:\/\/www.indigoverona.com\/it\/#website"},"datePublished":"2020-05-11T14:57:39+00:00","dateModified":"2021-01-10T21:12:54+00:00","description":"Lasciati affascinare dalla storia dell'edificio e dell'Hotel Indigo Verona. Arte e cultura si uniscono a comfort, eleganza e sicurezza. Scoprila sul nostro sito.","breadcrumb":{"@id":"https:\/\/www.indigoverona.com\/it\/hotel\/il-des-arts\/#breadcrumb"},"inLanguage":"it-IT","potentialAction":[{"@type":"ReadAction","target":["https:\/\/www.indigoverona.com\/it\/hotel\/il-des-arts\/"]}]},{"@type":"BreadcrumbList","@id":"https:\/\/www.indigoverona.com\/it\/hotel\/il-des-arts\/#breadcrumb","itemListElement":[{"@type":"ListItem","position":1,"name":"Home","item":"https:\/\/www.indigoverona.com\/it\/"},{"@type":"ListItem","position":2,"name":"Hotel","item":"https:\/\/www.indigoverona.com\/it\/hotel\/"},{"@type":"ListItem","position":3,"name":"Il Des Arts"}]},{"@type":"WebSite","@id":"https:\/\/www.indigoverona.com\/it\/#website","url":"https:\/\/www.indigoverona.com\/it\/","name":"Hotel Indigo Verona - Grand Hotel Des Arts","description":"Just another ms.decms.eu site","potentialAction":[{"@type":"SearchAction","target":{"@type":"EntryPoint","urlTemplate":"https:\/\/www.indigoverona.com\/it\/?s={search_term_string}"},"query-input":{"@type":"PropertyValueSpecification","valueRequired":true,"valueName":"search_term_string"}}],"inLanguage":"it-IT"}]}},"acf":[],"_links":{"self":[{"href":"https:\/\/www.indigoverona.com\/it\/wp-json\/wp\/v2\/pages\/114","targetHints":{"allow":["GET"]}}],"collection":[{"href":"https:\/\/www.indigoverona.com\/it\/wp-json\/wp\/v2\/pages"}],"about":[{"href":"https:\/\/www.indigoverona.com\/it\/wp-json\/wp\/v2\/types\/page"}],"author":[{"embeddable":true,"href":"https:\/\/www.indigoverona.com\/it\/wp-json\/wp\/v2\/users\/7"}],"replies":[{"embeddable":true,"href":"https:\/\/www.indigoverona.com\/it\/wp-json\/wp\/v2\/comments?post=114"}],"version-history":[{"count":0,"href":"https:\/\/www.indigoverona.com\/it\/wp-json\/wp\/v2\/pages\/114\/revisions"}],"up":[{"embeddable":true,"href":"https:\/\/www.indigoverona.com\/it\/wp-json\/wp\/v2\/pages\/109"}],"wp:attachment":[{"href":"https:\/\/www.indigoverona.com\/it\/wp-json\/wp\/v2\/media?parent=114"}],"curies":[{"name":"wp","href":"https:\/\/api.w.org\/{rel}","templated":true}]}}