{"id":127,"date":"2020-05-12T08:35:56","date_gmt":"2020-05-12T08:35:56","guid":{"rendered":"http:\/\/des-art-indigo-verona.ms.decms.eu\/hotel\/design-concept\/"},"modified":"2025-05-26T10:16:35","modified_gmt":"2025-05-26T10:16:35","slug":"gli-ambienti","status":"publish","type":"page","link":"https:\/\/www.indigoverona.com\/it\/hotel\/gli-ambienti\/","title":{"rendered":"Gli ambienti"},"content":{"rendered":"<p>Recentemente oggetto di una \u201cremise en forme\u201d che ne ha rinnovato gli ambienti lasciando intatta l\u2019atmosfera raffinata che lo permea, l\u2019Hotel Indigo Verona dispone di <strong><a title=\"Camere e Suite - Hotel Indigo Verona\" href=\"https:\/\/www.indigoverona.com\/it\/camere-e-suites\/\" target=\"_blank\" rel=\"noopener noreferrer\"><u>62 camere<\/u><\/a> di varie tipologie, <a title=\"Sale Meeting - Hotel Indigo Verona\" href=\"https:\/\/www.indigoverona.com\/it\/meeting-ed-eventi\/le-sale-meeting\/\">4<u>\u00a0sale meetin<\/u>g<\/a> modulabili, l\u2019<a title=\"Arya Bar &amp; Mixology - Hotel Indigo Verona\" href=\"https:\/\/www.indigoverona.com\/it\/arya-bar-mixology\/\" target=\"_blank\" rel=\"noopener noreferrer\"><u>Arya Bar &amp; Mixolog<\/u>y<\/a>, un <a title=\"Giardino Interno - Hotel Indigo Verona\" href=\"https:\/\/www.indigoverona.com\/it\/hotel\/giardino-interno\/\" target=\"_blank\" rel=\"noopener noreferrer\"><u>giardino privato<\/u><\/a> con solarium<\/strong>, terrazza e aree attrezzate con i servizi pi\u00f9 adatti a soddisfare le necessit\u00e0 dei clienti pi\u00f9 esigenti.<\/p>\n<p>I toni del salvia e del verde, i grigi luminosi, le rifiniture di pregio degli ambienti, stimolano la concentrazione e donano serenit\u00e0: proprio il mood che serve per affrontare gli impegni di ogni giornata, siano essi di lavoro o puro svago.<\/p>\n<p>A farvi compagnia durante la vostra permanenza, con la loro presenza discreta ed evocativa, <strong>le opere d\u2019arte<\/strong> che \u201csostano\u201d, in pensoso raccoglimento, negli spazi comuni dell\u2019hotel. Nella hall, accanto al ricevimento, al bar&#8230; non sarete mai soli, o annoiati. Ci sar\u00e0 sempre uno spunto creativo a cui ispirarvi!<\/p>\n","protected":false},"excerpt":{"rendered":"<p>Recentemente oggetto di una \u201cremise en forme\u201d che ne ha rinnovato gli ambienti lasciando intatta l\u2019atmosfera raffinata che lo permea, l\u2019Hotel Indigo Verona dispone di 62 camere di varie tipologie, 4\u00a0sale meeting modulabili, l\u2019Arya Bar &amp; Mixology, un giardino privato con solarium, terrazza e aree attrezzate con i servizi pi\u00f9 adatti a soddisfare le necessit\u00e0 [&hellip;]<\/p>\n","protected":false},"author":7,"featured_media":0,"parent":109,"menu_order":2,"comment_status":"closed","ping_status":"closed","template":"","meta":{"footnotes":""},"class_list":["post-127","page","type-page","status-publish","hentry"],"yoast_head":"<!-- This site is optimized with the Yoast SEO plugin v26.9 - https:\/\/yoast.com\/product\/yoast-seo-wordpress\/ -->\n<title>Ambienti del boutique Hotel 4 Stelle Verona | Hotel Indigo<\/title>\n<meta name=\"description\" content=\"Tra pitture e sculture, l&#039;elegante Hotel des Arts racchiude numerosi ambienti. Scopri le camere, le suite, la sala meeting e il bar.\" \/>\n<meta name=\"robots\" content=\"index, follow, max-snippet:-1, max-image-preview:large, max-video-preview:-1\" \/>\n<link rel=\"canonical\" href=\"https:\/\/www.indigoverona.com\/it\/hotel\/gli-ambienti\/\" \/>\n<meta property=\"og:locale\" content=\"it_IT\" \/>\n<meta property=\"og:type\" content=\"article\" \/>\n<meta property=\"og:title\" content=\"Ambienti del boutique Hotel 4 Stelle Verona | Hotel Indigo\" \/>\n<meta property=\"og:description\" content=\"Tra pitture e sculture, l&#039;elegante Hotel des Arts racchiude numerosi ambienti. Scopri le camere, le suite, la sala meeting e il bar.\" \/>\n<meta property=\"og:url\" content=\"https:\/\/www.indigoverona.com\/it\/hotel\/gli-ambienti\/\" \/>\n<meta property=\"og:site_name\" content=\"Hotel Indigo Verona - Grand Hotel Des Arts\" \/>\n<meta property=\"article:modified_time\" content=\"2025-05-26T10:16:35+00:00\" \/>\n<meta name=\"twitter:card\" content=\"summary_large_image\" \/>\n<meta name=\"twitter:label1\" content=\"Tempo di lettura stimato\" \/>\n\t<meta name=\"twitter:data1\" content=\"1 minuto\" \/>\n<script type=\"application\/ld+json\" class=\"yoast-schema-graph\">{\"@context\":\"https:\/\/schema.org\",\"@graph\":[{\"@type\":\"WebPage\",\"@id\":\"https:\/\/www.indigoverona.com\/it\/hotel\/gli-ambienti\/\",\"url\":\"https:\/\/www.indigoverona.com\/it\/hotel\/gli-ambienti\/\",\"name\":\"Ambienti del boutique Hotel 4 Stelle Verona | Hotel Indigo\",\"isPartOf\":{\"@id\":\"https:\/\/www.indigoverona.com\/it\/#website\"},\"datePublished\":\"2020-05-12T08:35:56+00:00\",\"dateModified\":\"2025-05-26T10:16:35+00:00\",\"description\":\"Tra pitture e sculture, l'elegante Hotel des Arts racchiude numerosi ambienti. Scopri le camere, le suite, la sala meeting e il bar.\",\"breadcrumb\":{\"@id\":\"https:\/\/www.indigoverona.com\/it\/hotel\/gli-ambienti\/#breadcrumb\"},\"inLanguage\":\"it-IT\",\"potentialAction\":[{\"@type\":\"ReadAction\",\"target\":[\"https:\/\/www.indigoverona.com\/it\/hotel\/gli-ambienti\/\"]}]},{\"@type\":\"BreadcrumbList\",\"@id\":\"https:\/\/www.indigoverona.com\/it\/hotel\/gli-ambienti\/#breadcrumb\",\"itemListElement\":[{\"@type\":\"ListItem\",\"position\":1,\"name\":\"Home\",\"item\":\"https:\/\/www.indigoverona.com\/it\/\"},{\"@type\":\"ListItem\",\"position\":2,\"name\":\"Hotel\",\"item\":\"https:\/\/www.indigoverona.com\/it\/hotel\/\"},{\"@type\":\"ListItem\",\"position\":3,\"name\":\"Gli ambienti\"}]},{\"@type\":\"WebSite\",\"@id\":\"https:\/\/www.indigoverona.com\/it\/#website\",\"url\":\"https:\/\/www.indigoverona.com\/it\/\",\"name\":\"Hotel Indigo Verona - Grand Hotel Des Arts\",\"description\":\"Just another ms.decms.eu site\",\"potentialAction\":[{\"@type\":\"SearchAction\",\"target\":{\"@type\":\"EntryPoint\",\"urlTemplate\":\"https:\/\/www.indigoverona.com\/it\/?s={search_term_string}\"},\"query-input\":{\"@type\":\"PropertyValueSpecification\",\"valueRequired\":true,\"valueName\":\"search_term_string\"}}],\"inLanguage\":\"it-IT\"}]}<\/script>\n<!-- \/ Yoast SEO plugin. -->","yoast_head_json":{"title":"Ambienti del boutique Hotel 4 Stelle Verona | Hotel Indigo","description":"Tra pitture e sculture, l'elegante Hotel des Arts racchiude numerosi ambienti. Scopri le camere, le suite, la sala meeting e il bar.","robots":{"index":"index","follow":"follow","max-snippet":"max-snippet:-1","max-image-preview":"max-image-preview:large","max-video-preview":"max-video-preview:-1"},"canonical":"https:\/\/www.indigoverona.com\/it\/hotel\/gli-ambienti\/","og_locale":"it_IT","og_type":"article","og_title":"Ambienti del boutique Hotel 4 Stelle Verona | Hotel Indigo","og_description":"Tra pitture e sculture, l'elegante Hotel des Arts racchiude numerosi ambienti. Scopri le camere, le suite, la sala meeting e il bar.","og_url":"https:\/\/www.indigoverona.com\/it\/hotel\/gli-ambienti\/","og_site_name":"Hotel Indigo Verona - Grand Hotel Des Arts","article_modified_time":"2025-05-26T10:16:35+00:00","twitter_card":"summary_large_image","twitter_misc":{"Tempo di lettura stimato":"1 minuto"},"schema":{"@context":"https:\/\/schema.org","@graph":[{"@type":"WebPage","@id":"https:\/\/www.indigoverona.com\/it\/hotel\/gli-ambienti\/","url":"https:\/\/www.indigoverona.com\/it\/hotel\/gli-ambienti\/","name":"Ambienti del boutique Hotel 4 Stelle Verona | Hotel Indigo","isPartOf":{"@id":"https:\/\/www.indigoverona.com\/it\/#website"},"datePublished":"2020-05-12T08:35:56+00:00","dateModified":"2025-05-26T10:16:35+00:00","description":"Tra pitture e sculture, l'elegante Hotel des Arts racchiude numerosi ambienti. Scopri le camere, le suite, la sala meeting e il bar.","breadcrumb":{"@id":"https:\/\/www.indigoverona.com\/it\/hotel\/gli-ambienti\/#breadcrumb"},"inLanguage":"it-IT","potentialAction":[{"@type":"ReadAction","target":["https:\/\/www.indigoverona.com\/it\/hotel\/gli-ambienti\/"]}]},{"@type":"BreadcrumbList","@id":"https:\/\/www.indigoverona.com\/it\/hotel\/gli-ambienti\/#breadcrumb","itemListElement":[{"@type":"ListItem","position":1,"name":"Home","item":"https:\/\/www.indigoverona.com\/it\/"},{"@type":"ListItem","position":2,"name":"Hotel","item":"https:\/\/www.indigoverona.com\/it\/hotel\/"},{"@type":"ListItem","position":3,"name":"Gli ambienti"}]},{"@type":"WebSite","@id":"https:\/\/www.indigoverona.com\/it\/#website","url":"https:\/\/www.indigoverona.com\/it\/","name":"Hotel Indigo Verona - Grand Hotel Des Arts","description":"Just another ms.decms.eu site","potentialAction":[{"@type":"SearchAction","target":{"@type":"EntryPoint","urlTemplate":"https:\/\/www.indigoverona.com\/it\/?s={search_term_string}"},"query-input":{"@type":"PropertyValueSpecification","valueRequired":true,"valueName":"search_term_string"}}],"inLanguage":"it-IT"}]}},"acf":[],"_links":{"self":[{"href":"https:\/\/www.indigoverona.com\/it\/wp-json\/wp\/v2\/pages\/127","targetHints":{"allow":["GET"]}}],"collection":[{"href":"https:\/\/www.indigoverona.com\/it\/wp-json\/wp\/v2\/pages"}],"about":[{"href":"https:\/\/www.indigoverona.com\/it\/wp-json\/wp\/v2\/types\/page"}],"author":[{"embeddable":true,"href":"https:\/\/www.indigoverona.com\/it\/wp-json\/wp\/v2\/users\/7"}],"replies":[{"embeddable":true,"href":"https:\/\/www.indigoverona.com\/it\/wp-json\/wp\/v2\/comments?post=127"}],"version-history":[{"count":0,"href":"https:\/\/www.indigoverona.com\/it\/wp-json\/wp\/v2\/pages\/127\/revisions"}],"up":[{"embeddable":true,"href":"https:\/\/www.indigoverona.com\/it\/wp-json\/wp\/v2\/pages\/109"}],"wp:attachment":[{"href":"https:\/\/www.indigoverona.com\/it\/wp-json\/wp\/v2\/media?parent=127"}],"curies":[{"name":"wp","href":"https:\/\/api.w.org\/{rel}","templated":true}]}}