{"id":1881,"date":"2023-05-25T09:50:06","date_gmt":"2023-05-25T09:50:06","guid":{"rendered":"https:\/\/www.indigoverona.com\/hotel-indigo-verona-grand-hotel-des-arts-landing-page\/"},"modified":"2023-07-26T14:25:06","modified_gmt":"2023-07-26T14:25:06","slug":"hotel-indigo-verona-grand-hotel-des-arts-pmax","status":"publish","type":"page","link":"https:\/\/www.indigoverona.com\/it\/hotel-indigo-verona-grand-hotel-des-arts-pmax\/","title":{"rendered":"Hotel Indigo Verona &#8211; Grand Hotel Des Arts"},"content":{"rendered":"<p><span style=\"font-weight: 400\"><strong>Boutique hotel<\/strong> di carattere e decisamente affascinante, <strong>a pochi passi da Porta Nuova, Piazza Bra e dall\u2019 Arena<\/strong>, Hotel Indigo Verona \u00e8 la soluzione perfetta per il viaggiatore alla ricerca di una location in posizione privilegiata che non lo costringa a compromessi in fatto di qualit\u00e0 dei servizi, stile e comodit\u00e0.<\/span><\/p>\n<p><span style=\"font-weight: 400\">62 camere nelle tipologie <strong>Standard, Premium e Suite<\/strong>, ambienti d\u2019ispirazione \u201clirica\u201d, dal design raffinato e inconfondibile,<strong> 3 sale meeting modulabili<\/strong> per grandi e piccoli eventi, l\u2019<strong>Arya Bar &amp; Mixology<\/strong> con le sue intriganti proposte, l\u2019accuratezza del servizio e la nostra accoglienza: questi gli ingredienti che renderanno indimenticabile l\u2019esperienza all\u2019 Hotel Indigo Verona \u2013 Grand Hotel des Arts.<\/span><\/p>\n<p>&nbsp;<\/p>\n","protected":false},"excerpt":{"rendered":"<p>Boutique hotel di carattere e decisamente affascinante, a pochi passi da Porta Nuova, Piazza Bra e dall\u2019 Arena, Hotel Indigo Verona \u00e8 la soluzione perfetta per il viaggiatore alla ricerca di una location in posizione privilegiata che non lo costringa a compromessi in fatto di qualit\u00e0 dei servizi, stile e comodit\u00e0. 62 camere nelle tipologie [&hellip;]<\/p>\n","protected":false},"author":72,"featured_media":0,"parent":0,"menu_order":0,"comment_status":"closed","ping_status":"closed","template":"template-landing_page.php","meta":{"footnotes":""},"class_list":["post-1881","page","type-page","status-publish","hentry"],"yoast_head":"<!-- This site is optimized with the Yoast SEO plugin v26.9 - https:\/\/yoast.com\/product\/yoast-seo-wordpress\/ -->\n<title>Hotel Indigo Verona - Grand Hotel Des Arts | Benvenuti a Verona!<\/title>\n<meta name=\"description\" content=\"Boutique hotel a pochi passi da Porta Nuova, Piazza Bra e dall\u2019 Arena, Hotel Indigo Verona \u00e8 la soluzione perfetta per qualit\u00e0 dei servizi, stile e comodit\u00e0.\" \/>\n<meta name=\"robots\" content=\"noindex, follow\" \/>\n<meta property=\"og:locale\" content=\"it_IT\" \/>\n<meta property=\"og:type\" content=\"article\" \/>\n<meta property=\"og:title\" content=\"Hotel Indigo Verona - Grand Hotel Des Arts | Benvenuti a Verona!\" \/>\n<meta property=\"og:description\" content=\"Boutique hotel a pochi passi da Porta Nuova, Piazza Bra e dall\u2019 Arena, Hotel Indigo Verona \u00e8 la soluzione perfetta per qualit\u00e0 dei servizi, stile e comodit\u00e0.\" \/>\n<meta property=\"og:url\" content=\"https:\/\/www.indigoverona.com\/it\/hotel-indigo-verona-grand-hotel-des-arts-pmax\/\" \/>\n<meta property=\"og:site_name\" content=\"Hotel Indigo Verona - Grand Hotel Des Arts\" \/>\n<meta property=\"article:modified_time\" content=\"2023-07-26T14:25:06+00:00\" \/>\n<meta name=\"twitter:card\" content=\"summary_large_image\" \/>\n<meta name=\"twitter:label1\" content=\"Tempo di lettura stimato\" \/>\n\t<meta name=\"twitter:data1\" content=\"1 minuto\" \/>\n<script type=\"application\/ld+json\" class=\"yoast-schema-graph\">{\"@context\":\"https:\/\/schema.org\",\"@graph\":[{\"@type\":\"WebPage\",\"@id\":\"https:\/\/www.indigoverona.com\/it\/hotel-indigo-verona-grand-hotel-des-arts-pmax\/\",\"url\":\"https:\/\/www.indigoverona.com\/it\/hotel-indigo-verona-grand-hotel-des-arts-pmax\/\",\"name\":\"Hotel Indigo Verona - Grand Hotel Des Arts | Benvenuti a Verona!\",\"isPartOf\":{\"@id\":\"https:\/\/www.indigoverona.com\/it\/#website\"},\"datePublished\":\"2023-05-25T09:50:06+00:00\",\"dateModified\":\"2023-07-26T14:25:06+00:00\",\"description\":\"Boutique hotel a pochi passi da Porta Nuova, Piazza Bra e dall\u2019 Arena, Hotel Indigo Verona \u00e8 la soluzione perfetta per qualit\u00e0 dei servizi, stile e comodit\u00e0.\",\"breadcrumb\":{\"@id\":\"https:\/\/www.indigoverona.com\/it\/hotel-indigo-verona-grand-hotel-des-arts-pmax\/#breadcrumb\"},\"inLanguage\":\"it-IT\",\"potentialAction\":[{\"@type\":\"ReadAction\",\"target\":[\"https:\/\/www.indigoverona.com\/it\/hotel-indigo-verona-grand-hotel-des-arts-pmax\/\"]}]},{\"@type\":\"BreadcrumbList\",\"@id\":\"https:\/\/www.indigoverona.com\/it\/hotel-indigo-verona-grand-hotel-des-arts-pmax\/#breadcrumb\",\"itemListElement\":[{\"@type\":\"ListItem\",\"position\":1,\"name\":\"Home\",\"item\":\"https:\/\/www.indigoverona.com\/it\/\"},{\"@type\":\"ListItem\",\"position\":2,\"name\":\"Hotel Indigo Verona &#8211; Grand Hotel Des Arts\"}]},{\"@type\":\"WebSite\",\"@id\":\"https:\/\/www.indigoverona.com\/it\/#website\",\"url\":\"https:\/\/www.indigoverona.com\/it\/\",\"name\":\"Hotel Indigo Verona - Grand Hotel Des Arts\",\"description\":\"Just another ms.decms.eu site\",\"potentialAction\":[{\"@type\":\"SearchAction\",\"target\":{\"@type\":\"EntryPoint\",\"urlTemplate\":\"https:\/\/www.indigoverona.com\/it\/?s={search_term_string}\"},\"query-input\":{\"@type\":\"PropertyValueSpecification\",\"valueRequired\":true,\"valueName\":\"search_term_string\"}}],\"inLanguage\":\"it-IT\"}]}<\/script>\n<!-- \/ Yoast SEO plugin. -->","yoast_head_json":{"title":"Hotel Indigo Verona - Grand Hotel Des Arts | Benvenuti a Verona!","description":"Boutique hotel a pochi passi da Porta Nuova, Piazza Bra e dall\u2019 Arena, Hotel Indigo Verona \u00e8 la soluzione perfetta per qualit\u00e0 dei servizi, stile e comodit\u00e0.","robots":{"index":"noindex","follow":"follow"},"og_locale":"it_IT","og_type":"article","og_title":"Hotel Indigo Verona - Grand Hotel Des Arts | Benvenuti a Verona!","og_description":"Boutique hotel a pochi passi da Porta Nuova, Piazza Bra e dall\u2019 Arena, Hotel Indigo Verona \u00e8 la soluzione perfetta per qualit\u00e0 dei servizi, stile e comodit\u00e0.","og_url":"https:\/\/www.indigoverona.com\/it\/hotel-indigo-verona-grand-hotel-des-arts-pmax\/","og_site_name":"Hotel Indigo Verona - Grand Hotel Des Arts","article_modified_time":"2023-07-26T14:25:06+00:00","twitter_card":"summary_large_image","twitter_misc":{"Tempo di lettura stimato":"1 minuto"},"schema":{"@context":"https:\/\/schema.org","@graph":[{"@type":"WebPage","@id":"https:\/\/www.indigoverona.com\/it\/hotel-indigo-verona-grand-hotel-des-arts-pmax\/","url":"https:\/\/www.indigoverona.com\/it\/hotel-indigo-verona-grand-hotel-des-arts-pmax\/","name":"Hotel Indigo Verona - Grand Hotel Des Arts | Benvenuti a Verona!","isPartOf":{"@id":"https:\/\/www.indigoverona.com\/it\/#website"},"datePublished":"2023-05-25T09:50:06+00:00","dateModified":"2023-07-26T14:25:06+00:00","description":"Boutique hotel a pochi passi da Porta Nuova, Piazza Bra e dall\u2019 Arena, Hotel Indigo Verona \u00e8 la soluzione perfetta per qualit\u00e0 dei servizi, stile e comodit\u00e0.","breadcrumb":{"@id":"https:\/\/www.indigoverona.com\/it\/hotel-indigo-verona-grand-hotel-des-arts-pmax\/#breadcrumb"},"inLanguage":"it-IT","potentialAction":[{"@type":"ReadAction","target":["https:\/\/www.indigoverona.com\/it\/hotel-indigo-verona-grand-hotel-des-arts-pmax\/"]}]},{"@type":"BreadcrumbList","@id":"https:\/\/www.indigoverona.com\/it\/hotel-indigo-verona-grand-hotel-des-arts-pmax\/#breadcrumb","itemListElement":[{"@type":"ListItem","position":1,"name":"Home","item":"https:\/\/www.indigoverona.com\/it\/"},{"@type":"ListItem","position":2,"name":"Hotel Indigo Verona &#8211; Grand Hotel Des Arts"}]},{"@type":"WebSite","@id":"https:\/\/www.indigoverona.com\/it\/#website","url":"https:\/\/www.indigoverona.com\/it\/","name":"Hotel Indigo Verona - Grand Hotel Des Arts","description":"Just another ms.decms.eu site","potentialAction":[{"@type":"SearchAction","target":{"@type":"EntryPoint","urlTemplate":"https:\/\/www.indigoverona.com\/it\/?s={search_term_string}"},"query-input":{"@type":"PropertyValueSpecification","valueRequired":true,"valueName":"search_term_string"}}],"inLanguage":"it-IT"}]}},"acf":[],"_links":{"self":[{"href":"https:\/\/www.indigoverona.com\/it\/wp-json\/wp\/v2\/pages\/1881","targetHints":{"allow":["GET"]}}],"collection":[{"href":"https:\/\/www.indigoverona.com\/it\/wp-json\/wp\/v2\/pages"}],"about":[{"href":"https:\/\/www.indigoverona.com\/it\/wp-json\/wp\/v2\/types\/page"}],"author":[{"embeddable":true,"href":"https:\/\/www.indigoverona.com\/it\/wp-json\/wp\/v2\/users\/72"}],"replies":[{"embeddable":true,"href":"https:\/\/www.indigoverona.com\/it\/wp-json\/wp\/v2\/comments?post=1881"}],"version-history":[{"count":0,"href":"https:\/\/www.indigoverona.com\/it\/wp-json\/wp\/v2\/pages\/1881\/revisions"}],"wp:attachment":[{"href":"https:\/\/www.indigoverona.com\/it\/wp-json\/wp\/v2\/media?parent=1881"}],"curies":[{"name":"wp","href":"https:\/\/api.w.org\/{rel}","templated":true}]}}