{"id":196,"date":"2020-05-14T13:30:40","date_gmt":"2020-05-14T13:30:40","guid":{"rendered":"http:\/\/des-art-indigo-verona.ms.decms.eu\/arya-bar-mixology\/"},"modified":"2025-07-11T10:15:15","modified_gmt":"2025-07-11T10:15:15","slug":"arya-bar-mixology","status":"publish","type":"page","link":"https:\/\/www.indigoverona.com\/it\/arya-bar-mixology\/","title":{"rendered":"Arya Bar &amp; Mixology"},"content":{"rendered":"<h3>Gustosi cocktail, raffinati vini e sfiziosi piatti bistrot: questo e molto pi\u00f9 \u00e8 l&#8217;Arya Bar &amp; Mixology<\/h3>\n<p>&nbsp;<\/p>\n<p><strong>Aperto tutti i giorni dalle 7.00 alle 23.00<\/strong>, l&#8217;Arya Bar &amp; Mixology sorprender\u00e0 gli ospiti di Hotel Indigo Verona con una selezione di <strong>snack, caff\u00e8 e t\u00e9 e una carta di degustazione vini, cocktail e aperitivi<\/strong> studiati per stuzzicare i sensi come e pi\u00f9 di una sinfonia ben orchestrata. Dopo una giornata trascorsa ad esplorare Verona, lasciati tentare dai piatti della <a href=\"https:\/\/foodboard.it\/arya-bar\/menu-bistrot-arya-bar\/?language=it\" target=\"_blank\" rel=\"noopener\"><strong>nostra gustosa selezione di Cucina Bistrot<\/strong><\/a>.<\/p>\n<p><strong>Design e concept ispirati alle appassionanti atmosfere liriche dell\u2019Opera<\/strong> e alla travolgente storia d\u2019amore di \u201cRomeo e Giulietta\u201d e attenzione per i dettagli rendono il nostro bar un luogo perfetto dove cercare rifugio e ristoro dallo stress quotidiano.<\/p>\n<p><em><strong>Arya Bar &amp; Mixology \u00e8 aperto per gli ospiti dell&#8217;hotel<\/strong><\/em><\/p>\n","protected":false},"excerpt":{"rendered":"<p>Gustosi cocktail, raffinati vini e sfiziosi piatti bistrot: questo e molto pi\u00f9 \u00e8 l&#8217;Arya Bar &amp; Mixology &nbsp; Aperto tutti i giorni dalle 7.00 alle 23.00, l&#8217;Arya Bar &amp; Mixology sorprender\u00e0 gli ospiti di Hotel Indigo Verona con una selezione di snack, caff\u00e8 e t\u00e9 e una carta di degustazione vini, cocktail e aperitivi studiati [&hellip;]<\/p>\n","protected":false},"author":7,"featured_media":0,"parent":0,"menu_order":3,"comment_status":"closed","ping_status":"closed","template":"","meta":{"footnotes":""},"class_list":["post-196","page","type-page","status-publish","hentry"],"yoast_head":"<!-- This site is optimized with the Yoast SEO plugin v26.9 - https:\/\/yoast.com\/product\/yoast-seo-wordpress\/ -->\n<title>Arya Bar &amp; Mixology | Hotel Indigo Verona - Grand Hotel Des Arts 4 Stelle<\/title>\n<meta name=\"description\" content=\"Scopri le sfiziose proposte dell&#039;Arya, il bar interno dell&#039;Hotel Indigo Verona. Una location ricercata per scoprire la tradizione culinaria veronese.\" \/>\n<meta name=\"robots\" content=\"index, follow, max-snippet:-1, max-image-preview:large, max-video-preview:-1\" \/>\n<link rel=\"canonical\" href=\"https:\/\/www.indigoverona.com\/it\/arya-bar-mixology\/\" \/>\n<meta property=\"og:locale\" content=\"it_IT\" \/>\n<meta property=\"og:type\" content=\"article\" \/>\n<meta property=\"og:title\" content=\"Arya Bar &amp; Mixology | Hotel Indigo Verona - Grand Hotel Des Arts 4 Stelle\" \/>\n<meta property=\"og:description\" content=\"Scopri le sfiziose proposte dell&#039;Arya, il bar interno dell&#039;Hotel Indigo Verona. Una location ricercata per scoprire la tradizione culinaria veronese.\" \/>\n<meta property=\"og:url\" content=\"https:\/\/www.indigoverona.com\/it\/arya-bar-mixology\/\" \/>\n<meta property=\"og:site_name\" content=\"Hotel Indigo Verona - Grand Hotel Des Arts\" \/>\n<meta property=\"article:modified_time\" content=\"2025-07-11T10:15:15+00:00\" \/>\n<meta name=\"twitter:card\" content=\"summary_large_image\" \/>\n<meta name=\"twitter:label1\" content=\"Tempo di lettura stimato\" \/>\n\t<meta name=\"twitter:data1\" content=\"1 minuto\" \/>\n<script type=\"application\/ld+json\" class=\"yoast-schema-graph\">{\"@context\":\"https:\/\/schema.org\",\"@graph\":[{\"@type\":\"WebPage\",\"@id\":\"https:\/\/www.indigoverona.com\/it\/arya-bar-mixology\/\",\"url\":\"https:\/\/www.indigoverona.com\/it\/arya-bar-mixology\/\",\"name\":\"Arya Bar & Mixology | Hotel Indigo Verona - Grand Hotel Des Arts 4 Stelle\",\"isPartOf\":{\"@id\":\"https:\/\/www.indigoverona.com\/it\/#website\"},\"datePublished\":\"2020-05-14T13:30:40+00:00\",\"dateModified\":\"2025-07-11T10:15:15+00:00\",\"description\":\"Scopri le sfiziose proposte dell'Arya, il bar interno dell'Hotel Indigo Verona. Una location ricercata per scoprire la tradizione culinaria veronese.\",\"breadcrumb\":{\"@id\":\"https:\/\/www.indigoverona.com\/it\/arya-bar-mixology\/#breadcrumb\"},\"inLanguage\":\"it-IT\",\"potentialAction\":[{\"@type\":\"ReadAction\",\"target\":[\"https:\/\/www.indigoverona.com\/it\/arya-bar-mixology\/\"]}]},{\"@type\":\"BreadcrumbList\",\"@id\":\"https:\/\/www.indigoverona.com\/it\/arya-bar-mixology\/#breadcrumb\",\"itemListElement\":[{\"@type\":\"ListItem\",\"position\":1,\"name\":\"Home\",\"item\":\"https:\/\/www.indigoverona.com\/it\/\"},{\"@type\":\"ListItem\",\"position\":2,\"name\":\"Arya Bar &amp; Mixology\"}]},{\"@type\":\"WebSite\",\"@id\":\"https:\/\/www.indigoverona.com\/it\/#website\",\"url\":\"https:\/\/www.indigoverona.com\/it\/\",\"name\":\"Hotel Indigo Verona - Grand Hotel Des Arts\",\"description\":\"Just another ms.decms.eu site\",\"potentialAction\":[{\"@type\":\"SearchAction\",\"target\":{\"@type\":\"EntryPoint\",\"urlTemplate\":\"https:\/\/www.indigoverona.com\/it\/?s={search_term_string}\"},\"query-input\":{\"@type\":\"PropertyValueSpecification\",\"valueRequired\":true,\"valueName\":\"search_term_string\"}}],\"inLanguage\":\"it-IT\"}]}<\/script>\n<!-- \/ Yoast SEO plugin. -->","yoast_head_json":{"title":"Arya Bar & Mixology | Hotel Indigo Verona - Grand Hotel Des Arts 4 Stelle","description":"Scopri le sfiziose proposte dell'Arya, il bar interno dell'Hotel Indigo Verona. Una location ricercata per scoprire la tradizione culinaria veronese.","robots":{"index":"index","follow":"follow","max-snippet":"max-snippet:-1","max-image-preview":"max-image-preview:large","max-video-preview":"max-video-preview:-1"},"canonical":"https:\/\/www.indigoverona.com\/it\/arya-bar-mixology\/","og_locale":"it_IT","og_type":"article","og_title":"Arya Bar & Mixology | Hotel Indigo Verona - Grand Hotel Des Arts 4 Stelle","og_description":"Scopri le sfiziose proposte dell'Arya, il bar interno dell'Hotel Indigo Verona. Una location ricercata per scoprire la tradizione culinaria veronese.","og_url":"https:\/\/www.indigoverona.com\/it\/arya-bar-mixology\/","og_site_name":"Hotel Indigo Verona - Grand Hotel Des Arts","article_modified_time":"2025-07-11T10:15:15+00:00","twitter_card":"summary_large_image","twitter_misc":{"Tempo di lettura stimato":"1 minuto"},"schema":{"@context":"https:\/\/schema.org","@graph":[{"@type":"WebPage","@id":"https:\/\/www.indigoverona.com\/it\/arya-bar-mixology\/","url":"https:\/\/www.indigoverona.com\/it\/arya-bar-mixology\/","name":"Arya Bar & Mixology | Hotel Indigo Verona - Grand Hotel Des Arts 4 Stelle","isPartOf":{"@id":"https:\/\/www.indigoverona.com\/it\/#website"},"datePublished":"2020-05-14T13:30:40+00:00","dateModified":"2025-07-11T10:15:15+00:00","description":"Scopri le sfiziose proposte dell'Arya, il bar interno dell'Hotel Indigo Verona. Una location ricercata per scoprire la tradizione culinaria veronese.","breadcrumb":{"@id":"https:\/\/www.indigoverona.com\/it\/arya-bar-mixology\/#breadcrumb"},"inLanguage":"it-IT","potentialAction":[{"@type":"ReadAction","target":["https:\/\/www.indigoverona.com\/it\/arya-bar-mixology\/"]}]},{"@type":"BreadcrumbList","@id":"https:\/\/www.indigoverona.com\/it\/arya-bar-mixology\/#breadcrumb","itemListElement":[{"@type":"ListItem","position":1,"name":"Home","item":"https:\/\/www.indigoverona.com\/it\/"},{"@type":"ListItem","position":2,"name":"Arya Bar &amp; Mixology"}]},{"@type":"WebSite","@id":"https:\/\/www.indigoverona.com\/it\/#website","url":"https:\/\/www.indigoverona.com\/it\/","name":"Hotel Indigo Verona - Grand Hotel Des Arts","description":"Just another ms.decms.eu site","potentialAction":[{"@type":"SearchAction","target":{"@type":"EntryPoint","urlTemplate":"https:\/\/www.indigoverona.com\/it\/?s={search_term_string}"},"query-input":{"@type":"PropertyValueSpecification","valueRequired":true,"valueName":"search_term_string"}}],"inLanguage":"it-IT"}]}},"acf":[],"_links":{"self":[{"href":"https:\/\/www.indigoverona.com\/it\/wp-json\/wp\/v2\/pages\/196","targetHints":{"allow":["GET"]}}],"collection":[{"href":"https:\/\/www.indigoverona.com\/it\/wp-json\/wp\/v2\/pages"}],"about":[{"href":"https:\/\/www.indigoverona.com\/it\/wp-json\/wp\/v2\/types\/page"}],"author":[{"embeddable":true,"href":"https:\/\/www.indigoverona.com\/it\/wp-json\/wp\/v2\/users\/7"}],"replies":[{"embeddable":true,"href":"https:\/\/www.indigoverona.com\/it\/wp-json\/wp\/v2\/comments?post=196"}],"version-history":[{"count":0,"href":"https:\/\/www.indigoverona.com\/it\/wp-json\/wp\/v2\/pages\/196\/revisions"}],"wp:attachment":[{"href":"https:\/\/www.indigoverona.com\/it\/wp-json\/wp\/v2\/media?parent=196"}],"curies":[{"name":"wp","href":"https:\/\/api.w.org\/{rel}","templated":true}]}}