{"id":209,"date":"2020-05-14T14:45:02","date_gmt":"2020-05-14T14:45:02","guid":{"rendered":"http:\/\/des-art-indigo-verona.ms.decms.eu\/dove-siamo\/how-to-reach-us\/"},"modified":"2024-05-07T08:44:46","modified_gmt":"2024-05-07T08:44:46","slug":"come-raggiungerci","status":"publish","type":"page","link":"https:\/\/www.indigoverona.com\/it\/dove-siamo\/come-raggiungerci\/","title":{"rendered":"Come raggiungerci"},"content":{"rendered":"<p>Scegliete la modalit\u00e0 che preferite, ma state tranquilli: comunque decidiate di raggiungerci, non avrete difficolt\u00e0.<\/p>\n<p>Tenete presente, per\u00f2, che Verona \u00e8 una citt\u00e0 molto pi\u00f9 semplice da <strong>girare a piedi, o in bicicletta<\/strong>, che con l\u2019automobile. Il centro citt\u00e0, infatti, pur conservando un\u2019alta accessibilit\u00e0, \u00e8 <strong>chiuso al traffico a motore<\/strong>, proprio per preservarne la bellezza e la vivibilit\u00e0.<\/p>\n<p>Conviene quindi parcheggiare nelle vicinanze e godersi una sana passeggiata a piedi (che oltretutto, fa bene alla salute!).<\/p>\n","protected":false},"excerpt":{"rendered":"<p>Scegliete la modalit\u00e0 che preferite, ma state tranquilli: comunque decidiate di raggiungerci, non avrete difficolt\u00e0. Tenete presente, per\u00f2, che Verona \u00e8 una citt\u00e0 molto pi\u00f9 semplice da girare a piedi, o in bicicletta, che con l\u2019automobile. Il centro citt\u00e0, infatti, pur conservando un\u2019alta accessibilit\u00e0, \u00e8 chiuso al traffico a motore, proprio per preservarne la bellezza [&hellip;]<\/p>\n","protected":false},"author":7,"featured_media":0,"parent":202,"menu_order":0,"comment_status":"closed","ping_status":"closed","template":"","meta":{"footnotes":""},"class_list":["post-209","page","type-page","status-publish","hentry"],"yoast_head":"<!-- This site is optimized with the Yoast SEO plugin v26.9 - https:\/\/yoast.com\/product\/yoast-seo-wordpress\/ -->\n<title>Come raggiungerci | Hotel Indigo Verona<\/title>\n<meta name=\"description\" content=\"Il boutique Hotel Indigo Verona si trova nei pressi dell&#039;arena, affacciato a Corso Porta Nuova a pochi passi dalla Stazione.\" \/>\n<meta name=\"robots\" content=\"index, follow, max-snippet:-1, max-image-preview:large, max-video-preview:-1\" \/>\n<link rel=\"canonical\" href=\"https:\/\/www.indigoverona.com\/it\/dove-siamo\/come-raggiungerci\/\" \/>\n<meta property=\"og:locale\" content=\"it_IT\" \/>\n<meta property=\"og:type\" content=\"article\" \/>\n<meta property=\"og:title\" content=\"Come raggiungerci | Hotel Indigo Verona\" \/>\n<meta property=\"og:description\" content=\"Il boutique Hotel Indigo Verona si trova nei pressi dell&#039;arena, affacciato a Corso Porta Nuova a pochi passi dalla Stazione.\" \/>\n<meta property=\"og:url\" content=\"https:\/\/www.indigoverona.com\/it\/dove-siamo\/come-raggiungerci\/\" \/>\n<meta property=\"og:site_name\" content=\"Hotel Indigo Verona - Grand Hotel Des Arts\" \/>\n<meta property=\"article:modified_time\" content=\"2024-05-07T08:44:46+00:00\" \/>\n<meta name=\"twitter:card\" content=\"summary_large_image\" \/>\n<meta name=\"twitter:label1\" content=\"Tempo di lettura stimato\" \/>\n\t<meta name=\"twitter:data1\" content=\"1 minuto\" \/>\n<script type=\"application\/ld+json\" class=\"yoast-schema-graph\">{\"@context\":\"https:\/\/schema.org\",\"@graph\":[{\"@type\":\"WebPage\",\"@id\":\"https:\/\/www.indigoverona.com\/it\/dove-siamo\/come-raggiungerci\/\",\"url\":\"https:\/\/www.indigoverona.com\/it\/dove-siamo\/come-raggiungerci\/\",\"name\":\"Come raggiungerci | Hotel Indigo Verona\",\"isPartOf\":{\"@id\":\"https:\/\/www.indigoverona.com\/it\/#website\"},\"datePublished\":\"2020-05-14T14:45:02+00:00\",\"dateModified\":\"2024-05-07T08:44:46+00:00\",\"description\":\"Il boutique Hotel Indigo Verona si trova nei pressi dell'arena, affacciato a Corso Porta Nuova a pochi passi dalla Stazione.\",\"breadcrumb\":{\"@id\":\"https:\/\/www.indigoverona.com\/it\/dove-siamo\/come-raggiungerci\/#breadcrumb\"},\"inLanguage\":\"it-IT\",\"potentialAction\":[{\"@type\":\"ReadAction\",\"target\":[\"https:\/\/www.indigoverona.com\/it\/dove-siamo\/come-raggiungerci\/\"]}]},{\"@type\":\"BreadcrumbList\",\"@id\":\"https:\/\/www.indigoverona.com\/it\/dove-siamo\/come-raggiungerci\/#breadcrumb\",\"itemListElement\":[{\"@type\":\"ListItem\",\"position\":1,\"name\":\"Home\",\"item\":\"https:\/\/www.indigoverona.com\/it\/\"},{\"@type\":\"ListItem\",\"position\":2,\"name\":\"Dove siamo\",\"item\":\"https:\/\/www.indigoverona.com\/it\/dove-siamo\/\"},{\"@type\":\"ListItem\",\"position\":3,\"name\":\"Come raggiungerci\"}]},{\"@type\":\"WebSite\",\"@id\":\"https:\/\/www.indigoverona.com\/it\/#website\",\"url\":\"https:\/\/www.indigoverona.com\/it\/\",\"name\":\"Hotel Indigo Verona - Grand Hotel Des Arts\",\"description\":\"Just another ms.decms.eu site\",\"potentialAction\":[{\"@type\":\"SearchAction\",\"target\":{\"@type\":\"EntryPoint\",\"urlTemplate\":\"https:\/\/www.indigoverona.com\/it\/?s={search_term_string}\"},\"query-input\":{\"@type\":\"PropertyValueSpecification\",\"valueRequired\":true,\"valueName\":\"search_term_string\"}}],\"inLanguage\":\"it-IT\"}]}<\/script>\n<!-- \/ Yoast SEO plugin. -->","yoast_head_json":{"title":"Come raggiungerci | Hotel Indigo Verona","description":"Il boutique Hotel Indigo Verona si trova nei pressi dell'arena, affacciato a Corso Porta Nuova a pochi passi dalla Stazione.","robots":{"index":"index","follow":"follow","max-snippet":"max-snippet:-1","max-image-preview":"max-image-preview:large","max-video-preview":"max-video-preview:-1"},"canonical":"https:\/\/www.indigoverona.com\/it\/dove-siamo\/come-raggiungerci\/","og_locale":"it_IT","og_type":"article","og_title":"Come raggiungerci | Hotel Indigo Verona","og_description":"Il boutique Hotel Indigo Verona si trova nei pressi dell'arena, affacciato a Corso Porta Nuova a pochi passi dalla Stazione.","og_url":"https:\/\/www.indigoverona.com\/it\/dove-siamo\/come-raggiungerci\/","og_site_name":"Hotel Indigo Verona - Grand Hotel Des Arts","article_modified_time":"2024-05-07T08:44:46+00:00","twitter_card":"summary_large_image","twitter_misc":{"Tempo di lettura stimato":"1 minuto"},"schema":{"@context":"https:\/\/schema.org","@graph":[{"@type":"WebPage","@id":"https:\/\/www.indigoverona.com\/it\/dove-siamo\/come-raggiungerci\/","url":"https:\/\/www.indigoverona.com\/it\/dove-siamo\/come-raggiungerci\/","name":"Come raggiungerci | Hotel Indigo Verona","isPartOf":{"@id":"https:\/\/www.indigoverona.com\/it\/#website"},"datePublished":"2020-05-14T14:45:02+00:00","dateModified":"2024-05-07T08:44:46+00:00","description":"Il boutique Hotel Indigo Verona si trova nei pressi dell'arena, affacciato a Corso Porta Nuova a pochi passi dalla Stazione.","breadcrumb":{"@id":"https:\/\/www.indigoverona.com\/it\/dove-siamo\/come-raggiungerci\/#breadcrumb"},"inLanguage":"it-IT","potentialAction":[{"@type":"ReadAction","target":["https:\/\/www.indigoverona.com\/it\/dove-siamo\/come-raggiungerci\/"]}]},{"@type":"BreadcrumbList","@id":"https:\/\/www.indigoverona.com\/it\/dove-siamo\/come-raggiungerci\/#breadcrumb","itemListElement":[{"@type":"ListItem","position":1,"name":"Home","item":"https:\/\/www.indigoverona.com\/it\/"},{"@type":"ListItem","position":2,"name":"Dove siamo","item":"https:\/\/www.indigoverona.com\/it\/dove-siamo\/"},{"@type":"ListItem","position":3,"name":"Come raggiungerci"}]},{"@type":"WebSite","@id":"https:\/\/www.indigoverona.com\/it\/#website","url":"https:\/\/www.indigoverona.com\/it\/","name":"Hotel Indigo Verona - Grand Hotel Des Arts","description":"Just another ms.decms.eu site","potentialAction":[{"@type":"SearchAction","target":{"@type":"EntryPoint","urlTemplate":"https:\/\/www.indigoverona.com\/it\/?s={search_term_string}"},"query-input":{"@type":"PropertyValueSpecification","valueRequired":true,"valueName":"search_term_string"}}],"inLanguage":"it-IT"}]}},"acf":[],"_links":{"self":[{"href":"https:\/\/www.indigoverona.com\/it\/wp-json\/wp\/v2\/pages\/209","targetHints":{"allow":["GET"]}}],"collection":[{"href":"https:\/\/www.indigoverona.com\/it\/wp-json\/wp\/v2\/pages"}],"about":[{"href":"https:\/\/www.indigoverona.com\/it\/wp-json\/wp\/v2\/types\/page"}],"author":[{"embeddable":true,"href":"https:\/\/www.indigoverona.com\/it\/wp-json\/wp\/v2\/users\/7"}],"replies":[{"embeddable":true,"href":"https:\/\/www.indigoverona.com\/it\/wp-json\/wp\/v2\/comments?post=209"}],"version-history":[{"count":0,"href":"https:\/\/www.indigoverona.com\/it\/wp-json\/wp\/v2\/pages\/209\/revisions"}],"up":[{"embeddable":true,"href":"https:\/\/www.indigoverona.com\/it\/wp-json\/wp\/v2\/pages\/202"}],"wp:attachment":[{"href":"https:\/\/www.indigoverona.com\/it\/wp-json\/wp\/v2\/media?parent=209"}],"curies":[{"name":"wp","href":"https:\/\/api.w.org\/{rel}","templated":true}]}}