{"id":249,"date":"2020-05-15T14:55:50","date_gmt":"2020-05-15T14:55:50","guid":{"rendered":"http:\/\/des-art-indigo-verona.ms.decms.eu\/verona\/cosa-vedere\/romeo-juliet\/"},"modified":"2021-01-11T13:27:58","modified_gmt":"2021-01-11T13:27:58","slug":"romeo-e-giulietta","status":"publish","type":"page","link":"https:\/\/www.indigoverona.com\/it\/verona\/cosa-vedere\/romeo-e-giulietta\/","title":{"rendered":"Romeo e Giulietta"},"content":{"rendered":"<p>Non si pu\u00f2 visitare Verona senza recarsi in pellegrinaggio nei luoghi dove l\u2019immaginario vuole essersi svolte le vicende della omonima tragedia shakespeariana: alla <strong>Casa di Romeo<\/strong> o a quella di <strong>Giulietta<\/strong>, oppure ancora alla <strong>tomba di Giulietta<\/strong> (che non ne contiene le spoglie mortali, ma non per questo esercita meno fascino sui visitatori di ogni et\u00e0 e nazionalit\u00e0).<\/p>\n<p><strong>Casa di Romeo<\/strong> si trova in pieno centro, nelle vicinanze delle <strong>Arche Scaligere<\/strong> (monumento funerario gotico anch\u2019esso particolarmente apprezzato dai turisti), ed \u00e8 un\u2019affascinante palazzina medievale con tanto di merlature e dettagli gotici che, purtroppo, potrete ammirare solo dall\u2019esterno. Poich\u00e9 di propriet\u00e0 privata, infatti, non \u00e8 possibile visitare gli interni.<\/p>\n","protected":false},"excerpt":{"rendered":"<p>Non si pu\u00f2 visitare Verona senza recarsi in pellegrinaggio nei luoghi dove l\u2019immaginario vuole essersi svolte le vicende della omonima tragedia shakespeariana: alla Casa di Romeo o a quella di Giulietta, oppure ancora alla tomba di Giulietta (che non ne contiene le spoglie mortali, ma non per questo esercita meno fascino sui visitatori di ogni [&hellip;]<\/p>\n","protected":false},"author":7,"featured_media":0,"parent":245,"menu_order":1,"comment_status":"closed","ping_status":"closed","template":"template-venice-theme.php","meta":{"footnotes":""},"class_list":["post-249","page","type-page","status-publish","hentry"],"yoast_head":"<!-- This site is optimized with the Yoast SEO plugin v26.9 - https:\/\/yoast.com\/product\/yoast-seo-wordpress\/ -->\n<title>Romeo e Giulietta | Hotel Indigo Verona<\/title>\n<meta name=\"description\" content=\"Il balcone di Romeo e Giulietta \u00e8 posizionato nel cuore della citt\u00e0, vicino a Piazza delle Erbe e Piazza Bra. Scopri con noi tutti i suoi segreti.\" \/>\n<meta name=\"robots\" content=\"index, follow, max-snippet:-1, max-image-preview:large, max-video-preview:-1\" \/>\n<link rel=\"canonical\" href=\"https:\/\/www.indigoverona.com\/it\/verona\/cosa-vedere\/romeo-e-giulietta\/\" \/>\n<meta property=\"og:locale\" content=\"it_IT\" \/>\n<meta property=\"og:type\" content=\"article\" \/>\n<meta property=\"og:title\" content=\"Romeo e Giulietta | Hotel Indigo Verona\" \/>\n<meta property=\"og:description\" content=\"Il balcone di Romeo e Giulietta \u00e8 posizionato nel cuore della citt\u00e0, vicino a Piazza delle Erbe e Piazza Bra. Scopri con noi tutti i suoi segreti.\" \/>\n<meta property=\"og:url\" content=\"https:\/\/www.indigoverona.com\/it\/verona\/cosa-vedere\/romeo-e-giulietta\/\" \/>\n<meta property=\"og:site_name\" content=\"Hotel Indigo Verona - Grand Hotel Des Arts\" \/>\n<meta property=\"article:modified_time\" content=\"2021-01-11T13:27:58+00:00\" \/>\n<meta name=\"twitter:card\" content=\"summary_large_image\" \/>\n<meta name=\"twitter:label1\" content=\"Tempo di lettura stimato\" \/>\n\t<meta name=\"twitter:data1\" content=\"1 minuto\" \/>\n<script type=\"application\/ld+json\" class=\"yoast-schema-graph\">{\"@context\":\"https:\/\/schema.org\",\"@graph\":[{\"@type\":\"WebPage\",\"@id\":\"https:\/\/www.indigoverona.com\/it\/verona\/cosa-vedere\/romeo-e-giulietta\/\",\"url\":\"https:\/\/www.indigoverona.com\/it\/verona\/cosa-vedere\/romeo-e-giulietta\/\",\"name\":\"Romeo e Giulietta | Hotel Indigo Verona\",\"isPartOf\":{\"@id\":\"https:\/\/www.indigoverona.com\/it\/#website\"},\"datePublished\":\"2020-05-15T14:55:50+00:00\",\"dateModified\":\"2021-01-11T13:27:58+00:00\",\"description\":\"Il balcone di Romeo e Giulietta \u00e8 posizionato nel cuore della citt\u00e0, vicino a Piazza delle Erbe e Piazza Bra. Scopri con noi tutti i suoi segreti.\",\"breadcrumb\":{\"@id\":\"https:\/\/www.indigoverona.com\/it\/verona\/cosa-vedere\/romeo-e-giulietta\/#breadcrumb\"},\"inLanguage\":\"it-IT\",\"potentialAction\":[{\"@type\":\"ReadAction\",\"target\":[\"https:\/\/www.indigoverona.com\/it\/verona\/cosa-vedere\/romeo-e-giulietta\/\"]}]},{\"@type\":\"BreadcrumbList\",\"@id\":\"https:\/\/www.indigoverona.com\/it\/verona\/cosa-vedere\/romeo-e-giulietta\/#breadcrumb\",\"itemListElement\":[{\"@type\":\"ListItem\",\"position\":1,\"name\":\"Home\",\"item\":\"https:\/\/www.indigoverona.com\/it\/\"},{\"@type\":\"ListItem\",\"position\":2,\"name\":\"Verona\",\"item\":\"https:\/\/www.indigoverona.com\/it\/verona\/\"},{\"@type\":\"ListItem\",\"position\":3,\"name\":\"Cosa vedere\",\"item\":\"https:\/\/www.indigoverona.com\/it\/verona\/cosa-vedere\/\"},{\"@type\":\"ListItem\",\"position\":4,\"name\":\"Romeo e Giulietta\"}]},{\"@type\":\"WebSite\",\"@id\":\"https:\/\/www.indigoverona.com\/it\/#website\",\"url\":\"https:\/\/www.indigoverona.com\/it\/\",\"name\":\"Hotel Indigo Verona - Grand Hotel Des Arts\",\"description\":\"Just another ms.decms.eu site\",\"potentialAction\":[{\"@type\":\"SearchAction\",\"target\":{\"@type\":\"EntryPoint\",\"urlTemplate\":\"https:\/\/www.indigoverona.com\/it\/?s={search_term_string}\"},\"query-input\":{\"@type\":\"PropertyValueSpecification\",\"valueRequired\":true,\"valueName\":\"search_term_string\"}}],\"inLanguage\":\"it-IT\"}]}<\/script>\n<!-- \/ Yoast SEO plugin. -->","yoast_head_json":{"title":"Romeo e Giulietta | Hotel Indigo Verona","description":"Il balcone di Romeo e Giulietta \u00e8 posizionato nel cuore della citt\u00e0, vicino a Piazza delle Erbe e Piazza Bra. Scopri con noi tutti i suoi segreti.","robots":{"index":"index","follow":"follow","max-snippet":"max-snippet:-1","max-image-preview":"max-image-preview:large","max-video-preview":"max-video-preview:-1"},"canonical":"https:\/\/www.indigoverona.com\/it\/verona\/cosa-vedere\/romeo-e-giulietta\/","og_locale":"it_IT","og_type":"article","og_title":"Romeo e Giulietta | Hotel Indigo Verona","og_description":"Il balcone di Romeo e Giulietta \u00e8 posizionato nel cuore della citt\u00e0, vicino a Piazza delle Erbe e Piazza Bra. Scopri con noi tutti i suoi segreti.","og_url":"https:\/\/www.indigoverona.com\/it\/verona\/cosa-vedere\/romeo-e-giulietta\/","og_site_name":"Hotel Indigo Verona - Grand Hotel Des Arts","article_modified_time":"2021-01-11T13:27:58+00:00","twitter_card":"summary_large_image","twitter_misc":{"Tempo di lettura stimato":"1 minuto"},"schema":{"@context":"https:\/\/schema.org","@graph":[{"@type":"WebPage","@id":"https:\/\/www.indigoverona.com\/it\/verona\/cosa-vedere\/romeo-e-giulietta\/","url":"https:\/\/www.indigoverona.com\/it\/verona\/cosa-vedere\/romeo-e-giulietta\/","name":"Romeo e Giulietta | Hotel Indigo Verona","isPartOf":{"@id":"https:\/\/www.indigoverona.com\/it\/#website"},"datePublished":"2020-05-15T14:55:50+00:00","dateModified":"2021-01-11T13:27:58+00:00","description":"Il balcone di Romeo e Giulietta \u00e8 posizionato nel cuore della citt\u00e0, vicino a Piazza delle Erbe e Piazza Bra. Scopri con noi tutti i suoi segreti.","breadcrumb":{"@id":"https:\/\/www.indigoverona.com\/it\/verona\/cosa-vedere\/romeo-e-giulietta\/#breadcrumb"},"inLanguage":"it-IT","potentialAction":[{"@type":"ReadAction","target":["https:\/\/www.indigoverona.com\/it\/verona\/cosa-vedere\/romeo-e-giulietta\/"]}]},{"@type":"BreadcrumbList","@id":"https:\/\/www.indigoverona.com\/it\/verona\/cosa-vedere\/romeo-e-giulietta\/#breadcrumb","itemListElement":[{"@type":"ListItem","position":1,"name":"Home","item":"https:\/\/www.indigoverona.com\/it\/"},{"@type":"ListItem","position":2,"name":"Verona","item":"https:\/\/www.indigoverona.com\/it\/verona\/"},{"@type":"ListItem","position":3,"name":"Cosa vedere","item":"https:\/\/www.indigoverona.com\/it\/verona\/cosa-vedere\/"},{"@type":"ListItem","position":4,"name":"Romeo e Giulietta"}]},{"@type":"WebSite","@id":"https:\/\/www.indigoverona.com\/it\/#website","url":"https:\/\/www.indigoverona.com\/it\/","name":"Hotel Indigo Verona - Grand Hotel Des Arts","description":"Just another ms.decms.eu site","potentialAction":[{"@type":"SearchAction","target":{"@type":"EntryPoint","urlTemplate":"https:\/\/www.indigoverona.com\/it\/?s={search_term_string}"},"query-input":{"@type":"PropertyValueSpecification","valueRequired":true,"valueName":"search_term_string"}}],"inLanguage":"it-IT"}]}},"acf":[],"_links":{"self":[{"href":"https:\/\/www.indigoverona.com\/it\/wp-json\/wp\/v2\/pages\/249","targetHints":{"allow":["GET"]}}],"collection":[{"href":"https:\/\/www.indigoverona.com\/it\/wp-json\/wp\/v2\/pages"}],"about":[{"href":"https:\/\/www.indigoverona.com\/it\/wp-json\/wp\/v2\/types\/page"}],"author":[{"embeddable":true,"href":"https:\/\/www.indigoverona.com\/it\/wp-json\/wp\/v2\/users\/7"}],"replies":[{"embeddable":true,"href":"https:\/\/www.indigoverona.com\/it\/wp-json\/wp\/v2\/comments?post=249"}],"version-history":[{"count":0,"href":"https:\/\/www.indigoverona.com\/it\/wp-json\/wp\/v2\/pages\/249\/revisions"}],"up":[{"embeddable":true,"href":"https:\/\/www.indigoverona.com\/it\/wp-json\/wp\/v2\/pages\/245"}],"wp:attachment":[{"href":"https:\/\/www.indigoverona.com\/it\/wp-json\/wp\/v2\/media?parent=249"}],"curies":[{"name":"wp","href":"https:\/\/api.w.org\/{rel}","templated":true}]}}