{"id":287,"date":"2020-05-19T12:04:43","date_gmt":"2020-05-19T12:04:43","guid":{"rendered":"http:\/\/des-art-indigo-verona.ms.decms.eu\/verona\/cosa-vedere\/around-verona\/"},"modified":"2024-02-23T17:19:17","modified_gmt":"2024-02-23T17:19:17","slug":"nei-dintorni-di-verona","status":"publish","type":"page","link":"https:\/\/www.indigoverona.com\/it\/verona\/cosa-vedere\/nei-dintorni-di-verona\/","title":{"rendered":"Nei dintorni di Verona"},"content":{"rendered":"<p>Tutto ci\u00f2 che serve per rendere <strong>il vostro soggiorno a Verona indimenticabile<\/strong> \u00e8 gi\u00e0 a portata di mano, ma se volete espandere i vostri orizzonti, nei dintorni della citt\u00e0 troverete delle vere e proprie perle.<\/p>\n<p>Il <strong>Lago di Garda<\/strong>, con i suoi scorci suggestivi e i parchi tematici adatti a intrattenere tutta la famiglia, ma anche i graziosi paesini e i borghi medievali pi\u00f9 affascinanti che potrete mai visitare, come <strong>Lazise, Malcesine, Torri del Benaco, Valeggio sul Mincio<u>,<\/u><\/strong> sono meta irrinunciabile per i visitatori alla ricerca di emozioni e atmosfere uniche&#8230;<\/p>\n","protected":false},"excerpt":{"rendered":"<p>Tutto ci\u00f2 che serve per rendere il vostro soggiorno a Verona indimenticabile \u00e8 gi\u00e0 a portata di mano, ma se volete espandere i vostri orizzonti, nei dintorni della citt\u00e0 troverete delle vere e proprie perle. Il Lago di Garda, con i suoi scorci suggestivi e i parchi tematici adatti a intrattenere tutta la famiglia, ma [&hellip;]<\/p>\n","protected":false},"author":7,"featured_media":0,"parent":245,"menu_order":8,"comment_status":"closed","ping_status":"closed","template":"template-venice-theme.php","meta":{"footnotes":""},"class_list":["post-287","page","type-page","status-publish","hentry"],"yoast_head":"<!-- This site is optimized with the Yoast SEO plugin v26.9 - https:\/\/yoast.com\/product\/yoast-seo-wordpress\/ -->\n<title>Nei dintorni di Verona | Hotel Indigo Verona<\/title>\n<meta name=\"description\" content=\"La posizione strategica di Verona permette di raggiungere fantastici posti in poco tempo. Scopri cosa vedere nei dintorni di Verona!\" \/>\n<meta name=\"robots\" content=\"index, follow, max-snippet:-1, max-image-preview:large, max-video-preview:-1\" \/>\n<link rel=\"canonical\" href=\"https:\/\/www.indigoverona.com\/it\/verona\/cosa-vedere\/nei-dintorni-di-verona\/\" \/>\n<meta property=\"og:locale\" content=\"it_IT\" \/>\n<meta property=\"og:type\" content=\"article\" \/>\n<meta property=\"og:title\" content=\"Nei dintorni di Verona | Hotel Indigo Verona\" \/>\n<meta property=\"og:description\" content=\"La posizione strategica di Verona permette di raggiungere fantastici posti in poco tempo. Scopri cosa vedere nei dintorni di Verona!\" \/>\n<meta property=\"og:url\" content=\"https:\/\/www.indigoverona.com\/it\/verona\/cosa-vedere\/nei-dintorni-di-verona\/\" \/>\n<meta property=\"og:site_name\" content=\"Hotel Indigo Verona - Grand Hotel Des Arts\" \/>\n<meta property=\"article:modified_time\" content=\"2024-02-23T17:19:17+00:00\" \/>\n<meta name=\"twitter:card\" content=\"summary_large_image\" \/>\n<script type=\"application\/ld+json\" class=\"yoast-schema-graph\">{\"@context\":\"https:\/\/schema.org\",\"@graph\":[{\"@type\":\"WebPage\",\"@id\":\"https:\/\/www.indigoverona.com\/it\/verona\/cosa-vedere\/nei-dintorni-di-verona\/\",\"url\":\"https:\/\/www.indigoverona.com\/it\/verona\/cosa-vedere\/nei-dintorni-di-verona\/\",\"name\":\"Nei dintorni di Verona | Hotel Indigo Verona\",\"isPartOf\":{\"@id\":\"https:\/\/www.indigoverona.com\/it\/#website\"},\"datePublished\":\"2020-05-19T12:04:43+00:00\",\"dateModified\":\"2024-02-23T17:19:17+00:00\",\"description\":\"La posizione strategica di Verona permette di raggiungere fantastici posti in poco tempo. Scopri cosa vedere nei dintorni di Verona!\",\"breadcrumb\":{\"@id\":\"https:\/\/www.indigoverona.com\/it\/verona\/cosa-vedere\/nei-dintorni-di-verona\/#breadcrumb\"},\"inLanguage\":\"it-IT\",\"potentialAction\":[{\"@type\":\"ReadAction\",\"target\":[\"https:\/\/www.indigoverona.com\/it\/verona\/cosa-vedere\/nei-dintorni-di-verona\/\"]}]},{\"@type\":\"BreadcrumbList\",\"@id\":\"https:\/\/www.indigoverona.com\/it\/verona\/cosa-vedere\/nei-dintorni-di-verona\/#breadcrumb\",\"itemListElement\":[{\"@type\":\"ListItem\",\"position\":1,\"name\":\"Home\",\"item\":\"https:\/\/www.indigoverona.com\/it\/\"},{\"@type\":\"ListItem\",\"position\":2,\"name\":\"Verona\",\"item\":\"https:\/\/www.indigoverona.com\/it\/verona\/\"},{\"@type\":\"ListItem\",\"position\":3,\"name\":\"Cosa vedere\",\"item\":\"https:\/\/www.indigoverona.com\/it\/verona\/cosa-vedere\/\"},{\"@type\":\"ListItem\",\"position\":4,\"name\":\"Nei dintorni di Verona\"}]},{\"@type\":\"WebSite\",\"@id\":\"https:\/\/www.indigoverona.com\/it\/#website\",\"url\":\"https:\/\/www.indigoverona.com\/it\/\",\"name\":\"Hotel Indigo Verona - Grand Hotel Des Arts\",\"description\":\"Just another ms.decms.eu site\",\"potentialAction\":[{\"@type\":\"SearchAction\",\"target\":{\"@type\":\"EntryPoint\",\"urlTemplate\":\"https:\/\/www.indigoverona.com\/it\/?s={search_term_string}\"},\"query-input\":{\"@type\":\"PropertyValueSpecification\",\"valueRequired\":true,\"valueName\":\"search_term_string\"}}],\"inLanguage\":\"it-IT\"}]}<\/script>\n<!-- \/ Yoast SEO plugin. -->","yoast_head_json":{"title":"Nei dintorni di Verona | Hotel Indigo Verona","description":"La posizione strategica di Verona permette di raggiungere fantastici posti in poco tempo. Scopri cosa vedere nei dintorni di Verona!","robots":{"index":"index","follow":"follow","max-snippet":"max-snippet:-1","max-image-preview":"max-image-preview:large","max-video-preview":"max-video-preview:-1"},"canonical":"https:\/\/www.indigoverona.com\/it\/verona\/cosa-vedere\/nei-dintorni-di-verona\/","og_locale":"it_IT","og_type":"article","og_title":"Nei dintorni di Verona | Hotel Indigo Verona","og_description":"La posizione strategica di Verona permette di raggiungere fantastici posti in poco tempo. Scopri cosa vedere nei dintorni di Verona!","og_url":"https:\/\/www.indigoverona.com\/it\/verona\/cosa-vedere\/nei-dintorni-di-verona\/","og_site_name":"Hotel Indigo Verona - Grand Hotel Des Arts","article_modified_time":"2024-02-23T17:19:17+00:00","twitter_card":"summary_large_image","schema":{"@context":"https:\/\/schema.org","@graph":[{"@type":"WebPage","@id":"https:\/\/www.indigoverona.com\/it\/verona\/cosa-vedere\/nei-dintorni-di-verona\/","url":"https:\/\/www.indigoverona.com\/it\/verona\/cosa-vedere\/nei-dintorni-di-verona\/","name":"Nei dintorni di Verona | Hotel Indigo Verona","isPartOf":{"@id":"https:\/\/www.indigoverona.com\/it\/#website"},"datePublished":"2020-05-19T12:04:43+00:00","dateModified":"2024-02-23T17:19:17+00:00","description":"La posizione strategica di Verona permette di raggiungere fantastici posti in poco tempo. Scopri cosa vedere nei dintorni di Verona!","breadcrumb":{"@id":"https:\/\/www.indigoverona.com\/it\/verona\/cosa-vedere\/nei-dintorni-di-verona\/#breadcrumb"},"inLanguage":"it-IT","potentialAction":[{"@type":"ReadAction","target":["https:\/\/www.indigoverona.com\/it\/verona\/cosa-vedere\/nei-dintorni-di-verona\/"]}]},{"@type":"BreadcrumbList","@id":"https:\/\/www.indigoverona.com\/it\/verona\/cosa-vedere\/nei-dintorni-di-verona\/#breadcrumb","itemListElement":[{"@type":"ListItem","position":1,"name":"Home","item":"https:\/\/www.indigoverona.com\/it\/"},{"@type":"ListItem","position":2,"name":"Verona","item":"https:\/\/www.indigoverona.com\/it\/verona\/"},{"@type":"ListItem","position":3,"name":"Cosa vedere","item":"https:\/\/www.indigoverona.com\/it\/verona\/cosa-vedere\/"},{"@type":"ListItem","position":4,"name":"Nei dintorni di Verona"}]},{"@type":"WebSite","@id":"https:\/\/www.indigoverona.com\/it\/#website","url":"https:\/\/www.indigoverona.com\/it\/","name":"Hotel Indigo Verona - Grand Hotel Des Arts","description":"Just another ms.decms.eu site","potentialAction":[{"@type":"SearchAction","target":{"@type":"EntryPoint","urlTemplate":"https:\/\/www.indigoverona.com\/it\/?s={search_term_string}"},"query-input":{"@type":"PropertyValueSpecification","valueRequired":true,"valueName":"search_term_string"}}],"inLanguage":"it-IT"}]}},"acf":[],"_links":{"self":[{"href":"https:\/\/www.indigoverona.com\/it\/wp-json\/wp\/v2\/pages\/287","targetHints":{"allow":["GET"]}}],"collection":[{"href":"https:\/\/www.indigoverona.com\/it\/wp-json\/wp\/v2\/pages"}],"about":[{"href":"https:\/\/www.indigoverona.com\/it\/wp-json\/wp\/v2\/types\/page"}],"author":[{"embeddable":true,"href":"https:\/\/www.indigoverona.com\/it\/wp-json\/wp\/v2\/users\/7"}],"replies":[{"embeddable":true,"href":"https:\/\/www.indigoverona.com\/it\/wp-json\/wp\/v2\/comments?post=287"}],"version-history":[{"count":0,"href":"https:\/\/www.indigoverona.com\/it\/wp-json\/wp\/v2\/pages\/287\/revisions"}],"up":[{"embeddable":true,"href":"https:\/\/www.indigoverona.com\/it\/wp-json\/wp\/v2\/pages\/245"}],"wp:attachment":[{"href":"https:\/\/www.indigoverona.com\/it\/wp-json\/wp\/v2\/media?parent=287"}],"curies":[{"name":"wp","href":"https:\/\/api.w.org\/{rel}","templated":true}]}}