{"id":327,"date":"2020-05-20T08:49:27","date_gmt":"2020-05-20T08:49:27","guid":{"rendered":"http:\/\/des-art-indigo-verona.ms.decms.eu\/verona\/events-in-verona\/"},"modified":"2022-04-05T16:16:57","modified_gmt":"2022-04-05T16:16:57","slug":"eventi-a-verona","status":"publish","type":"page","link":"https:\/\/www.indigoverona.com\/it\/verona\/eventi-a-verona\/","title":{"rendered":"Eventi a Verona"},"content":{"rendered":"<p><strong>Verona, citt\u00e0 dell\u2019Amore<\/strong>, <strong>di monumenti e musei, di arte e cultura<\/strong>&#8230; ma non solo.<\/p>\n<p>Verona \u00e8 soprattutto <strong>una citt\u00e0 ricca di eventi<\/strong> che la animano tutto l\u2019anno. Dal Carnevale, gemello del pi\u00f9 celebre veneziano e non meno affascinante, alle stagioni concertistica, operistica, teatrale e lirica che vivacizzano l\u2019estate, esibendosi su palchi d\u2019eccezione come <a title=\"L'Arena e Piazza Bra - Hotel Indigo Verona\" href=\"https:\/\/www.indigoverona.com\/it\/verona\/cosa-vedere\/arena-piazza-bra\/\"><strong><u>l\u2019Arena<\/u><\/strong><\/a>, il <strong>Teatro Romano<\/strong> e il <strong>Teatro Filarmonico<\/strong>; dai <strong>festival internazionali <\/strong>alle pi\u00f9 famose <strong>fiere di settore<\/strong>&#8230; insomma: Verona sapr\u00e0 venire incontro anche ai visitatori dai gusti pi\u00f9 eclettici e complessi.<\/p>\n<p><strong>Il nostro staff<\/strong>\u00a0vi aiuter\u00e0 a scoprire le tante opportunit\u00e0 che la citt\u00e0 offre durante l\u2019anno per sfruttare al meglio il vostro soggiorno.<\/p>\n","protected":false},"excerpt":{"rendered":"<p>Verona, citt\u00e0 dell\u2019Amore, di monumenti e musei, di arte e cultura&#8230; ma non solo. Verona \u00e8 soprattutto una citt\u00e0 ricca di eventi che la animano tutto l\u2019anno. Dal Carnevale, gemello del pi\u00f9 celebre veneziano e non meno affascinante, alle stagioni concertistica, operistica, teatrale e lirica che vivacizzano l\u2019estate, esibendosi su palchi d\u2019eccezione come l\u2019Arena, il [&hellip;]<\/p>\n","protected":false},"author":7,"featured_media":0,"parent":243,"menu_order":2,"comment_status":"closed","ping_status":"closed","template":"template-venice-theme.php","meta":{"footnotes":""},"class_list":["post-327","page","type-page","status-publish","hentry"],"yoast_head":"<!-- This site is optimized with the Yoast SEO plugin v26.9 - https:\/\/yoast.com\/product\/yoast-seo-wordpress\/ -->\n<title>Gli Eventi di Verona | Hotel Indigo Verona<\/title>\n<meta name=\"description\" content=\"Arte, mostre, concerti, spettacoli: scopri con noi tutti gli immancabili appuntamenti che prendono vita nella magica citt\u00e0 dell&#039;amore.\" \/>\n<meta name=\"robots\" content=\"index, follow, max-snippet:-1, max-image-preview:large, max-video-preview:-1\" \/>\n<link rel=\"canonical\" href=\"https:\/\/www.indigoverona.com\/it\/verona\/eventi-a-verona\/\" \/>\n<meta property=\"og:locale\" content=\"it_IT\" \/>\n<meta property=\"og:type\" content=\"article\" \/>\n<meta property=\"og:title\" content=\"Gli Eventi di Verona | Hotel Indigo Verona\" \/>\n<meta property=\"og:description\" content=\"Arte, mostre, concerti, spettacoli: scopri con noi tutti gli immancabili appuntamenti che prendono vita nella magica citt\u00e0 dell&#039;amore.\" \/>\n<meta property=\"og:url\" content=\"https:\/\/www.indigoverona.com\/it\/verona\/eventi-a-verona\/\" \/>\n<meta property=\"og:site_name\" content=\"Hotel Indigo Verona - Grand Hotel Des Arts\" \/>\n<meta property=\"article:modified_time\" content=\"2022-04-05T16:16:57+00:00\" \/>\n<meta name=\"twitter:card\" content=\"summary_large_image\" \/>\n<meta name=\"twitter:label1\" content=\"Tempo di lettura stimato\" \/>\n\t<meta name=\"twitter:data1\" content=\"1 minuto\" \/>\n<script type=\"application\/ld+json\" class=\"yoast-schema-graph\">{\"@context\":\"https:\/\/schema.org\",\"@graph\":[{\"@type\":\"WebPage\",\"@id\":\"https:\/\/www.indigoverona.com\/it\/verona\/eventi-a-verona\/\",\"url\":\"https:\/\/www.indigoverona.com\/it\/verona\/eventi-a-verona\/\",\"name\":\"Gli Eventi di Verona | Hotel Indigo Verona\",\"isPartOf\":{\"@id\":\"https:\/\/www.indigoverona.com\/it\/#website\"},\"datePublished\":\"2020-05-20T08:49:27+00:00\",\"dateModified\":\"2022-04-05T16:16:57+00:00\",\"description\":\"Arte, mostre, concerti, spettacoli: scopri con noi tutti gli immancabili appuntamenti che prendono vita nella magica citt\u00e0 dell'amore.\",\"breadcrumb\":{\"@id\":\"https:\/\/www.indigoverona.com\/it\/verona\/eventi-a-verona\/#breadcrumb\"},\"inLanguage\":\"it-IT\",\"potentialAction\":[{\"@type\":\"ReadAction\",\"target\":[\"https:\/\/www.indigoverona.com\/it\/verona\/eventi-a-verona\/\"]}]},{\"@type\":\"BreadcrumbList\",\"@id\":\"https:\/\/www.indigoverona.com\/it\/verona\/eventi-a-verona\/#breadcrumb\",\"itemListElement\":[{\"@type\":\"ListItem\",\"position\":1,\"name\":\"Home\",\"item\":\"https:\/\/www.indigoverona.com\/it\/\"},{\"@type\":\"ListItem\",\"position\":2,\"name\":\"Verona\",\"item\":\"https:\/\/www.indigoverona.com\/it\/verona\/\"},{\"@type\":\"ListItem\",\"position\":3,\"name\":\"Eventi a Verona\"}]},{\"@type\":\"WebSite\",\"@id\":\"https:\/\/www.indigoverona.com\/it\/#website\",\"url\":\"https:\/\/www.indigoverona.com\/it\/\",\"name\":\"Hotel Indigo Verona - Grand Hotel Des Arts\",\"description\":\"Just another ms.decms.eu site\",\"potentialAction\":[{\"@type\":\"SearchAction\",\"target\":{\"@type\":\"EntryPoint\",\"urlTemplate\":\"https:\/\/www.indigoverona.com\/it\/?s={search_term_string}\"},\"query-input\":{\"@type\":\"PropertyValueSpecification\",\"valueRequired\":true,\"valueName\":\"search_term_string\"}}],\"inLanguage\":\"it-IT\"}]}<\/script>\n<!-- \/ Yoast SEO plugin. -->","yoast_head_json":{"title":"Gli Eventi di Verona | Hotel Indigo Verona","description":"Arte, mostre, concerti, spettacoli: scopri con noi tutti gli immancabili appuntamenti che prendono vita nella magica citt\u00e0 dell'amore.","robots":{"index":"index","follow":"follow","max-snippet":"max-snippet:-1","max-image-preview":"max-image-preview:large","max-video-preview":"max-video-preview:-1"},"canonical":"https:\/\/www.indigoverona.com\/it\/verona\/eventi-a-verona\/","og_locale":"it_IT","og_type":"article","og_title":"Gli Eventi di Verona | Hotel Indigo Verona","og_description":"Arte, mostre, concerti, spettacoli: scopri con noi tutti gli immancabili appuntamenti che prendono vita nella magica citt\u00e0 dell'amore.","og_url":"https:\/\/www.indigoverona.com\/it\/verona\/eventi-a-verona\/","og_site_name":"Hotel Indigo Verona - Grand Hotel Des Arts","article_modified_time":"2022-04-05T16:16:57+00:00","twitter_card":"summary_large_image","twitter_misc":{"Tempo di lettura stimato":"1 minuto"},"schema":{"@context":"https:\/\/schema.org","@graph":[{"@type":"WebPage","@id":"https:\/\/www.indigoverona.com\/it\/verona\/eventi-a-verona\/","url":"https:\/\/www.indigoverona.com\/it\/verona\/eventi-a-verona\/","name":"Gli Eventi di Verona | Hotel Indigo Verona","isPartOf":{"@id":"https:\/\/www.indigoverona.com\/it\/#website"},"datePublished":"2020-05-20T08:49:27+00:00","dateModified":"2022-04-05T16:16:57+00:00","description":"Arte, mostre, concerti, spettacoli: scopri con noi tutti gli immancabili appuntamenti che prendono vita nella magica citt\u00e0 dell'amore.","breadcrumb":{"@id":"https:\/\/www.indigoverona.com\/it\/verona\/eventi-a-verona\/#breadcrumb"},"inLanguage":"it-IT","potentialAction":[{"@type":"ReadAction","target":["https:\/\/www.indigoverona.com\/it\/verona\/eventi-a-verona\/"]}]},{"@type":"BreadcrumbList","@id":"https:\/\/www.indigoverona.com\/it\/verona\/eventi-a-verona\/#breadcrumb","itemListElement":[{"@type":"ListItem","position":1,"name":"Home","item":"https:\/\/www.indigoverona.com\/it\/"},{"@type":"ListItem","position":2,"name":"Verona","item":"https:\/\/www.indigoverona.com\/it\/verona\/"},{"@type":"ListItem","position":3,"name":"Eventi a Verona"}]},{"@type":"WebSite","@id":"https:\/\/www.indigoverona.com\/it\/#website","url":"https:\/\/www.indigoverona.com\/it\/","name":"Hotel Indigo Verona - Grand Hotel Des Arts","description":"Just another ms.decms.eu site","potentialAction":[{"@type":"SearchAction","target":{"@type":"EntryPoint","urlTemplate":"https:\/\/www.indigoverona.com\/it\/?s={search_term_string}"},"query-input":{"@type":"PropertyValueSpecification","valueRequired":true,"valueName":"search_term_string"}}],"inLanguage":"it-IT"}]}},"acf":[],"_links":{"self":[{"href":"https:\/\/www.indigoverona.com\/it\/wp-json\/wp\/v2\/pages\/327","targetHints":{"allow":["GET"]}}],"collection":[{"href":"https:\/\/www.indigoverona.com\/it\/wp-json\/wp\/v2\/pages"}],"about":[{"href":"https:\/\/www.indigoverona.com\/it\/wp-json\/wp\/v2\/types\/page"}],"author":[{"embeddable":true,"href":"https:\/\/www.indigoverona.com\/it\/wp-json\/wp\/v2\/users\/7"}],"replies":[{"embeddable":true,"href":"https:\/\/www.indigoverona.com\/it\/wp-json\/wp\/v2\/comments?post=327"}],"version-history":[{"count":0,"href":"https:\/\/www.indigoverona.com\/it\/wp-json\/wp\/v2\/pages\/327\/revisions"}],"up":[{"embeddable":true,"href":"https:\/\/www.indigoverona.com\/it\/wp-json\/wp\/v2\/pages\/243"}],"wp:attachment":[{"href":"https:\/\/www.indigoverona.com\/it\/wp-json\/wp\/v2\/media?parent=327"}],"curies":[{"name":"wp","href":"https:\/\/api.w.org\/{rel}","templated":true}]}}